{"id":4703,"date":"2020-08-31T09:34:22","date_gmt":"2020-08-31T09:34:22","guid":{"rendered":"https:\/\/food-shop.org\/?product=schwarzwald-metzgerei-original-schwarzwaelder-schinken-mit-einmalig-rauchigen-leicht-salzigen-geschmack-von-hand-gewuerzt-1000g-am-stueck"},"modified":"2023-04-05T16:23:09","modified_gmt":"2023-04-05T16:23:09","slug":"schwarzwald-metzgerei-original-schwarzwaelder-schinken-mit-einmalig-rauchigen-leicht-salzigen-geschmack-von-hand-gewuerzt-1000g-am-stueck","status":"publish","type":"product","link":"https:\/\/food-shop.org\/?product=schwarzwald-metzgerei-original-schwarzwaelder-schinken-mit-einmalig-rauchigen-leicht-salzigen-geschmack-von-hand-gewuerzt-1000g-am-stueck","title":{"rendered":"Schwarzwald Metzgerei \u2013 Schwarzw\u00e4lder Schinken am St\u00fcck mit herzhaft rauchigem Aroma \u2013 R\u00e4ucherschinken nach\u2026"},"content":{"rendered":"<div class=\"disclaim\">Gr\u00f6\u00dfe:<strong>1 kg<\/strong>&nbsp;|&nbsp;Stil:<strong>Am St\u00fcck<\/strong><\/div>\n<p><!-- show up to 2 reviews by default --><\/p>\n<h3>Produktbeschreibungen<\/h3>\n<p><b>Schwarzwald Metzgerei &#8211; Schwarzwaldschinken<\/b><\/p>\n<p> <i>Probieren Sie diese weltbekannte K\u00f6stlichkeit: Schwarzw\u00e4lder Schinken. Von Hand gesalzen und<br \/> im Schwarzw\u00e4lder Kinzigtal gereift. Der Schwarzwaldschinken hat einen besonderen, einmalig rauchigen,<br \/> leicht salzigen Geschmack. Eine echte Schwarzw\u00e4lder Delikatesse, ihn d\u00fcnn aufgeschnitten auf dem Brot oder<br \/> als Vesperscheibe zu genie\u00dfen.<\/i><\/p>\n<\/p>\n<li>in Vacuum verpackt<\/li>\n<li>gek\u00fchlt lagern bei 5 Grad Celsius<\/li>\n<li>min. 60 Tage haltbar<\/li>\n<li>von Hand gesalzen, mehrere Wochen gereift<\/li>\n<li>Zutaten: Schweinefleisch, Kochsalz, Gew\u00fcrze, Zucker, Dextrose, Konservierungsstoff (Natriumnitrit),<br \/> Antioxidationsmittel (Isoascorbins\u00e4ure), Natrium-ascorbat, Tannenrauch<\/li>\n<li>N\u00e4hrwerte f\u00fcr 100g: Energie: 243kcal, Fett: 15g, davon ges. Fetts\u00e4uren: 6,4g, Eiweis: 26g, Kohlenhydrate: 1g,<br \/> davon Zucker: 0,2g, Salz: 5,5g<\/li>\n<h3>Inhaltsstoffe \/ Zutaten<\/h3>\n<p>Schweinefleisch, Kochsalz, Gew\u00fcrze, Zucker, Dextrose, Konservierungsstoff (Natriumnitrit),<br \/> Antioxidationsmittel (Isoascorbins\u00e4ure), Natrium-ascorbat, Tannenrauch<\/p>\n<p>Original Schwarzw\u00e4lder Schinken mit einmalig rauchigen, leicht salzigen Geschmack<br \/>\nVeredelt mit speziell ausgesuchten Gew\u00fcrzen, von Hand gesalzen, mehrere Wochen gereift<br \/>\nNach traditioneller, von Generationen verfeinerter und weitergegebener Rezeptur hergestellt<br \/>\nin Vacuum verpackt &#8211; gek\u00fchlt lagern bei 5 Grad Celsius &#8211; min. 60 Tage haltbar<br \/>\nHervorragend geeignet f\u00fcr eine ganz typische herzhafte Jause, Brotzeit oder Vesper<br \/>\n<div class=\"main-cross-sell\" data-asin=\"B00CWYNUM2\">\n\n\t<div class=\"WooZone-cross-sell-loader\">\n\t\t<div>\n\t\t\t<div id=\"floatingBarsG\">\n\t\t\t\t<div class=\"blockG\" id=\"rotateG_01\"><\/div>\n\t\t\t\t<div class=\"blockG\" id=\"rotateG_02\"><\/div>\n\t\t\t\t<div class=\"blockG\" id=\"rotateG_03\"><\/div>\n\t\t\t\t<div class=\"blockG\" id=\"rotateG_04\"><\/div>\n\t\t\t\t<div class=\"blockG\" id=\"rotateG_05\"><\/div>\n\t\t\t\t<div class=\"blockG\" id=\"rotateG_06\"><\/div>\n\t\t\t\t<div class=\"blockG\" id=\"rotateG_07\"><\/div>\n\t\t\t\t<div class=\"blockG\" id=\"rotateG_08\"><\/div>\n\t\t\t<\/div>\n\t\t\t<div class=\"WooZone-cross-sell-loader-text\"><\/div>\n\t\t<\/div>\n\t<\/div>\n\n\t\t\n<\/div>\n<div style=\"clear:both;\"><\/div>\n","protected":false},"excerpt":{"rendered":"Original Schwarzw\u00e4lder Schinken mit einmalig rauchigen, leicht salzigen Geschmack\nVeredelt mit speziell ausgesuchten Gew\u00fcrzen, von Hand gesalzen, mehrere Wochen gereift\nNach traditioneller, von Generationen verfeinerter und weitergegebener Rezeptur hergestellt","protected":false},"featured_media":4704,"comment_status":"open","ping_status":"closed","template":"","meta":[],"product_cat":[64,54],"product_tag":[],"_links":{"self":[{"href":"https:\/\/food-shop.org\/index.php?rest_route=\/wp\/v2\/product\/4703"}],"collection":[{"href":"https:\/\/food-shop.org\/index.php?rest_route=\/wp\/v2\/product"}],"about":[{"href":"https:\/\/food-shop.org\/index.php?rest_route=\/wp\/v2\/types\/product"}],"replies":[{"embeddable":true,"href":"https:\/\/food-shop.org\/index.php?rest_route=%2Fwp%2Fv2%2Fcomments&post=4703"}],"wp:featuredmedia":[{"embeddable":true,"href":"https:\/\/food-shop.org\/index.php?rest_route=\/wp\/v2\/media\/4704"}],"wp:attachment":[{"href":"https:\/\/food-shop.org\/index.php?rest_route=%2Fwp%2Fv2%2Fmedia&parent=4703"}],"wp:term":[{"taxonomy":"product_cat","embeddable":true,"href":"https:\/\/food-shop.org\/index.php?rest_route=%2Fwp%2Fv2%2Fproduct_cat&post=4703"},{"taxonomy":"product_tag","embeddable":true,"href":"https:\/\/food-shop.org\/index.php?rest_route=%2Fwp%2Fv2%2Fproduct_tag&post=4703"}],"curies":[{"name":"wp","href":"https:\/\/api.w.org\/{rel}","templated":true}]}}