{"id":4687,"date":"2020-08-31T09:34:04","date_gmt":"2020-08-31T09:34:04","guid":{"rendered":"https:\/\/food-shop.org\/?product=argentinische-rinderhueftsteaks-5-stueck-1000-g"},"modified":"2023-04-05T16:23:09","modified_gmt":"2023-04-05T16:23:09","slug":"argentinische-rinderhueftsteaks-5-stueck-1000-g","status":"publish","type":"product","link":"https:\/\/food-shop.org\/?product=argentinische-rinderhueftsteaks-5-stueck-1000-g","title":{"rendered":"Argentinische Rinderh\u00fcftsteaks, 5 St\u00fcck 1000 g"},"content":{"rendered":"<div class=\"disclaim\">Gr\u00f6\u00dfe:<strong>1000g<\/strong><\/div>\n<p><!-- show up to 2 reviews by default --><\/p>\n<h3>Produktbeschreibungen<\/h3>\n<p>Die argentinische Steakh\u00fcfte ist das feinste St\u00fcck der Keule. Die Black Angus Rinderrasse ist aufgrund ihrer Feingliedrigkeit der ideale Steaklieferant. Wir von MeinMetzger verwenden ausschlie\u00dflich nur das Kernst\u00fcck der H\u00fcfte. Es ist absolut fettfrei. Argentinisches Fleisch von MeinMetzger ist absolute Spitzenqualit\u00e4t. &#8222;Argentine Beef&#8220; hat seinen Ursprung auf den endlosen Weidegr\u00fcnden der argentinischen Pampa. In dieser nat\u00fcrlichen Umgebung mit klarem Wasser, reiner Luft und saftigem Gras wachsen die Black Angus Rinder nat\u00fcrlich auf. Diese Bedingungen sind die Grundlage f\u00fcr den au\u00dfergew\u00f6hnlichen Geschmack. Die Black Angus Rinderrasse liefert feines, zartes und geschmackvolles Fleisch in gleichbleibender Qualit\u00e4t. Steakh\u00e4user in aller Welt setzen auf dieses Fleisch. Wir erhalten w\u00f6chentlich frisches argentinisches Steakfleisch per Seefracht. Lassen auch Sie sich diese Spezialit\u00e4t auf der Zunge zergehen. Liebhaber von mageren Steaks sollten diese kaufen.<\/p>\n<h2>Metzgerei seit 1880:<\/h2>\n<p> In der vierten Generation werden unsere Fleischwaren aus frischer Schlachtung mit handwerklichem K\u00f6nnen von Meisterhand hergestellt. Der moderne Betrieb und engagierte Mitarbeiter garantieren f\u00fcr h\u00f6chste Hygienestandards. <\/p>\n<h2>\u00dcber 15 Jahre Versanderfahrung:<\/h2>\n<p> Der Versand direkt ab Metzgerei erfolgt in der Regel innerhalb von 24 Stunden (au\u00dfer am Wochenende). Wir liefern in Isolierboxen mit K\u00fchlpads oder Trockeneis. Erst nach Bestelleingang wird Ihr Produkt geschnitten, gerichtet oder oftmals direkt frisch hergestellt. Frischeprodukte unterliegen einem schnellen Umschlag, so kann es in Ausnahmef\u00e4llen passieren, dass durch \u00fcberschneidende Bestellungen das Produkt kurzfristig nicht lieferbar ist. Wir bem\u00fchen uns immer schnellstm\u00f6glich zu liefern und senden nur in absoluten Ausnahmef\u00e4llen gleichwertigen oder h\u00f6herwertigen Ersatz.<\/p>\n<h3>Inhaltsstoffe \/ Zutaten<\/h3>\n<p>Rindfleisch &#8211; Allergene: keine<\/p>\n<p>Das zarteste St\u00fcck aus der Keule, ohne Fett, in bester Qualit\u00e4t<br \/>\nVom argentinischen Angusrind<br \/>\nFachm\u00e4nnisch von Meisterhand geschnitten<br \/>\nOhne Sehnen und ohne Fett<br \/>\nIn idealer St\u00e4rke geschnitten<br \/>\n<div class=\"main-cross-sell\" data-asin=\"B00Q5KYS9I\">\n\n\t<div class=\"WooZone-cross-sell-loader\">\n\t\t<div>\n\t\t\t<div id=\"floatingBarsG\">\n\t\t\t\t<div class=\"blockG\" id=\"rotateG_01\"><\/div>\n\t\t\t\t<div class=\"blockG\" id=\"rotateG_02\"><\/div>\n\t\t\t\t<div class=\"blockG\" id=\"rotateG_03\"><\/div>\n\t\t\t\t<div class=\"blockG\" id=\"rotateG_04\"><\/div>\n\t\t\t\t<div class=\"blockG\" id=\"rotateG_05\"><\/div>\n\t\t\t\t<div class=\"blockG\" id=\"rotateG_06\"><\/div>\n\t\t\t\t<div class=\"blockG\" id=\"rotateG_07\"><\/div>\n\t\t\t\t<div class=\"blockG\" id=\"rotateG_08\"><\/div>\n\t\t\t<\/div>\n\t\t\t<div class=\"WooZone-cross-sell-loader-text\"><\/div>\n\t\t<\/div>\n\t<\/div>\n\n\t\t\n<\/div>\n<div style=\"clear:both;\"><\/div>\n","protected":false},"excerpt":{"rendered":"Das zarteste St\u00fcck aus der Keule, ohne Fett, in bester Qualit\u00e4t\nVom argentinischen Angusrind\nFachm\u00e4nnisch von Meisterhand geschnitten","protected":false},"featured_media":4688,"comment_status":"open","ping_status":"closed","template":"","meta":[],"product_cat":[64,54],"product_tag":[],"_links":{"self":[{"href":"https:\/\/food-shop.org\/index.php?rest_route=\/wp\/v2\/product\/4687"}],"collection":[{"href":"https:\/\/food-shop.org\/index.php?rest_route=\/wp\/v2\/product"}],"about":[{"href":"https:\/\/food-shop.org\/index.php?rest_route=\/wp\/v2\/types\/product"}],"replies":[{"embeddable":true,"href":"https:\/\/food-shop.org\/index.php?rest_route=%2Fwp%2Fv2%2Fcomments&post=4687"}],"wp:featuredmedia":[{"embeddable":true,"href":"https:\/\/food-shop.org\/index.php?rest_route=\/wp\/v2\/media\/4688"}],"wp:attachment":[{"href":"https:\/\/food-shop.org\/index.php?rest_route=%2Fwp%2Fv2%2Fmedia&parent=4687"}],"wp:term":[{"taxonomy":"product_cat","embeddable":true,"href":"https:\/\/food-shop.org\/index.php?rest_route=%2Fwp%2Fv2%2Fproduct_cat&post=4687"},{"taxonomy":"product_tag","embeddable":true,"href":"https:\/\/food-shop.org\/index.php?rest_route=%2Fwp%2Fv2%2Fproduct_tag&post=4687"}],"curies":[{"name":"wp","href":"https:\/\/api.w.org\/{rel}","templated":true}]}}