{"id":4649,"date":"2020-08-31T09:28:40","date_gmt":"2020-08-31T09:28:40","guid":{"rendered":"https:\/\/food-shop.org\/?product=jack-links-beef-jerky-teriyaki-proteinreiches-trockenfleisch-vom-rind-getrocknetes-high-protein-doerrfleisch-12er-pack-12-x-40-g"},"modified":"2023-04-05T16:23:09","modified_gmt":"2023-04-05T16:23:09","slug":"jack-links-beef-jerky-teriyaki-proteinreiches-trockenfleisch-vom-rind-getrocknetes-high-protein-doerrfleisch-12er-pack-12-x-40-g","status":"publish","type":"product","link":"https:\/\/food-shop.org\/?product=jack-links-beef-jerky-teriyaki-proteinreiches-trockenfleisch-vom-rind-getrocknetes-high-protein-doerrfleisch-12er-pack-12-x-40-g","title":{"rendered":"Jack Links Beef Jerky Teriyaki \u2013 12er Pack (12 x 40 g) \u2013 Proteinreiches Trockenfleisch vom Rind \u2013 Getrocknetes High\u2026"},"content":{"rendered":"<p><!-- show up to 2 reviews by default --><\/p>\n<h3>Produktbeschreibung<\/h3>\n<p>Jack link&#8217;s Beef jerkey sind d\u00fcnne ger\u00e4ucherte Rindfleischstreifen, die mit ausgesuchten Gew\u00fcrzen verfeinert und dann langsam an der Luft getrocknet werden. Dabei ben\u00f6tigt man ganze 193 Gramm Rindfleisch um 100 Gramm feine Beef jerkeys herzustellen. So entstehen die leckeren Beef jerkeys, die sehr viel gesundes Eiwei\u00df enthalten. Einfach ideal f\u00fcr den Hunger zwischendurch.<\/p>\n<h3>Inhaltsstoffe \/ Zutaten<\/h3>\n<p>Zutaten: Rindfleisch, Zucker, SOJAso\u00dfenpulver (WEIZEN, SOJAbohnen, Salz, Maltodextrin), Salz, Hefeextrakt, Gew\u00fcrze, Aroma, Nitritp\u00f6kelsalz (Salz, Konservierungsstoff: Natriumnitrit), S\u00e4ureregulator: Citronens\u00e4ure, Raucharoma. 100 g Beef Jerky werden aus 189 g Rindfleisch hergestellt.<\/p>\n<div data-a-expander-name=\"toggle_description\" class=\"a-row a-expander-container a-expander-extend-container\">P.when(&#8218;A&#8216;).execute(function(A) {A.on(&#8218;a:expander:toggle_description:toggle:collapse&#8216;, function(data) {window.scroll(0, data.expander.$expander[0].offsetTop-100);});});<\/p>\n<div class=\"a-expander-content a-expander-extend-content\">\n<h3>Gebrauchsanweisung<\/h3>\n<p>Die angebrochene Jerky-Packung in einen Beh\u00e4lter mit lufdichtem Verschluss f\u00fcllen und innerhalb 3 Tage verzehren<\/p>\n<h3>Warnhinweise<\/h3>\n<p>Der kleine wei\u00dfe Absorberbeutel in der Verpackung ist nicht zum Verzehr geeignet!<\/p>\n<h3>Anschrift Hersteller\/Importeur<\/h3>\n<p>Eyber Stra\u00dfe 81 D-91522 Ansbach<\/p>\n<\/div>\n<p><a href=\"void(0)\" data-action=\"a-expander-toggle\" class=\"a-expander-header a-declarative a-expander-extend-header\" data-a-expander-toggle=\"{&quot;allowLinkDefault&quot;:true, &quot;expand_prompt&quot;:&quot;Weitere Informationen&quot;, &quot;collapse_prompt&quot;:&quot;Weniger anzeigen&quot;}\"><i class=\"a-icon a-icon-extender-expand\"><\/i><span class=\"a-expander-prompt\">Weitere Informationen<\/span><\/a><\/div>\n<p>Ideal f\u00fcr unterwegs!<br \/>\nHoher Proteinanteil (40, 1 %)!<br \/>\nExtrem fettarm!<br \/>\nD\u00fcnne Rindfleischstreifen &#8211; gew\u00fcrzt, gegart &amp; getrocknet<br \/>\nBeste Zutaten aus Wildwest und fernost treffen aufeinander. Die w\u00fcrzige Sojasauce und eine Spur Ingwer verleihen dem Fleisch eine asiatisch-fruchtige Note<br \/>\n<div class=\"main-cross-sell\" data-asin=\"B07FLWKZ13\">\n\n\t<div class=\"WooZone-cross-sell-loader\">\n\t\t<div>\n\t\t\t<div id=\"floatingBarsG\">\n\t\t\t\t<div class=\"blockG\" id=\"rotateG_01\"><\/div>\n\t\t\t\t<div class=\"blockG\" id=\"rotateG_02\"><\/div>\n\t\t\t\t<div class=\"blockG\" id=\"rotateG_03\"><\/div>\n\t\t\t\t<div class=\"blockG\" id=\"rotateG_04\"><\/div>\n\t\t\t\t<div class=\"blockG\" id=\"rotateG_05\"><\/div>\n\t\t\t\t<div class=\"blockG\" id=\"rotateG_06\"><\/div>\n\t\t\t\t<div class=\"blockG\" id=\"rotateG_07\"><\/div>\n\t\t\t\t<div class=\"blockG\" id=\"rotateG_08\"><\/div>\n\t\t\t<\/div>\n\t\t\t<div class=\"WooZone-cross-sell-loader-text\"><\/div>\n\t\t<\/div>\n\t<\/div>\n\n\t\t\n<\/div>\n<div style=\"clear:both;\"><\/div>\n","protected":false},"excerpt":{"rendered":"Ideal f\u00fcr unterwegs!\nHoher Proteinanteil (40, 1 %)!\nExtrem fettarm!","protected":false},"featured_media":4650,"comment_status":"open","ping_status":"closed","template":"","meta":[],"product_cat":[64,54],"product_tag":[],"_links":{"self":[{"href":"https:\/\/food-shop.org\/index.php?rest_route=\/wp\/v2\/product\/4649"}],"collection":[{"href":"https:\/\/food-shop.org\/index.php?rest_route=\/wp\/v2\/product"}],"about":[{"href":"https:\/\/food-shop.org\/index.php?rest_route=\/wp\/v2\/types\/product"}],"replies":[{"embeddable":true,"href":"https:\/\/food-shop.org\/index.php?rest_route=%2Fwp%2Fv2%2Fcomments&post=4649"}],"wp:featuredmedia":[{"embeddable":true,"href":"https:\/\/food-shop.org\/index.php?rest_route=\/wp\/v2\/media\/4650"}],"wp:attachment":[{"href":"https:\/\/food-shop.org\/index.php?rest_route=%2Fwp%2Fv2%2Fmedia&parent=4649"}],"wp:term":[{"taxonomy":"product_cat","embeddable":true,"href":"https:\/\/food-shop.org\/index.php?rest_route=%2Fwp%2Fv2%2Fproduct_cat&post=4649"},{"taxonomy":"product_tag","embeddable":true,"href":"https:\/\/food-shop.org\/index.php?rest_route=%2Fwp%2Fv2%2Fproduct_tag&post=4649"}],"curies":[{"name":"wp","href":"https:\/\/api.w.org\/{rel}","templated":true}]}}