{"id":4647,"date":"2020-08-31T09:28:36","date_gmt":"2020-08-31T09:28:36","guid":{"rendered":"https:\/\/food-shop.org\/?product=jack-links-teriyaki-beef-jerky-70g"},"modified":"2023-04-05T16:23:09","modified_gmt":"2023-04-05T16:23:09","slug":"jack-links-teriyaki-beef-jerky-70g","status":"publish","type":"product","link":"https:\/\/food-shop.org\/?product=jack-links-teriyaki-beef-jerky-70g","title":{"rendered":"Jack Link&#8217;s Teriyaki Beef Jerky 70g"},"content":{"rendered":"<p><!-- show up to 2 reviews by default --><\/p>\n<h3>Produktbeschreibungen<\/h3>\n<p>Das Produkt enth\u00e4lt WEIZEN und SOJA: Zutaten: Rindfleisch, Zucker, Meersaslz, SOJAsaucenpulver (WEIZEN, SOJAbohnen, Salz, Maltodextrin), Hefeextrakt, Knoblauchpulver, Zwiebelpulver, Aroma, S\u00e4ureregulator: Citronens\u00e4ure, Nitritp\u00f6kelsalz (Salz, Konservierungsstoff: Natriumnitrit), Antioxidationsmittel: Extrakt aus Rosmarin, Ananaspulver; N\u00e4hrwerte je 100 Gramm: Brennwert 1207 KJ\/285 kcal; Eiwei\u00df 37,5 g; Kohlehydrate 24,8 g; davon Zucker 20,0 g; Fett 4,0 g; davon ges\u00e4ttigt 1,8 g; Salz 5,1 g. Es handelt sich um brasilianisches Rindfleisch<\/p>\n<h3>Rechtliche Hinweise<\/h3>\n<p>Das Produkt enth\u00e4lt WEIZEN und SOJA: Zutaten: Rindfleisch, Zucker, Meersaslz, SOJAsaucenpulver (WEIZEN, SOJAbohnen, Salz, Maltodextrin), Hefeextrakt, Knoblauchpulver, Zwiebelpulver, Aroma, S\u00e4ureregulator: Citronens\u00e4ure, Nitritp\u00f6kelsalz (Salz, Konservierungsstoff: Natriumnitrit), Antioxidationsmittel: Extrakt aus Rosmarin, Ananaspulver; N\u00e4hrwerte je 100 Gramm: Brennwert 1207 KJ\/285 kcal; Eiwei\u00df 37,5 g; Kohlehydrate 24,8 g; davon Zucker 20,0 g; Fett 4,0 g; davon ges\u00e4ttigt 1,8 g; Salz 5,1 g. Es handelt sich um brasilianisches Rindfleisch<\/p>\n<p>Es handelt sich um brasilianisches Rindfleisch<br \/>\n<div class=\"main-cross-sell\" data-asin=\"B07R8VHWB8\">\n\n\t<div class=\"WooZone-cross-sell-loader\">\n\t\t<div>\n\t\t\t<div id=\"floatingBarsG\">\n\t\t\t\t<div class=\"blockG\" id=\"rotateG_01\"><\/div>\n\t\t\t\t<div class=\"blockG\" id=\"rotateG_02\"><\/div>\n\t\t\t\t<div class=\"blockG\" id=\"rotateG_03\"><\/div>\n\t\t\t\t<div class=\"blockG\" id=\"rotateG_04\"><\/div>\n\t\t\t\t<div class=\"blockG\" id=\"rotateG_05\"><\/div>\n\t\t\t\t<div class=\"blockG\" id=\"rotateG_06\"><\/div>\n\t\t\t\t<div class=\"blockG\" id=\"rotateG_07\"><\/div>\n\t\t\t\t<div class=\"blockG\" id=\"rotateG_08\"><\/div>\n\t\t\t<\/div>\n\t\t\t<div class=\"WooZone-cross-sell-loader-text\"><\/div>\n\t\t<\/div>\n\t<\/div>\n\n\t\t\n<\/div>\n<div style=\"clear:both;\"><\/div>\n","protected":false},"excerpt":{"rendered":"Es handelt sich um brasilianisches Rindfleisch","protected":false},"featured_media":4648,"comment_status":"open","ping_status":"closed","template":"","meta":[],"product_cat":[64,54],"product_tag":[],"_links":{"self":[{"href":"https:\/\/food-shop.org\/index.php?rest_route=\/wp\/v2\/product\/4647"}],"collection":[{"href":"https:\/\/food-shop.org\/index.php?rest_route=\/wp\/v2\/product"}],"about":[{"href":"https:\/\/food-shop.org\/index.php?rest_route=\/wp\/v2\/types\/product"}],"replies":[{"embeddable":true,"href":"https:\/\/food-shop.org\/index.php?rest_route=%2Fwp%2Fv2%2Fcomments&post=4647"}],"wp:featuredmedia":[{"embeddable":true,"href":"https:\/\/food-shop.org\/index.php?rest_route=\/wp\/v2\/media\/4648"}],"wp:attachment":[{"href":"https:\/\/food-shop.org\/index.php?rest_route=%2Fwp%2Fv2%2Fmedia&parent=4647"}],"wp:term":[{"taxonomy":"product_cat","embeddable":true,"href":"https:\/\/food-shop.org\/index.php?rest_route=%2Fwp%2Fv2%2Fproduct_cat&post=4647"},{"taxonomy":"product_tag","embeddable":true,"href":"https:\/\/food-shop.org\/index.php?rest_route=%2Fwp%2Fv2%2Fproduct_tag&post=4647"}],"curies":[{"name":"wp","href":"https:\/\/api.w.org\/{rel}","templated":true}]}}