{"id":4640,"date":"2020-08-31T09:28:31","date_gmt":"2020-08-31T09:28:31","guid":{"rendered":"https:\/\/food-shop.org\/?product=jack-links-biltong-original-proteinreiches-trockenfleisch-mit-koestlicher-marinade-luftgetrocknetes-rinderdoerrfleisch-12er-pack-12-x-70-g"},"modified":"2023-04-05T16:23:09","modified_gmt":"2023-04-05T16:23:09","slug":"jack-links-biltong-original-proteinreiches-trockenfleisch-mit-koestlicher-marinade-luftgetrocknetes-rinderdoerrfleisch-12er-pack-12-x-70-g","status":"publish","type":"product","link":"https:\/\/food-shop.org\/?product=jack-links-biltong-original-proteinreiches-trockenfleisch-mit-koestlicher-marinade-luftgetrocknetes-rinderdoerrfleisch-12er-pack-12-x-70-g","title":{"rendered":"Jack Links Biltong Original \u2013 12er Pack (12 x 70 g) \u2013 Proteinreiches Trockenfleisch mit k\u00f6stlicher Marinade\u2026"},"content":{"rendered":"<div class=\"disclaim\">Gr\u00f6\u00dfe:<strong>12-er Pack, 12 x 70 g<\/strong><\/div>\n<p><!-- show up to 2 reviews by default --><\/p>\n<h3>Produktbeschreibung<\/h3>\n<\/p>\n<h3>Jack Links Biltong Original (12 x 70 g)<\/h3>\n<p>Aus der Not der ersten holl\u00e4ndischen Siedler entstand das traditionelle s\u00fcdafrikanische Fleischgericht. Sie suchten eine L\u00f6sung,<br \/> das erlegte Wild lange haltbar zu machen, denn eine K\u00fchlm\u00f6glichkeit hatten sie nicht. So entwickelten sie den Herstellungspro-<br \/>zess des Biltongs, welchen Jack Link \u00fcber die Jahre mit Raffinesse und der gesammelten Erfahrung mit Fleischsnacks durch ei-<br \/>ne einzigartige Biltong Marinade verfeinerte. Hochwertiges Qualit\u00e4tsfleisch vom Rind zubereitet in Alkoholessig, \u00fcber l\u00e4n-<br \/>gere Zeit luftgetrocknet und in feine Scheiben geschnitten &#8211; das Trockenfleisch mit k\u00f6stlichem, s\u00fcdafrikanischem Flair.<\/p>\n<p> <strong>Produktdetails<\/strong> <\/p>\n<ul>\n<li>Der typische Geschmack S\u00fcdafrikas<\/li>\n<li>Hoher Proteinanteil<\/li>\n<li>100 % Rindfleisch<\/li>\n<li>Intensiv luftgetrocknet<\/li>\n<\/ul>\n<p> <strong>N\u00e4hrwerte pro 100 g<\/strong> <\/p>\n<ul>\n<li>Brennwert: 268 kcal<\/li>\n<li>Eiwei\u00df: 53 g<\/li>\n<li>Kohlenhydrate 3,1 g<\/li>\n<li>Fett: 5 g<\/li>\n<\/ul>\n<p> <strong>\u00dcber Jack Link<\/strong> <\/p>\n<p>Jack Link ist der globale Marktf\u00fchrer f\u00fcr Proteinsnacks &#8211; neben der gleichnamigen Marke geh\u00f6ren BiFi und Peperami eben-<br \/>falls dazu. Jack Link&#8217;s Urgro\u00dfvater legte 1885 den Grundstein f\u00fcr das erfolgreiche Familienunternehmen aus den USA. Er<br \/>versorgte Farmer und Holzf\u00e4ller mit seinen k\u00f6stlichen Fleischgerichten. Schnell wurden sie zur Legende. Getreu dem Motto<br \/>&#8222;&#8220;Aus der Wildnis in die Welt&#8220;&#8220; besitzt die Firma gr\u00f6\u00dfere Standorte in den USA, dem Wirtschaftsraum Europa-Arabien-Afrika<br \/>(EMEA), Lateinamerika und Australien\/Asien, um die Menschen weltweit mit ihren kulinarischen Offenbarungen zu begeistern.<\/p>\n<\/p>\n<h3>Inhaltsstoffe \/ Zutaten<\/h3>\n<p>Zutaten: Rindfleisch, Branntweinessig, jodiertes Speisesalz (Speisesalz, Kaliumiodat), Zucker, Dextrose, Gew\u00fcrze, Maisst\u00e4rke, Knoblauchpulver, Zwiebel, Tomate, Paprika, Gew\u00fcrzextrakte, Hefeextrakt, Raucharoma, Konservierungsstoff (Natriumnitrit, Kaliumsorbat), Salz, S\u00e4ureregulator (Natriumacetat, Citronens\u00e4ure). 100 g Biltong werden aus 229 g Rindfleisch hergestellt.<\/p>\n<div data-a-expander-name=\"toggle_description\" class=\"a-row a-expander-container a-expander-extend-container\">P.when(&#8218;A&#8216;).execute(function(A) {A.on(&#8218;a:expander:toggle_description:toggle:collapse&#8216;, function(data) {window.scroll(0, data.expander.$expander[0].offsetTop-100);});});<\/p>\n<div class=\"a-expander-content a-expander-extend-content\">\n<h3>Warnhinweise<\/h3>\n<p>Sauerstoff Absorberbeutel ist nicht zum Verzehr geeignet.<\/p>\n<h3>Anschrift Hersteller\/Importeur<\/h3>\n<p>Eyber Str. 81 91522 Ansbach<\/p>\n<\/div>\n<p><a href=\"void(0)\" data-action=\"a-expander-toggle\" class=\"a-expander-header a-declarative a-expander-extend-header\" data-a-expander-toggle=\"{&quot;allowLinkDefault&quot;:true, &quot;expand_prompt&quot;:&quot;Weitere Informationen&quot;, &quot;collapse_prompt&quot;:&quot;Weniger anzeigen&quot;}\"><i class=\"a-icon a-icon-extender-expand\"><\/i><span class=\"a-expander-prompt\">Weitere Informationen<\/span><\/a><\/div>\n<p>Der Geschmack nach Afrika: Die Rindfleischstreifen werden nach s\u00fcdafrikanischer Tradition zubereitet und sind dank der wiederverschlie\u00dfbaren Verpackung der perfekte Meat-Snack f\u00fcr unterwegs!<br \/>\nEin Gehalt von 53 g Eiwei\u00df und der extrem geringe Fettanteil machen das D\u00f6rrfleisch zu einem echten High-Protein Lieferanten &#8211; ideal zur St\u00e4rkung vor oder nach dem Training!<br \/>\nDer Biltong-Fleischsnack wird aus 100% magerem Rindfleisch hergestellt, wobei Jack Link ein besonderes Augenmerk auf eine hohe Qualit\u00e4t des Fleischs legt &#8211; afrikanische Lebensfreude f\u00fcr den Gaumen!<br \/>\nDas aufwendig verarbeitete Proteinfleisch wird in Alkoholessig zubereitet, mit der einzigartigen Biltong-Marinade von Jack Link verfeinert &amp; anschlie\u00dfend \u00fcber einen l\u00e4ngeren Zeitraum luftgetrocknet<br \/>\nLieferumfang: 12 x 70 g T\u00fcten Jack Links Biltong Original vom Rind in der Gro\u00dfpackung \/ Eiwei\u00dfreich &amp; Zuckerarm \/ Der Beef-Snack mit Power und authentischem, s\u00fcdafrikanischem Geschmack!<br \/>\n<div class=\"main-cross-sell\" data-asin=\"B07KFL4Z8Q\">\n\n\t<div class=\"WooZone-cross-sell-loader\">\n\t\t<div>\n\t\t\t<div id=\"floatingBarsG\">\n\t\t\t\t<div class=\"blockG\" id=\"rotateG_01\"><\/div>\n\t\t\t\t<div class=\"blockG\" id=\"rotateG_02\"><\/div>\n\t\t\t\t<div class=\"blockG\" id=\"rotateG_03\"><\/div>\n\t\t\t\t<div class=\"blockG\" id=\"rotateG_04\"><\/div>\n\t\t\t\t<div class=\"blockG\" id=\"rotateG_05\"><\/div>\n\t\t\t\t<div class=\"blockG\" id=\"rotateG_06\"><\/div>\n\t\t\t\t<div class=\"blockG\" id=\"rotateG_07\"><\/div>\n\t\t\t\t<div class=\"blockG\" id=\"rotateG_08\"><\/div>\n\t\t\t<\/div>\n\t\t\t<div class=\"WooZone-cross-sell-loader-text\"><\/div>\n\t\t<\/div>\n\t<\/div>\n\n\t\t\n<\/div>\n<div style=\"clear:both;\"><\/div>\n","protected":false},"excerpt":{"rendered":"Der Geschmack nach Afrika: Die Rindfleischstreifen werden nach s\u00fcdafrikanischer Tradition zubereitet und sind dank der wiederverschlie\u00dfbaren Verpackung der perfekte Meat-Snack f\u00fcr unterwegs!\nEin Gehalt von 53 g Eiwei\u00df und der extrem geringe Fettanteil machen das D\u00f6rrfleisch zu einem echten High-Protein Lieferanten - ideal zur St\u00e4rkung vor oder nach dem Training!\nDer Biltong-Fleischsnack wird aus 100% magerem Rindfleisch hergestellt, wobei Jack Link ein besonderes Augenmerk auf eine hohe Qualit\u00e4t des Fleischs legt - afrikanische Lebensfreude f\u00fcr den Gaumen!","protected":false},"featured_media":4641,"comment_status":"open","ping_status":"closed","template":"","meta":[],"product_cat":[64,54],"product_tag":[],"_links":{"self":[{"href":"https:\/\/food-shop.org\/index.php?rest_route=\/wp\/v2\/product\/4640"}],"collection":[{"href":"https:\/\/food-shop.org\/index.php?rest_route=\/wp\/v2\/product"}],"about":[{"href":"https:\/\/food-shop.org\/index.php?rest_route=\/wp\/v2\/types\/product"}],"replies":[{"embeddable":true,"href":"https:\/\/food-shop.org\/index.php?rest_route=%2Fwp%2Fv2%2Fcomments&post=4640"}],"wp:featuredmedia":[{"embeddable":true,"href":"https:\/\/food-shop.org\/index.php?rest_route=\/wp\/v2\/media\/4641"}],"wp:attachment":[{"href":"https:\/\/food-shop.org\/index.php?rest_route=%2Fwp%2Fv2%2Fmedia&parent=4640"}],"wp:term":[{"taxonomy":"product_cat","embeddable":true,"href":"https:\/\/food-shop.org\/index.php?rest_route=%2Fwp%2Fv2%2Fproduct_cat&post=4640"},{"taxonomy":"product_tag","embeddable":true,"href":"https:\/\/food-shop.org\/index.php?rest_route=%2Fwp%2Fv2%2Fproduct_tag&post=4640"}],"curies":[{"name":"wp","href":"https:\/\/api.w.org\/{rel}","templated":true}]}}