{"id":4605,"date":"2020-08-31T09:18:35","date_gmt":"2020-08-31T09:18:35","guid":{"rendered":"https:\/\/food-shop.org\/?product=jack-links-beef-jerky-original-proteinreiches-trockenfleisch-vom-rind-getrocknetes-high-protein-doerrfleisch-12er-pack-12-x-25-g"},"modified":"2023-04-05T16:23:09","modified_gmt":"2023-04-05T16:23:09","slug":"jack-links-beef-jerky-original-proteinreiches-trockenfleisch-vom-rind-getrocknetes-high-protein-doerrfleisch-12er-pack-12-x-25-g","status":"publish","type":"product","link":"https:\/\/food-shop.org\/?product=jack-links-beef-jerky-original-proteinreiches-trockenfleisch-vom-rind-getrocknetes-high-protein-doerrfleisch-12er-pack-12-x-25-g","title":{"rendered":"Jack Links Beef Jerky Original \u2013 12er Pack (12 x 25 g) \u2013 Proteinreiches Trockenfleisch vom Rind \u2013 Getrocknetes High\u2026"},"content":{"rendered":"<div class=\"disclaim\">Geschmack:<strong>Original<\/strong><\/div>\n<p><!-- show up to 2 reviews by default --><\/p>\n<h3>Produktbeschreibung<\/h3>\n<p>Jack Links Beef Jerky Original (12 x 25 g)<br \/>Beef Jerkys finden ihren Ursprung in Nordamerika &#8211; genauer gesagt waren es die Indianer, die das Trockenfleisch als herz-haften Proviant auf der Jagd gesnackt haben. Leicht zu transportieren und lange haltbar, stellte es den idealen Energieliefe-ranten dar. Der hohe Anteil an Protein und Eisen st\u00e4rkte f\u00fcr die Jagd und versetzte sie in die Lage, das ganze Volk mit er-legtem Wild zu versorgen. Heute verwendet Jack Link nur bestes H\u00fcftfleisch vom Rind. Es wird aufwendig in feine Schei-ben geschnitten, luftgetrocknet, ger\u00e4uchert und mit einer geheimen Gew\u00fcrzmischung gew\u00fcrzt. Mit Jack Links Beef Jerkyunsere wilde Seite f\u00fcttern!<br \/>Produktdetails<\/p>\n<p>Leicht rauchige Eigens\u00fc\u00dfe<br \/>Hoher Proteinanteil<br \/>100 % Rindfleisch<br \/>Luftgetrocknet &amp; ger\u00e4uchert<\/p>\n<p>N\u00e4hrwerte pro 100 g<\/p>\n<p>Brennwert: 260 kcal<br \/>Eiwei\u00df: 42 g<br \/>Kohlenhydrate 15 g<br \/>Fett: 3,5 g<\/p>\n<p>\u00dcber Jack Link<br \/>Jack Link ist der globale Marktf\u00fchrer f\u00fcr Proteinsnacks &#8211; neben der gleichnamigen Marke geh\u00f6ren BiFi und Peperami eben-falls dazu. Jack Link&#8217;s Urgro\u00dfvater legte 1885 den Grundstein f\u00fcr das erfolgreiche Familienunternehmen aus den USA. Erversorgte Farmer und Holzf\u00e4ller mit seinen k\u00f6stlichen Fleischgerichten. Schnell wurden sie zur Legende. Getreu dem Motto&#8220;&#8220;Aus der Wildnis in die Welt&#8220;&#8220; besitzt die Firma gr\u00f6\u00dfere Standorte in den USA, dem Wirtschaftsraum Europa-Arabien-Afrika(EMEA), Lateinamerika und Australien\/Asien, um die Menschen weltweit mit ihren kulinarischen Offenbarungen zu begeistern.<\/p>\n<h3>Inhaltsstoffe \/ Zutaten<\/h3>\n<p>Zutaten: Rindfleisch, Zucker, Salz, SOJAso\u00dfenpulver (WEIZEN, SOJAbohnen, Salz, Maltodextrin), hydrolisiertes Maisprotein, Hefeextrakt, Gew\u00fcrze, Aroma, Nitritp\u00f6kelsalz (Salz, Konservierungsstoff: Natriumnitrit), Antioxidationsmittel: Extrakt aus Rosmarin, S\u00e4ureregulator: Citronens\u00e4ure, Raucharoma. 100 g Beef Jerky werden aus 197 g Rindfleisch hergestellt.<\/p>\n<div data-a-expander-name=\"toggle_description\" class=\"a-row a-expander-container a-expander-extend-container\">P.when(&#8218;A&#8216;).execute(function(A) {A.on(&#8218;a:expander:toggle_description:toggle:collapse&#8216;, function(data) {window.scroll(0, data.expander.$expander[0].offsetTop-100);});});<\/p>\n<div class=\"a-expander-content a-expander-extend-content\">\n<h3>Gebrauchsanweisung<\/h3>\n<p>Die angebrochene Jerky-Packung in einen Beh\u00e4lter mit lufdichtem Verschluss f\u00fcllen und innerhalb 3 Tage verzehren<\/p>\n<h3>Warnhinweise<\/h3>\n<p>Der kleine wei\u00dfe Absorberbeutel in der Verpackung ist nicht zum Verzehr geeignet!<\/p>\n<h3>Anschrift Hersteller\/Importeur<\/h3>\n<p>Eyber Str. 81 91522 Ansbach<\/p>\n<\/div>\n<p><a href=\"void(0)\" data-action=\"a-expander-toggle\" class=\"a-expander-header a-declarative a-expander-extend-header\" data-a-expander-toggle=\"{&quot;allowLinkDefault&quot;:true, &quot;expand_prompt&quot;:&quot;Weitere Informationen&quot;, &quot;collapse_prompt&quot;:&quot;Weniger anzeigen&quot;}\"><i class=\"a-icon a-icon-extender-expand\"><\/i><span class=\"a-expander-prompt\">Weitere Informationen<\/span><\/a><\/div>\n<p>Das Original aus den USA: Jack Links Rinderd\u00f6rrfleisch ist der ideale Snack f\u00fcr unterwegs &#8211; da die Verpackung verschlie\u00dfbar ist, k\u00f6nnen die Bites \u00fcberall gesnackt werden<br \/>\nDer proteinreiche Fleischsnack ist genau das Richtige f\u00fcr Fitness-Freaks &#8211; 39,7 % Eiwei\u00df und der extrem niedrige Fettgehalt machen das Rindfleisch zum perfekten Essen vor oder nach dem Training!<br \/>\n100 % bestes Rindfleisch: Die Jerkys bestehen ausschlie\u00dflich aus ausgew\u00e4hltem Fleisch der Weidehaltung \/ Saftiges Qualit\u00e4tsfleisch aus der Rinderh\u00fcfte wird in feine, d\u00fcnne Scheiben geschnitten<br \/>\nLuftgetrocknet, ger\u00e4uchert und auf den Punkt gew\u00fcrzt, entsteht die k\u00f6stliche, leicht rauchige Eigens\u00fc\u00dfe der Rindfleischstreifen &#8211; ein herzhafter Snack nach altem Familienrezept<br \/>\nLieferumfang: 12 x 25 g T\u00fcten Jack Links Beef Jerky Original \/ Luftgetrocknetes Proteinfleisch in der Gro\u00dfpackung \/ K\u00f6stliche Meat Snacks von Jack Link<br \/>\n<div class=\"main-cross-sell\" data-asin=\"B01FH6YHSW\">\n\n\t<div class=\"WooZone-cross-sell-loader\">\n\t\t<div>\n\t\t\t<div id=\"floatingBarsG\">\n\t\t\t\t<div class=\"blockG\" id=\"rotateG_01\"><\/div>\n\t\t\t\t<div class=\"blockG\" id=\"rotateG_02\"><\/div>\n\t\t\t\t<div class=\"blockG\" id=\"rotateG_03\"><\/div>\n\t\t\t\t<div class=\"blockG\" id=\"rotateG_04\"><\/div>\n\t\t\t\t<div class=\"blockG\" id=\"rotateG_05\"><\/div>\n\t\t\t\t<div class=\"blockG\" id=\"rotateG_06\"><\/div>\n\t\t\t\t<div class=\"blockG\" id=\"rotateG_07\"><\/div>\n\t\t\t\t<div class=\"blockG\" id=\"rotateG_08\"><\/div>\n\t\t\t<\/div>\n\t\t\t<div class=\"WooZone-cross-sell-loader-text\"><\/div>\n\t\t<\/div>\n\t<\/div>\n\n\t\t\n<\/div>\n<div style=\"clear:both;\"><\/div>\n","protected":false},"excerpt":{"rendered":"Das Original aus den USA: Jack Links Rinderd\u00f6rrfleisch ist der ideale Snack f\u00fcr unterwegs - da die Verpackung verschlie\u00dfbar ist, k\u00f6nnen die Bites \u00fcberall gesnackt werden\nDer proteinreiche Fleischsnack ist genau das Richtige f\u00fcr Fitness-Freaks - 39,7 % Eiwei\u00df und der extrem niedrige Fettgehalt machen das Rindfleisch zum perfekten Essen vor oder nach dem Training!\n100 % bestes Rindfleisch: Die Jerkys bestehen ausschlie\u00dflich aus ausgew\u00e4hltem Fleisch der Weidehaltung \/ Saftiges Qualit\u00e4tsfleisch aus der Rinderh\u00fcfte wird in feine, d\u00fcnne Scheiben geschnitten","protected":false},"featured_media":4606,"comment_status":"open","ping_status":"closed","template":"","meta":[],"product_cat":[64,54],"product_tag":[],"_links":{"self":[{"href":"https:\/\/food-shop.org\/index.php?rest_route=\/wp\/v2\/product\/4605"}],"collection":[{"href":"https:\/\/food-shop.org\/index.php?rest_route=\/wp\/v2\/product"}],"about":[{"href":"https:\/\/food-shop.org\/index.php?rest_route=\/wp\/v2\/types\/product"}],"replies":[{"embeddable":true,"href":"https:\/\/food-shop.org\/index.php?rest_route=%2Fwp%2Fv2%2Fcomments&post=4605"}],"wp:featuredmedia":[{"embeddable":true,"href":"https:\/\/food-shop.org\/index.php?rest_route=\/wp\/v2\/media\/4606"}],"wp:attachment":[{"href":"https:\/\/food-shop.org\/index.php?rest_route=%2Fwp%2Fv2%2Fmedia&parent=4605"}],"wp:term":[{"taxonomy":"product_cat","embeddable":true,"href":"https:\/\/food-shop.org\/index.php?rest_route=%2Fwp%2Fv2%2Fproduct_cat&post=4605"},{"taxonomy":"product_tag","embeddable":true,"href":"https:\/\/food-shop.org\/index.php?rest_route=%2Fwp%2Fv2%2Fproduct_tag&post=4605"}],"curies":[{"name":"wp","href":"https:\/\/api.w.org\/{rel}","templated":true}]}}