{"id":4602,"date":"2020-08-31T08:58:53","date_gmt":"2020-08-31T08:58:53","guid":{"rendered":"https:\/\/food-shop.org\/?product=roastbeef-vom-bayerischen-rind-%e2%98%85-landmetzgerei-schiessl-%e2%98%85-ca-1000g"},"modified":"2023-04-05T16:23:09","modified_gmt":"2023-04-05T16:23:09","slug":"roastbeef-vom-bayerischen-rind-%e2%98%85-landmetzgerei-schiessl-%e2%98%85-ca-1000g","status":"publish","type":"product","link":"https:\/\/food-shop.org\/?product=roastbeef-vom-bayerischen-rind-%e2%98%85-landmetzgerei-schiessl-%e2%98%85-ca-1000g","title":{"rendered":"Roastbeef vom bayerischen Rind \u2605 Landmetzgerei Schiessl \u2605 ca. 1000g"},"content":{"rendered":"<div class=\"disclaim\"> Gr\u00f6\u00dfe:<strong>1000g<\/strong> <\/div>\n<p> <!-- show up to 2 reviews by default --> <\/p>\n<h3>Produktbeschreibungen<\/h3>\n<p>Das Roastbeef der Landmetzgerei Schiessl stammt ausschlie\u00dflich von gl\u00fccklichen Bayerischen Rindern aus der Umgebung um Teunz. Alle Rinder sind Weidetiere, was eine besonders hohe Fleischqualit\u00e4t gew\u00e4rleistet. Auf den Einsatz von Antibiotika oder anderen Medikamenten wir bei der Aufzucht seit Jahren verzichtet. <\/p>\n<p> Damit das Roastbeef seinen besonders feinen und saftigen Geschmack entwickeln kann, wird es leicht marmoriert mit einem leichten Fettdeckel vorgereift. <\/p>\n<p> Unser Roastbeef eignet sich zum Braten oder Grillen in Steakform, kann aber auch im Ganzen zart rosa bis Kerntemperatur 58 Grad gebraten werden. Zum Hei\u00df &#8211; oder Kaltessen. <\/p>\n<p> Dank unserer Erfahrung im Lebensmittelversand seit 1975 wissen wir wie man Fleisch verschicken kann. Bei hei\u00dfen Temperaturen verwenden wir spezielle K\u00fchlakkus und Styroporverpackungen damit Ihr Roastbeef wohlbehalten bei Ihnen ankommt. <\/p>\n<p> Sollten Sie Fragen zu unsrem Roastbeef, zum Versand oder unserer Landmetzgerei haben k\u00f6nnen Sie uns von Montag bis Freitag von 07.30 Uhr bis 18.00 Uhr und am Samstag von 08.00 Uhr bis 14.00 Uhr telefonisch unter 09671 \/ 923923 erreichen. Alternativ stehen wir Ihnen auch gerne per E-Mail unter info@landmetzger-schiessl.de zur Verf\u00fcgung. <\/p>\n<h3>Gebrauchsanweisung<\/h3>\n<p>Braten Sie das Roastbeef in der Pfanne bei gro\u00dfer Hitze zun\u00e4chst kurz von beiden Seiten an (2-3 Minuten). Anschlie\u00dfend kommt das Roastbeef bei ca. 150\u00b0C f\u00fcr etwa 40-50 Minuten in den Backofen. Wickeln Sie das Roastbeef nach dem Backofen f\u00fcr einige Minuten in Alufolie ein damit das Fleisch ruhen kann. Sie erhalten ein saftiges leicht rosa Ergebnis. (Die Angaben richten sich auch nach der Fleischdicke und Ihren pers\u00f6nlichen Vorlieben.) <\/p>\n<p>Roastbeef von gl\u00fccklichen bayerischen Weidetieren<br \/>\nPremium-Qualit\u00e4t aus Bayern<br \/>\nMit fein-w\u00fcrzigem und saftigem Geschmack dank Vorreifung<br \/>\n\u00dcber 40 Jahre Erfahrung im Lebensmittelversand<br \/>\nKleiner Familienbetrieb mit eigener Schlachtung<br \/>\n<div class=\"main-cross-sell\" data-asin=\"B00K4ZMRJI\">\n\n\t<div class=\"WooZone-cross-sell-loader\">\n\t\t<div>\n\t\t\t<div id=\"floatingBarsG\">\n\t\t\t\t<div class=\"blockG\" id=\"rotateG_01\"><\/div>\n\t\t\t\t<div class=\"blockG\" id=\"rotateG_02\"><\/div>\n\t\t\t\t<div class=\"blockG\" id=\"rotateG_03\"><\/div>\n\t\t\t\t<div class=\"blockG\" id=\"rotateG_04\"><\/div>\n\t\t\t\t<div class=\"blockG\" id=\"rotateG_05\"><\/div>\n\t\t\t\t<div class=\"blockG\" id=\"rotateG_06\"><\/div>\n\t\t\t\t<div class=\"blockG\" id=\"rotateG_07\"><\/div>\n\t\t\t\t<div class=\"blockG\" id=\"rotateG_08\"><\/div>\n\t\t\t<\/div>\n\t\t\t<div class=\"WooZone-cross-sell-loader-text\"><\/div>\n\t\t<\/div>\n\t<\/div>\n\n\t\t\n<\/div>\n<div style=\"clear:both;\"><\/div>\n","protected":false},"excerpt":{"rendered":"Roastbeef von gl\u00fccklichen bayerischen Weidetieren\nPremium-Qualit\u00e4t aus Bayern\nMit fein-w\u00fcrzigem und saftigem Geschmack dank Vorreifung","protected":false},"featured_media":4603,"comment_status":"open","ping_status":"closed","template":"","meta":[],"product_cat":[64,54],"product_tag":[],"_links":{"self":[{"href":"https:\/\/food-shop.org\/index.php?rest_route=\/wp\/v2\/product\/4602"}],"collection":[{"href":"https:\/\/food-shop.org\/index.php?rest_route=\/wp\/v2\/product"}],"about":[{"href":"https:\/\/food-shop.org\/index.php?rest_route=\/wp\/v2\/types\/product"}],"replies":[{"embeddable":true,"href":"https:\/\/food-shop.org\/index.php?rest_route=%2Fwp%2Fv2%2Fcomments&post=4602"}],"wp:featuredmedia":[{"embeddable":true,"href":"https:\/\/food-shop.org\/index.php?rest_route=\/wp\/v2\/media\/4603"}],"wp:attachment":[{"href":"https:\/\/food-shop.org\/index.php?rest_route=%2Fwp%2Fv2%2Fmedia&parent=4602"}],"wp:term":[{"taxonomy":"product_cat","embeddable":true,"href":"https:\/\/food-shop.org\/index.php?rest_route=%2Fwp%2Fv2%2Fproduct_cat&post=4602"},{"taxonomy":"product_tag","embeddable":true,"href":"https:\/\/food-shop.org\/index.php?rest_route=%2Fwp%2Fv2%2Fproduct_tag&post=4602"}],"curies":[{"name":"wp","href":"https:\/\/api.w.org\/{rel}","templated":true}]}}