{"id":4594,"date":"2020-08-31T08:58:50","date_gmt":"2020-08-31T08:58:50","guid":{"rendered":"https:\/\/food-shop.org\/?product=fleischpaket-vom-schwein-11-kg-vorratspaket"},"modified":"2023-04-05T16:23:08","modified_gmt":"2023-04-05T16:23:08","slug":"fleischpaket-vom-schwein-11-kg-vorratspaket","status":"publish","type":"product","link":"https:\/\/food-shop.org\/?product=fleischpaket-vom-schwein-11-kg-vorratspaket","title":{"rendered":"Fleischpaket vom Schwein 11 kg &#8211; Vorratspaket"},"content":{"rendered":"<div class=\"disclaim\"> Gr\u00f6\u00dfe:<strong>11000g<\/strong> <\/div>\n<p> <!-- show up to 2 reviews by default --> <\/p>\n<h3>Produktbeschreibungen<\/h3>\n<p>Im 11 Kilo-Fleischpaket sind enthalten: ca. 4 magere Oberschalenschnitzel,1 Schweinefilet, 4 Schinkenschnitzel, 4 Minutensteaks, 2 x 600 g Schweinegulasch, 1 Kilo Schweinebraten aus der Nu\u00df, 1 Kilo Rollbraten vom Filetkotelett, 1 Kilo Kammbraten, 4 Bauchscheiben, 4 Kammkotelett, 4 magere Kotelett, 4 Kammsteaks, 1 Leiterchen vollfleischig, 1 Kammrollbraten. Die Portionierung ist f\u00fcr 4 Personen ausgelegt. Sollten Sie eine andere Anzahl w\u00fcnschen ist das nat\u00fcrlich machbar. Unser heimisches Fleisch aus frischer Schlachtung und handwerklich korrekter Zuschnitt sind die Grundlage f\u00fcr au\u00dfergew\u00f6hnliche Qualit\u00e4t. Wir bei MeinMetzger sind Spezialisten f\u00fcr perfekten Zuschnitt und kontrollierte Fleischreifung. Vertrauen Sie uns f\u00fcr tolle Fleischqualit\u00e4t.<\/p>\n<h2>Metzgerei seit 1880:<\/h2>\n<p> In der vierten Generation werden unsere Fleischwaren aus frischer Schlachtung mit handwerklichem K\u00f6nnen von Meisterhand hergestellt. Der moderne Betrieb und engagierte Mitarbeiter garantieren f\u00fcr h\u00f6chste Hygienestandards. <\/p>\n<h2>\u00dcber 15 Jahre Versanderfahrung:<\/h2>\n<p> Der Versand direkt ab Metzgerei erfolgt in der Regel innerhalb von 24 Stunden (au\u00dfer am Wochenende). Wir liefern in Isolierboxen mit K\u00fchlpads oder Trockeneis. Erst nach Bestelleingang wird Ihr Produkt geschnitten, gerichtet oder oftmals direkt frisch hergestellt. Frischeprodukte unterliegen einem schnellen Umschlag, so kann es in Ausnahmef\u00e4llen passieren, dass durch \u00fcberschneidende Bestellungen das Produkt kurzfristig nicht lieferbar ist. Wir bem\u00fchen uns immer schnellstm\u00f6glich zu liefern und senden nur in absoluten Ausnahmef\u00e4llen gleichwertigen oder h\u00f6herwertigen Ersatz. <\/p>\n<h2>Kleinstbestellungen vermeiden:<\/h2>\n<p> Bestellungen von Frischeprodukten unter 20 Euro sind \u00f6kologisch nicht sinnvoll (K\u00fchlverpackung &amp; Transportkosten). Sicherlich finden Sie aus unserem Angebot weitere leckere Produkte. <\/p>\n<h3>Inhaltsstoffe \/ Zutaten<\/h3>\n<p>Schweinefleisch &#8211; Allergene: keine <\/p>\n<p>Sch\u00f6ne Auswahl der besten St\u00fccke<br \/>\nVon Schweinen aus kleinb\u00e4uerlichen Betrieben aus Deutschland, Geburt, Aufzucht, Schlachtung.<br \/>\nAus frischer Schlachtung und Zerlegung und Herstellung.<br \/>\nAlle St\u00fccke sind separat vakuum verpackt und ausgezeichnet.<br \/>\nFrische Qualit\u00e4t, auch zum einfrieren geeignet<br \/>\n<div class=\"main-cross-sell\" data-asin=\"B00Q5L5A0I\">\n\n\t<div class=\"WooZone-cross-sell-loader\">\n\t\t<div>\n\t\t\t<div id=\"floatingBarsG\">\n\t\t\t\t<div class=\"blockG\" id=\"rotateG_01\"><\/div>\n\t\t\t\t<div class=\"blockG\" id=\"rotateG_02\"><\/div>\n\t\t\t\t<div class=\"blockG\" id=\"rotateG_03\"><\/div>\n\t\t\t\t<div class=\"blockG\" id=\"rotateG_04\"><\/div>\n\t\t\t\t<div class=\"blockG\" id=\"rotateG_05\"><\/div>\n\t\t\t\t<div class=\"blockG\" id=\"rotateG_06\"><\/div>\n\t\t\t\t<div class=\"blockG\" id=\"rotateG_07\"><\/div>\n\t\t\t\t<div class=\"blockG\" id=\"rotateG_08\"><\/div>\n\t\t\t<\/div>\n\t\t\t<div class=\"WooZone-cross-sell-loader-text\"><\/div>\n\t\t<\/div>\n\t<\/div>\n\n\t\t\n<\/div>\n<div style=\"clear:both;\"><\/div>\n","protected":false},"excerpt":{"rendered":"Sch\u00f6ne Auswahl der besten St\u00fccke\nVon Schweinen aus kleinb\u00e4uerlichen Betrieben aus Deutschland, Geburt, Aufzucht, Schlachtung.\nAus frischer Schlachtung und Zerlegung und Herstellung.","protected":false},"featured_media":4595,"comment_status":"open","ping_status":"closed","template":"","meta":[],"product_cat":[64,54],"product_tag":[],"_links":{"self":[{"href":"https:\/\/food-shop.org\/index.php?rest_route=\/wp\/v2\/product\/4594"}],"collection":[{"href":"https:\/\/food-shop.org\/index.php?rest_route=\/wp\/v2\/product"}],"about":[{"href":"https:\/\/food-shop.org\/index.php?rest_route=\/wp\/v2\/types\/product"}],"replies":[{"embeddable":true,"href":"https:\/\/food-shop.org\/index.php?rest_route=%2Fwp%2Fv2%2Fcomments&post=4594"}],"wp:featuredmedia":[{"embeddable":true,"href":"https:\/\/food-shop.org\/index.php?rest_route=\/wp\/v2\/media\/4595"}],"wp:attachment":[{"href":"https:\/\/food-shop.org\/index.php?rest_route=%2Fwp%2Fv2%2Fmedia&parent=4594"}],"wp:term":[{"taxonomy":"product_cat","embeddable":true,"href":"https:\/\/food-shop.org\/index.php?rest_route=%2Fwp%2Fv2%2Fproduct_cat&post=4594"},{"taxonomy":"product_tag","embeddable":true,"href":"https:\/\/food-shop.org\/index.php?rest_route=%2Fwp%2Fv2%2Fproduct_tag&post=4594"}],"curies":[{"name":"wp","href":"https:\/\/api.w.org\/{rel}","templated":true}]}}