{"id":4588,"date":"2020-08-31T08:58:47","date_gmt":"2020-08-31T08:58:47","guid":{"rendered":"https:\/\/food-shop.org\/?product=original-niederbayerisches-schwarzgeraeuchertes-roh-vom-metzger-keine-industrieware"},"modified":"2023-04-05T16:23:08","modified_gmt":"2023-04-05T16:23:08","slug":"original-niederbayerisches-schwarzgeraeuchertes-roh-vom-metzger-keine-industrieware","status":"publish","type":"product","link":"https:\/\/food-shop.org\/?product=original-niederbayerisches-schwarzgeraeuchertes-roh-vom-metzger-keine-industrieware","title":{"rendered":"Original Niederbayerisches Schwarzger\u00e4uchertes roh vom Metzger keine Industrieware"},"content":{"rendered":"<p><!-- show up to 2 reviews by default --> <\/p>\n<h3>Produktbeschreibungen<\/h3>\n<p>Sie kaufen hier ein St\u00fcck Original Niederbayerisches Bauernger\u00e4uchertes (roh ger\u00e4uchert) mit ca. 1,2kg aus dem Schinken. Das Ger\u00e4ucherte wird aus dem Schweineschlegel (Keule) hergestellt. Es wird nach alter Tradition von einem kleinen Metzger aus dem Landkreis Landshut hergestellt (keine Fabrikware). Das Fleisch wird 5 Wochen eingesalzen (eingesurt) bevor es in den Rauch kommt. Dann wird es 1 Woche mit heimischen H\u00f6lzern bei ca. 20 Grad Kaltger\u00e4uchert, dadurch erh\u00e4lt es seinen typischen Rauchgeschmack. Perfekt geeignet f\u00fcr eine z\u00fcnftige Brotzeit mit K\u00e4se und Bauernbrot. Das Fleisch f\u00fcr das Ger\u00e4ucherte stammt von Bauern aus der Umbegung. Lagerung: K\u00fchl lagern, nicht der Sonne aussetzen. <\/p>\n<h3>Inhaltsstoffe \/ Zutaten<\/h3>\n<p>Schweinekeule 93%, Speisesalz, Zucker, Zwiebeln, Gew\u00fcrze, Dextrose, Antioxidationsmittel: Natriumascorbat E 301, Knoblauch, nat\u00fcrliches Aroma, Kalliumjodat, Konservierungsstoff: Natriumnitrit E 250, Buchenholzrauch <\/p>\n<div data-a-expander-name=\"toggle_description\" class=\"a-row a-expander-container a-expander-extend-container\">\n<div class=\"a-expander-content a-expander-extend-content\">\n<h3>Anschrift Hersteller\/Importeur<\/h3>\n<p>Metzgerei Fleischmann, Ahrainer Str. 13, 84051 Essenbach <\/p>\n<\/p><\/div>\n<p> <a href=\"void(0)\" data-action=\"a-expander-toggle\" class=\"a-expander-header a-declarative a-expander-extend-header\" data-a-expander-toggle=\"{\"><i class=\"a-icon a-icon-extender-expand\"><\/i><span class=\"a-expander-prompt\">Weitere Informationen<\/span><\/a> <\/div>\n<div class=\"main-cross-sell\" data-asin=\"B01N3Z8NSS\">\n\n\t<div class=\"WooZone-cross-sell-loader\">\n\t\t<div>\n\t\t\t<div id=\"floatingBarsG\">\n\t\t\t\t<div class=\"blockG\" id=\"rotateG_01\"><\/div>\n\t\t\t\t<div class=\"blockG\" id=\"rotateG_02\"><\/div>\n\t\t\t\t<div class=\"blockG\" id=\"rotateG_03\"><\/div>\n\t\t\t\t<div class=\"blockG\" id=\"rotateG_04\"><\/div>\n\t\t\t\t<div class=\"blockG\" id=\"rotateG_05\"><\/div>\n\t\t\t\t<div class=\"blockG\" id=\"rotateG_06\"><\/div>\n\t\t\t\t<div class=\"blockG\" id=\"rotateG_07\"><\/div>\n\t\t\t\t<div class=\"blockG\" id=\"rotateG_08\"><\/div>\n\t\t\t<\/div>\n\t\t\t<div class=\"WooZone-cross-sell-loader-text\"><\/div>\n\t\t<\/div>\n\t<\/div>\n\n\t\t\n<\/div>\n<div style=\"clear:both;\"><\/div>\n","protected":false},"excerpt":{"rendered":"Produktbeschreibungen Sie kaufen hier ein St\u00fcck Original Niederbayerisches Bauernger\u00e4uchertes (roh ger\u00e4uchert) mit ca. 1,2kg aus dem Schinken. Das Ger\u00e4ucherte wird aus dem Schweineschlegel (Keule) hergestellt. Es wird nach alter Tradition von einem kleinen Metzger aus dem Landkreis Landshut hergestellt (keine Fabrikware). Das Fleisch wird 5 Wochen eingesalzen (eingesurt) bevor es in den Rauch kommt. Dann [...]","protected":false},"featured_media":4589,"comment_status":"open","ping_status":"closed","template":"","meta":[],"product_cat":[64,54],"product_tag":[],"_links":{"self":[{"href":"https:\/\/food-shop.org\/index.php?rest_route=\/wp\/v2\/product\/4588"}],"collection":[{"href":"https:\/\/food-shop.org\/index.php?rest_route=\/wp\/v2\/product"}],"about":[{"href":"https:\/\/food-shop.org\/index.php?rest_route=\/wp\/v2\/types\/product"}],"replies":[{"embeddable":true,"href":"https:\/\/food-shop.org\/index.php?rest_route=%2Fwp%2Fv2%2Fcomments&post=4588"}],"wp:featuredmedia":[{"embeddable":true,"href":"https:\/\/food-shop.org\/index.php?rest_route=\/wp\/v2\/media\/4589"}],"wp:attachment":[{"href":"https:\/\/food-shop.org\/index.php?rest_route=%2Fwp%2Fv2%2Fmedia&parent=4588"}],"wp:term":[{"taxonomy":"product_cat","embeddable":true,"href":"https:\/\/food-shop.org\/index.php?rest_route=%2Fwp%2Fv2%2Fproduct_cat&post=4588"},{"taxonomy":"product_tag","embeddable":true,"href":"https:\/\/food-shop.org\/index.php?rest_route=%2Fwp%2Fv2%2Fproduct_tag&post=4588"}],"curies":[{"name":"wp","href":"https:\/\/api.w.org\/{rel}","templated":true}]}}