{"id":10622,"date":"2020-09-01T12:40:50","date_gmt":"2020-09-01T12:40:50","guid":{"rendered":"https:\/\/food-shop.org\/?product=pataks-tandoori-marinade-paste-6er-pack-6-x-312-g"},"modified":"2023-04-06T16:44:52","modified_gmt":"2023-04-06T16:44:52","slug":"pataks-tandoori-marinade-paste-6er-pack-6-x-312-g","status":"publish","type":"product","link":"https:\/\/food-shop.org\/?product=pataks-tandoori-marinade-paste-6er-pack-6-x-312-g","title":{"rendered":"Patak&#8217;s Tandoori Marinade Paste, 6er Pack (6 x 312 g)"},"content":{"rendered":"<p><!-- show up to 2 reviews by default --> <\/p>\n<h3>Produktbeschreibungen<\/h3>\n<p>Dieses Produkt ist in Verbindung mit Pflanzen\u00f6l und einfachem Joghurt ideal zum Bestreichen von H\u00fchnerfleisch. Es darf keinesfalls roh gegessen werden, sondern ist ausschlie\u00dflich zum W\u00fcrzen von Fleisch zu verwenden. <\/p>\n<h3>Inhaltsstoffe \/ Zutaten<\/h3>\n<p>Zutaten: Wasser, Ingwerp\u00fcree, gemahlene Gew\u00fcrze 11% (Koriander, Kreuzk\u00fcmmel, Paprika, Gew\u00fcrze), Tamarinden, Salz, S\u00e4uerungsmittel (Essigs\u00e4ure, Milchs\u00e4ure), Knoblauchpulver, Farbstoffe (E163, E122, E129). <\/p>\n<div data-a-expander-name=\"toggle_description\" class=\"a-row a-expander-container a-expander-extend-container\">\n<div class=\"a-expander-content a-expander-extend-content\">\n<h3>Gebrauchsanweisung<\/h3>\n<p>Dieses Produkt darf nicht in ungekochtem Zustand verzehrt werden! Zubereitung: Vor Gebrauch gut umr\u00fchren. Die Paste mit den gew\u00fcnschten Zutaten mischen und bis zu 24 Stunden abgedeckt im K\u00fchlschrank marinieren lassen. Anschlie\u00dfend im Backofen schmoren, unter dem Backofengrill garen oder auf einem Grill zubereiten. <\/p>\n<h3>Warnhinweise<\/h3>\n<p>Dieses Produkt darf nicht in ungekochtem Zustand verzehrt werden! <\/p>\n<h3>Anschrift Hersteller\/Importeur<\/h3>\n<p>P.O. Box 30202, 6370 KE, Landgraaf, Netherlands. <\/p>\n<\/p><\/div>\n<p> <a href=\"void(0)\" data-action=\"a-expander-toggle\" class=\"a-expander-header a-declarative a-expander-extend-header\" data-a-expander-toggle=\"{\"><i class=\"a-icon a-icon-extender-expand\"><\/i><span class=\"a-expander-prompt\">Weitere Informationen<\/span><\/a> <\/div>\n<p>zum W\u00fcrzen von Speisen<br \/>\nnicht nur in der indischen K\u00fcche<br \/>\nAuthentisch<br \/>\n<div class=\"main-cross-sell\" data-asin=\"B008DPY3BG\">\n\n\t<div class=\"WooZone-cross-sell-loader\">\n\t\t<div>\n\t\t\t<div id=\"floatingBarsG\">\n\t\t\t\t<div class=\"blockG\" id=\"rotateG_01\"><\/div>\n\t\t\t\t<div class=\"blockG\" id=\"rotateG_02\"><\/div>\n\t\t\t\t<div class=\"blockG\" id=\"rotateG_03\"><\/div>\n\t\t\t\t<div class=\"blockG\" id=\"rotateG_04\"><\/div>\n\t\t\t\t<div class=\"blockG\" id=\"rotateG_05\"><\/div>\n\t\t\t\t<div class=\"blockG\" id=\"rotateG_06\"><\/div>\n\t\t\t\t<div class=\"blockG\" id=\"rotateG_07\"><\/div>\n\t\t\t\t<div class=\"blockG\" id=\"rotateG_08\"><\/div>\n\t\t\t<\/div>\n\t\t\t<div class=\"WooZone-cross-sell-loader-text\"><\/div>\n\t\t<\/div>\n\t<\/div>\n\n\t\t\n<\/div>\n<div style=\"clear:both;\"><\/div>\n","protected":false},"excerpt":{"rendered":"zum W\u00fcrzen von Speisen\nnicht nur in der indischen K\u00fcche\nAuthentisch","protected":false},"featured_media":10623,"comment_status":"open","ping_status":"closed","template":"","meta":[],"product_cat":[57,59],"product_tag":[],"_links":{"self":[{"href":"https:\/\/food-shop.org\/index.php?rest_route=\/wp\/v2\/product\/10622"}],"collection":[{"href":"https:\/\/food-shop.org\/index.php?rest_route=\/wp\/v2\/product"}],"about":[{"href":"https:\/\/food-shop.org\/index.php?rest_route=\/wp\/v2\/types\/product"}],"replies":[{"embeddable":true,"href":"https:\/\/food-shop.org\/index.php?rest_route=%2Fwp%2Fv2%2Fcomments&post=10622"}],"wp:featuredmedia":[{"embeddable":true,"href":"https:\/\/food-shop.org\/index.php?rest_route=\/wp\/v2\/media\/10623"}],"wp:attachment":[{"href":"https:\/\/food-shop.org\/index.php?rest_route=%2Fwp%2Fv2%2Fmedia&parent=10622"}],"wp:term":[{"taxonomy":"product_cat","embeddable":true,"href":"https:\/\/food-shop.org\/index.php?rest_route=%2Fwp%2Fv2%2Fproduct_cat&post=10622"},{"taxonomy":"product_tag","embeddable":true,"href":"https:\/\/food-shop.org\/index.php?rest_route=%2Fwp%2Fv2%2Fproduct_tag&post=10622"}],"curies":[{"name":"wp","href":"https:\/\/api.w.org\/{rel}","templated":true}]}}