{"id":10614,"date":"2020-09-01T12:40:45","date_gmt":"2020-09-01T12:40:45","guid":{"rendered":"https:\/\/food-shop.org\/?product=stubbs-hickory-liquid-smoke-1er-pack-1x148ml"},"modified":"2023-04-06T16:44:52","modified_gmt":"2023-04-06T16:44:52","slug":"stubbs-hickory-liquid-smoke-1er-pack-1x148ml","status":"publish","type":"product","link":"https:\/\/food-shop.org\/?product=stubbs-hickory-liquid-smoke-1er-pack-1x148ml","title":{"rendered":"Stubb&#8217;s Hickory Liquid Smoke, 1er Pack (1x148ml)"},"content":{"rendered":"<div class=\"disclaim\"> St\u00fcckzahl:<strong>1<\/strong> <\/div>\n<p> <!-- show up to 2 reviews by default --> <\/p>\n<h3>Produktbeschreibung<\/h3>\n<p>Stubb&#8217;s Hickory Liquid Smoke<br \/> Mit dieser Sauce verfeinern Sie Ihre eigenen Kreationen mit dem unverwechselbaren rauchigen Geschmack von Stubb&#8217;s BBQ Saucen hinzu. R\u00e4ucherholz: Hickory <br \/>F\u00fcllmenge: 145 ml (3,41\u20ac\/100ml)<\/p>\n<p> Herkunftsland USA Marke Stubb&#8217;s <br \/> Hinweis Bitte k\u00fchl und trocken aufbewahren, nach dem \u00d6ffnen gut wieder verschlie\u00dfen und alsbald verzehren. Enth\u00e4lt Soja. Hersteller Stubb&#8217;s <br \/> Abtropfgewicht 145ml <\/p>\n<p> Zutaten Wasser, Salz, Gew\u00fcrze, Maissirup, Essig, Zuckerkul\u00f6r, Sojasauce, Hickory Raucharoma. <br \/> Lieferant<br \/> Rumo BBQ GmbH, Im Bolz 4, 56253, Treis-Karden, Deutschland <br \/>100ml <\/p>\n<p> N\u00e4hrwertangaben Brennwert\/Energie: 0kj\/0kcal<br \/>Eiwei\u00df: 0g<br \/>Kohlenhydrate: 0g<br \/>davon Zucker: 0g<br \/>Ballaststoffe: 0g<br \/>Fett: 0g<br \/>ges\u00e4ttigte Fetts\u00e4uren: 0g<br \/>einfach unges\u00e4ttigte Fetts\u00e4uren: 0g<br \/>mehrfach unges\u00e4ttigte Fetts\u00e4uren: 0g<br \/>Salz: 2,25g <\/p>\n<h3>Gebrauchsanweisung<\/h3>\n<p>Zum Zubereiten von Saucen \/ Nicht zum direkten Verzehr geeignet! <\/p>\n<div data-a-expander-name=\"toggle_description\" class=\"a-row a-expander-container a-expander-extend-container\">\n<div class=\"a-expander-content a-expander-extend-content\">\n<h3>Anschrift Hersteller\/Importeur<\/h3>\n<p>RUMO BBQ GmbH, D-56253 Treis-Karden <\/p>\n<\/p><\/div>\n<p> <a href=\"void(0)\" data-action=\"a-expander-toggle\" class=\"a-expander-header a-declarative a-expander-extend-header\" data-a-expander-toggle=\"{\"><i class=\"a-icon a-icon-extender-expand\"><\/i><span class=\"a-expander-prompt\">Weitere Informationen<\/span><\/a> <\/div>\n<p>Stubbs Hickory Liquid Smoke 148ml<br \/>\n1 x 148ml Flasche<br \/>\n<div class=\"main-cross-sell\" data-asin=\"B0011BPCVO\">\n\n\t<div class=\"WooZone-cross-sell-loader\">\n\t\t<div>\n\t\t\t<div id=\"floatingBarsG\">\n\t\t\t\t<div class=\"blockG\" id=\"rotateG_01\"><\/div>\n\t\t\t\t<div class=\"blockG\" id=\"rotateG_02\"><\/div>\n\t\t\t\t<div class=\"blockG\" id=\"rotateG_03\"><\/div>\n\t\t\t\t<div class=\"blockG\" id=\"rotateG_04\"><\/div>\n\t\t\t\t<div class=\"blockG\" id=\"rotateG_05\"><\/div>\n\t\t\t\t<div class=\"blockG\" id=\"rotateG_06\"><\/div>\n\t\t\t\t<div class=\"blockG\" id=\"rotateG_07\"><\/div>\n\t\t\t\t<div class=\"blockG\" id=\"rotateG_08\"><\/div>\n\t\t\t<\/div>\n\t\t\t<div class=\"WooZone-cross-sell-loader-text\"><\/div>\n\t\t<\/div>\n\t<\/div>\n\n\t\t\n<\/div>\n<div style=\"clear:both;\"><\/div>\n","protected":false},"excerpt":{"rendered":"Stubbs Hickory Liquid Smoke 148ml\n1 x 148ml Flasche","protected":false},"featured_media":10615,"comment_status":"open","ping_status":"closed","template":"","meta":[],"product_cat":[57,59],"product_tag":[],"_links":{"self":[{"href":"https:\/\/food-shop.org\/index.php?rest_route=\/wp\/v2\/product\/10614"}],"collection":[{"href":"https:\/\/food-shop.org\/index.php?rest_route=\/wp\/v2\/product"}],"about":[{"href":"https:\/\/food-shop.org\/index.php?rest_route=\/wp\/v2\/types\/product"}],"replies":[{"embeddable":true,"href":"https:\/\/food-shop.org\/index.php?rest_route=%2Fwp%2Fv2%2Fcomments&post=10614"}],"wp:featuredmedia":[{"embeddable":true,"href":"https:\/\/food-shop.org\/index.php?rest_route=\/wp\/v2\/media\/10615"}],"wp:attachment":[{"href":"https:\/\/food-shop.org\/index.php?rest_route=%2Fwp%2Fv2%2Fmedia&parent=10614"}],"wp:term":[{"taxonomy":"product_cat","embeddable":true,"href":"https:\/\/food-shop.org\/index.php?rest_route=%2Fwp%2Fv2%2Fproduct_cat&post=10614"},{"taxonomy":"product_tag","embeddable":true,"href":"https:\/\/food-shop.org\/index.php?rest_route=%2Fwp%2Fv2%2Fproduct_tag&post=10614"}],"curies":[{"name":"wp","href":"https:\/\/api.w.org\/{rel}","templated":true}]}}