{"id":10589,"date":"2020-09-01T12:40:29","date_gmt":"2020-09-01T12:40:29","guid":{"rendered":"https:\/\/food-shop.org\/?product=hp-bbq-classic-sauce-400-ml"},"modified":"2023-04-06T16:44:52","modified_gmt":"2023-04-06T16:44:52","slug":"hp-bbq-classic-sauce-400-ml","status":"publish","type":"product","link":"https:\/\/food-shop.org\/?product=hp-bbq-classic-sauce-400-ml","title":{"rendered":"HP BBQ Classic Sauce, 400 ml"},"content":{"rendered":"<p><!-- show up to 2 reviews by default --> <\/p>\n<h3>Produktbeschreibung<\/h3>\n<p>Die hp bbq Classic Sauce mit dem herzhaft rauchigem Geschmack ist l\u00e4sst sich ideal mit Gegrilltem kombinieren. Ob als Sauce, Dip oder Marinade, HP BBQ ist vielf\u00e4ltig einsetzbar um Gerichte zu verfeinern. Durch die praktische kopfsteher-Squeezeflasche hat man immer die richtige Portion auf dem Teller. <\/p>\n<h3>Inhaltsstoffe \/ Zutaten<\/h3>\n<p>Zutaten: Tomaten, Branntweinessig*, Glukose-Fruktosesirup, Melasse, Zucker, modifizierte Maisst\u00e4rke, Salz, Gew\u00fcrze, Raucharoma, Aromen. *\u00d6sterreich: Weingeistessig <\/p>\n<div data-a-expander-name=\"toggle_description\" class=\"a-row a-expander-container a-expander-extend-container\">\n<div class=\"a-expander-content a-expander-extend-content\">\n<h3>Gebrauchsanweisung<\/h3>\n<p>Verzehrfertig: zum sofortigen Verzehr. <\/p>\n<h3>Anschrift Hersteller\/Importeur<\/h3>\n<p>Erkrather Str. 228b, 40233 D\u00fcsseldorf <\/p>\n<\/p><\/div>\n<p> <a href=\"void(0)\" data-action=\"a-expander-toggle\" class=\"a-expander-header a-declarative a-expander-extend-header\" data-a-expander-toggle=\"{\"><i class=\"a-icon a-icon-extender-expand\"><\/i><span class=\"a-expander-prompt\">Weitere Informationen<\/span><\/a> <\/div>\n<p>Als Sauce, Dip oder Marinade<br \/>\nHerzhaft rauchig im Geschmack<br \/>\nIdeal zu Gegrilltem<br \/>\nIn der Kopfsteher-Squeezeflasche<br \/>\n<div class=\"main-cross-sell\" data-asin=\"B0147BOI32\">\n\n\t<div class=\"WooZone-cross-sell-loader\">\n\t\t<div>\n\t\t\t<div id=\"floatingBarsG\">\n\t\t\t\t<div class=\"blockG\" id=\"rotateG_01\"><\/div>\n\t\t\t\t<div class=\"blockG\" id=\"rotateG_02\"><\/div>\n\t\t\t\t<div class=\"blockG\" id=\"rotateG_03\"><\/div>\n\t\t\t\t<div class=\"blockG\" id=\"rotateG_04\"><\/div>\n\t\t\t\t<div class=\"blockG\" id=\"rotateG_05\"><\/div>\n\t\t\t\t<div class=\"blockG\" id=\"rotateG_06\"><\/div>\n\t\t\t\t<div class=\"blockG\" id=\"rotateG_07\"><\/div>\n\t\t\t\t<div class=\"blockG\" id=\"rotateG_08\"><\/div>\n\t\t\t<\/div>\n\t\t\t<div class=\"WooZone-cross-sell-loader-text\"><\/div>\n\t\t<\/div>\n\t<\/div>\n\n\t\t\n<\/div>\n<div style=\"clear:both;\"><\/div>\n","protected":false},"excerpt":{"rendered":"Als Sauce, Dip oder Marinade\nHerzhaft rauchig im Geschmack\nIdeal zu Gegrilltem","protected":false},"featured_media":10590,"comment_status":"open","ping_status":"closed","template":"","meta":[],"product_cat":[57,59],"product_tag":[],"_links":{"self":[{"href":"https:\/\/food-shop.org\/index.php?rest_route=\/wp\/v2\/product\/10589"}],"collection":[{"href":"https:\/\/food-shop.org\/index.php?rest_route=\/wp\/v2\/product"}],"about":[{"href":"https:\/\/food-shop.org\/index.php?rest_route=\/wp\/v2\/types\/product"}],"replies":[{"embeddable":true,"href":"https:\/\/food-shop.org\/index.php?rest_route=%2Fwp%2Fv2%2Fcomments&post=10589"}],"wp:featuredmedia":[{"embeddable":true,"href":"https:\/\/food-shop.org\/index.php?rest_route=\/wp\/v2\/media\/10590"}],"wp:attachment":[{"href":"https:\/\/food-shop.org\/index.php?rest_route=%2Fwp%2Fv2%2Fmedia&parent=10589"}],"wp:term":[{"taxonomy":"product_cat","embeddable":true,"href":"https:\/\/food-shop.org\/index.php?rest_route=%2Fwp%2Fv2%2Fproduct_cat&post=10589"},{"taxonomy":"product_tag","embeddable":true,"href":"https:\/\/food-shop.org\/index.php?rest_route=%2Fwp%2Fv2%2Fproduct_tag&post=10589"}],"curies":[{"name":"wp","href":"https:\/\/api.w.org\/{rel}","templated":true}]}}