{"id":10583,"date":"2020-09-01T12:40:24","date_gmt":"2020-09-01T12:40:24","guid":{"rendered":"https:\/\/food-shop.org\/?product=beef-booster-brisket-und-steak-gewuerz-im-streuer-230gr"},"modified":"2023-04-06T16:44:52","modified_gmt":"2023-04-06T16:44:52","slug":"beef-booster-brisket-und-steak-gewuerz-im-streuer-230gr","status":"publish","type":"product","link":"https:\/\/food-shop.org\/?product=beef-booster-brisket-und-steak-gewuerz-im-streuer-230gr","title":{"rendered":"Ankerkraut Beef Booster, Rub Brisket und Steak Gew\u00fcrz, Gew\u00fcrzmischung f\u00fcr Fleisch, 230g im Streuer"},"content":{"rendered":"<p><!-- show up to 2 reviews by default --> <\/p>\n<h3>Produktbeschreibung<\/h3>\n<p>Das Ankerkraut BBQ-Rub &#8222;Beef Booster&#8220; ist eine speziell f\u00fcr Rindfleisch entworfene Trockenmarinade. Die ungew\u00f6hnlichen Zutaten Fenchel und Lavendel harmonieren perfekt mit Kreuzk\u00fcmmel. Probieren Sie Beef Booster doch mal auf Rinder-Rippen oder auf einem Brisket, Sie werden es lieben! N\u00e4hrwerte je 100g: Brennwert: 930kJ (220kcal); Fett: 3,6g; davon ges\u00e4ttigte Fetts\u00e4uren: 0,6g; Kohlenhydrate: 34g; davon Zucker: 28g; Eiwei\u00df: 7,5g; Salz: 33,4g <\/p>\n<h3>Inhaltsstoffe \/ Zutaten<\/h3>\n<p>Zutaten: Meersalz, schwarzer Pfeffer, Paprika edels\u00fc\u00df, Knoblauch, Zwiebel, Roh-Rohrzucker, wei\u00dfer Pfeffer, Paprikagranulat rot, Chilischrot, Cumin, Fenchel, Lavendel\/ Kann Spuren von Senf und Sellerie enthalten. <\/p>\n<div data-a-expander-name=\"toggle_description\" class=\"a-row a-expander-container a-expander-extend-container\">\n<div class=\"a-expander-content a-expander-extend-content\">\n<h3>Anschrift Hersteller\/Importeur<\/h3>\n<p>Reindorfer Osterberg 75, 21266 Jesteburg <\/p>\n<\/p><\/div>\n<p> <a href=\"void(0)\" data-action=\"a-expander-toggle\" class=\"a-expander-header a-declarative a-expander-extend-header\" data-a-expander-toggle=\"{\"><i class=\"a-icon a-icon-extender-expand\"><\/i><span class=\"a-expander-prompt\">Weitere Informationen<\/span><\/a> <\/div>\n<p>Ohne Zusatz von Geschmacksverst\u00e4rkern, Rieselhilfen oder Farbstoffen.<br \/>\nBBQ Rub im praktischen UV-lichtgesch\u00fctzem und wieder nachf\u00fcllbaren Streuer<br \/>\nReiben Sie Ihr Grillgut einfach mit etwas \u00d6l ein und verteilen und klopfen Sie dann das BBQ-Rub.<br \/>\n<div class=\"main-cross-sell\" data-asin=\"B00SVAG334\">\n\n\t<div class=\"WooZone-cross-sell-loader\">\n\t\t<div>\n\t\t\t<div id=\"floatingBarsG\">\n\t\t\t\t<div class=\"blockG\" id=\"rotateG_01\"><\/div>\n\t\t\t\t<div class=\"blockG\" id=\"rotateG_02\"><\/div>\n\t\t\t\t<div class=\"blockG\" id=\"rotateG_03\"><\/div>\n\t\t\t\t<div class=\"blockG\" id=\"rotateG_04\"><\/div>\n\t\t\t\t<div class=\"blockG\" id=\"rotateG_05\"><\/div>\n\t\t\t\t<div class=\"blockG\" id=\"rotateG_06\"><\/div>\n\t\t\t\t<div class=\"blockG\" id=\"rotateG_07\"><\/div>\n\t\t\t\t<div class=\"blockG\" id=\"rotateG_08\"><\/div>\n\t\t\t<\/div>\n\t\t\t<div class=\"WooZone-cross-sell-loader-text\"><\/div>\n\t\t<\/div>\n\t<\/div>\n\n\t\t\n<\/div>\n<div style=\"clear:both;\"><\/div>\n","protected":false},"excerpt":{"rendered":"Ohne Zusatz von Geschmacksverst\u00e4rkern, Rieselhilfen oder Farbstoffen.\nBBQ Rub im praktischen UV-lichtgesch\u00fctzem und wieder nachf\u00fcllbaren Streuer\nReiben Sie Ihr Grillgut einfach mit etwas \u00d6l ein und verteilen und klopfen Sie dann das BBQ-Rub.","protected":false},"featured_media":10584,"comment_status":"open","ping_status":"closed","template":"","meta":[],"product_cat":[57,59],"product_tag":[],"_links":{"self":[{"href":"https:\/\/food-shop.org\/index.php?rest_route=\/wp\/v2\/product\/10583"}],"collection":[{"href":"https:\/\/food-shop.org\/index.php?rest_route=\/wp\/v2\/product"}],"about":[{"href":"https:\/\/food-shop.org\/index.php?rest_route=\/wp\/v2\/types\/product"}],"replies":[{"embeddable":true,"href":"https:\/\/food-shop.org\/index.php?rest_route=%2Fwp%2Fv2%2Fcomments&post=10583"}],"wp:featuredmedia":[{"embeddable":true,"href":"https:\/\/food-shop.org\/index.php?rest_route=\/wp\/v2\/media\/10584"}],"wp:attachment":[{"href":"https:\/\/food-shop.org\/index.php?rest_route=%2Fwp%2Fv2%2Fmedia&parent=10583"}],"wp:term":[{"taxonomy":"product_cat","embeddable":true,"href":"https:\/\/food-shop.org\/index.php?rest_route=%2Fwp%2Fv2%2Fproduct_cat&post=10583"},{"taxonomy":"product_tag","embeddable":true,"href":"https:\/\/food-shop.org\/index.php?rest_route=%2Fwp%2Fv2%2Fproduct_tag&post=10583"}],"curies":[{"name":"wp","href":"https:\/\/api.w.org\/{rel}","templated":true}]}}