{"id":10574,"date":"2020-09-01T12:40:14","date_gmt":"2020-09-01T12:40:14","guid":{"rendered":"https:\/\/food-shop.org\/?product=1a-raps-gewuerze-1000669-010-marinox-knobli-eimer-5kg"},"modified":"2023-04-06T16:44:52","modified_gmt":"2023-04-06T16:44:52","slug":"1a-raps-gewuerze-1000669-010-marinox-knobli-eimer-5kg","status":"publish","type":"product","link":"https:\/\/food-shop.org\/?product=1a-raps-gewuerze-1000669-010-marinox-knobli-eimer-5kg","title":{"rendered":"1a RAPS Gew\u00fcrze &#8211; MARINOX KNOBLI &#8212; Eimer 5kg &#8212; 1000669-010"},"content":{"rendered":"<p><!-- show up to 2 reviews by default --> <\/p>\n<p>1a RAPS Gew\u00fcrze 1000669-010 MARINOX KNOBLI &#8212; Eimer 5kg <\/p>\n<p>Das k\u00f6nnen Sie erwarten: ein hochwertiges, geschmacklich einzigartiges Produkt, das auch den professionellen Anspr\u00fcchen gen\u00fcgt.<br \/>\n1a RAPS Gew\u00fcrze 1000669-010 MARINOX KNOBLI &#8212; Eimer 5kg<br \/>\nRAPS Verfeinert. Veredelt. Vollendet.<br \/>\nMindesthaltbarkeit: 6-12 Monate<br \/>\n<div class=\"main-cross-sell\" data-asin=\"B00BB936ZK\">\n\n\t<div class=\"WooZone-cross-sell-loader\">\n\t\t<div>\n\t\t\t<div id=\"floatingBarsG\">\n\t\t\t\t<div class=\"blockG\" id=\"rotateG_01\"><\/div>\n\t\t\t\t<div class=\"blockG\" id=\"rotateG_02\"><\/div>\n\t\t\t\t<div class=\"blockG\" id=\"rotateG_03\"><\/div>\n\t\t\t\t<div class=\"blockG\" id=\"rotateG_04\"><\/div>\n\t\t\t\t<div class=\"blockG\" id=\"rotateG_05\"><\/div>\n\t\t\t\t<div class=\"blockG\" id=\"rotateG_06\"><\/div>\n\t\t\t\t<div class=\"blockG\" id=\"rotateG_07\"><\/div>\n\t\t\t\t<div class=\"blockG\" id=\"rotateG_08\"><\/div>\n\t\t\t<\/div>\n\t\t\t<div class=\"WooZone-cross-sell-loader-text\"><\/div>\n\t\t<\/div>\n\t<\/div>\n\n\t\t\n<\/div>\n<div style=\"clear:both;\"><\/div>\n","protected":false},"excerpt":{"rendered":"Das k\u00f6nnen Sie erwarten: ein hochwertiges, geschmacklich einzigartiges Produkt, das auch den professionellen Anspr\u00fcchen gen\u00fcgt.\n1a RAPS Gew\u00fcrze 1000669-010 MARINOX KNOBLI --- Eimer 5kg\nRAPS Verfeinert. Veredelt. Vollendet.","protected":false},"featured_media":10575,"comment_status":"open","ping_status":"closed","template":"","meta":[],"product_cat":[57,59],"product_tag":[],"_links":{"self":[{"href":"https:\/\/food-shop.org\/index.php?rest_route=\/wp\/v2\/product\/10574"}],"collection":[{"href":"https:\/\/food-shop.org\/index.php?rest_route=\/wp\/v2\/product"}],"about":[{"href":"https:\/\/food-shop.org\/index.php?rest_route=\/wp\/v2\/types\/product"}],"replies":[{"embeddable":true,"href":"https:\/\/food-shop.org\/index.php?rest_route=%2Fwp%2Fv2%2Fcomments&post=10574"}],"wp:featuredmedia":[{"embeddable":true,"href":"https:\/\/food-shop.org\/index.php?rest_route=\/wp\/v2\/media\/10575"}],"wp:attachment":[{"href":"https:\/\/food-shop.org\/index.php?rest_route=%2Fwp%2Fv2%2Fmedia&parent=10574"}],"wp:term":[{"taxonomy":"product_cat","embeddable":true,"href":"https:\/\/food-shop.org\/index.php?rest_route=%2Fwp%2Fv2%2Fproduct_cat&post=10574"},{"taxonomy":"product_tag","embeddable":true,"href":"https:\/\/food-shop.org\/index.php?rest_route=%2Fwp%2Fv2%2Fproduct_tag&post=10574"}],"curies":[{"name":"wp","href":"https:\/\/api.w.org\/{rel}","templated":true}]}}