{"id":10566,"date":"2020-09-01T12:40:10","date_gmt":"2020-09-01T12:40:10","guid":{"rendered":"https:\/\/food-shop.org\/?product=schuhbecks-gewuerz-steak-grillgewuerzzubereitung-1er-pack-1-x-60-g"},"modified":"2023-04-06T16:44:52","modified_gmt":"2023-04-06T16:44:52","slug":"schuhbecks-gewuerz-steak-grillgewuerzzubereitung-1er-pack-1-x-60-g","status":"publish","type":"product","link":"https:\/\/food-shop.org\/?product=schuhbecks-gewuerz-steak-grillgewuerzzubereitung-1er-pack-1-x-60-g","title":{"rendered":"Schuhbecks Gew\u00fcrz Steak &amp; Grillgew\u00fcrzzubereitung, 1er Pack, 1 x 60 g"},"content":{"rendered":"<p><!-- show up to 2 reviews by default --> <\/p>\n<h3>Produktbeschreibung<\/h3>\n<p><b>Schuhbecks Gew\u00fcrze Fischgew\u00fcrz zum Braten und Grillen <\/b><\/p>\n<p>Unverzichtbar f\u00fcr jeden Fischliebhaber! Das harmonisch-kr\u00e4uterw\u00fcrzige, fein salzige Aroma der einzigartigen Gew\u00fcrzmischung vom Sternekoch eignet sich ideal zum Grillen und Braten von Fisch. Auch f\u00fcr schmackhafte Marinaden geeignet, unterst\u00fctzt das Fischgew\u00fcrz dabei den Eigengeschmack des Fisches und rundet seinen Geschmack perfekt ab. F\u00fcr eine Marinade wird etwa 1 TL Gew\u00fcrz in 4 EL \u00d6l einger\u00fchrt. Die Fischfilets anschlie\u00dfend darin werden, um sie dann ohne weitere Zugabe von Fett bei mittlerer Hitze in der Pfanne zu braten. Geheimtipp: Das Gew\u00fcrzsalz zaubert auch leckere Saucen! So zum Beispiel Butter- und Oliven\u00f6lsaucen, die durch das aromatische Zusammenspiel der 13 Gew\u00fcrze und Kr\u00e4uter eine besondere, kulinarische Note bekommen. Hochgenuss garantiert!<\/p>\n<p><b>Schuhbecks Gew\u00fcrze \u2013 die Gew\u00fcrze des Sternekochs!<\/b><\/p>\n<p>\u00bb Liefermenge: 1 x 60 g <br \/>\u00bb Aroma: harmonisch kr\u00e4uterw\u00fcrzig, fein salzig<br \/>\u00bb Inhaltsstoffe: Meersalz, Knoblauch, Ingwer, Koriander, Kurkuma, Paprika, Chili, Fenchel, Thymian, Bohnenkraut, Majoran, Oregano, Rosmarin<br \/>\u00bb Frei von Laktose &amp; glutenhaltigen Zutaten<br \/>\u00bb Aufbewahrung: luftdicht, lichtgesch\u00fctzt und trocken lagern<\/p>\n<p>Schuhbecks steht f\u00fcr W\u00fcrzen auf h\u00f6chstem Niveau. Die au\u00dfergew\u00f6hnliche Koch- und W\u00fcrzkompetenz des Starkochs Alfons Schuhbeck findet sich in seiner Produktlinie wieder, die speziell f\u00fcr klassische, exotische und internationale Gew\u00fcrzkompositionen steht und somit die Sternek\u00fcche auch nach Hause bringt. <\/p>\n<h3>Inhaltsstoffe \/ Zutaten<\/h3>\n<p>Zutaten: Meersalz, Knoblauch, Paprika edels\u00fc\u00df, Kurkuma, Koriander, Pfeffer schwarz, Kardamom, SENFMEHL, Ingwer, Zimt, Zucker, Thymian, Rosa Beeren (Schinus terebinthifolius), Kaffeebohnen gemahlen, Oregano, Majoran, Bohnenkraut, Rosmarin. <\/p>\n<div data-a-expander-name=\"toggle_description\" class=\"a-row a-expander-container a-expander-extend-container\">\n<div class=\"a-expander-content a-expander-extend-content\">\n<h3>Anschrift Hersteller\/Importeur<\/h3>\n<p>Am Platzl 4a, 80331 M\u00fcnchen <\/p>\n<\/p><\/div>\n<p> <a href=\"void(0)\" data-action=\"a-expander-toggle\" class=\"a-expander-header a-declarative a-expander-extend-header\" data-a-expander-toggle=\"{\"><i class=\"a-icon a-icon-extender-expand\"><\/i><span class=\"a-expander-prompt\">Weitere Informationen<\/span><\/a> <\/div>\n<p>Einmalig Lecker: Einzigartige Gew\u00fcrzkreation vom Sternekoch aus feinem Pulver und ganzen Gew\u00fcrzen f\u00fcr jeden Fischliebhaber \u2013 aus 13 Gew\u00fcrzen &amp; Kr\u00e4utern.<br \/>\nTanz der Aromen: Die Gew\u00fcrzmischung mit kr\u00e4uterw\u00fcrzigem, fein salzigem Aroma rundet den Geschmack von Fisch, Marinaden sowie Butter- und Oliven\u00f6lsaucen perfekt ab.<br \/>\nLieferumfang: 1 x Fischgew\u00fcrz zum Braten und Grillen von Schuhbecks.<br \/>\nDie Mischung macht&#8217;s: Meersalz, Knoblauch, Ingwer, Koriander, Kurkuma, Paprika, Chili, Fenchel, Thymian, Bohnenkraut, Majoran, Oregano und Rosmarin \u2013 Fischgenuss der Extraklasse<br \/>\nGew\u00fcrze vom Sternekoch: Inspiriert von zahlreichen Reisen durch ferne Kulturen und seinem Wissen \u00fcber Gew\u00fcrzkr\u00e4uter, stehen die einzigartigen Gew\u00fcrzkreationen von Alfons Schubeck f\u00fcr Raffinesse und h\u00f6chste Qualit\u00e4t.<br \/>\n<div class=\"main-cross-sell\" data-asin=\"B00TSQHBQS\">\n\n\t<div class=\"WooZone-cross-sell-loader\">\n\t\t<div>\n\t\t\t<div id=\"floatingBarsG\">\n\t\t\t\t<div class=\"blockG\" id=\"rotateG_01\"><\/div>\n\t\t\t\t<div class=\"blockG\" id=\"rotateG_02\"><\/div>\n\t\t\t\t<div class=\"blockG\" id=\"rotateG_03\"><\/div>\n\t\t\t\t<div class=\"blockG\" id=\"rotateG_04\"><\/div>\n\t\t\t\t<div class=\"blockG\" id=\"rotateG_05\"><\/div>\n\t\t\t\t<div class=\"blockG\" id=\"rotateG_06\"><\/div>\n\t\t\t\t<div class=\"blockG\" id=\"rotateG_07\"><\/div>\n\t\t\t\t<div class=\"blockG\" id=\"rotateG_08\"><\/div>\n\t\t\t<\/div>\n\t\t\t<div class=\"WooZone-cross-sell-loader-text\"><\/div>\n\t\t<\/div>\n\t<\/div>\n\n\t\t\n<\/div>\n<div style=\"clear:both;\"><\/div>\n","protected":false},"excerpt":{"rendered":"Einmalig Lecker: Einzigartige Gew\u00fcrzkreation vom Sternekoch aus feinem Pulver und ganzen Gew\u00fcrzen f\u00fcr jeden Fischliebhaber \u2013 aus 13 Gew\u00fcrzen &amp; Kr\u00e4utern.\nTanz der Aromen: Die Gew\u00fcrzmischung mit kr\u00e4uterw\u00fcrzigem, fein salzigem Aroma rundet den Geschmack von Fisch, Marinaden sowie Butter- und Oliven\u00f6lsaucen perfekt ab.\nLieferumfang: 1 x Fischgew\u00fcrz zum Braten und Grillen von Schuhbecks.","protected":false},"featured_media":10567,"comment_status":"open","ping_status":"closed","template":"","meta":[],"product_cat":[57,59],"product_tag":[],"_links":{"self":[{"href":"https:\/\/food-shop.org\/index.php?rest_route=\/wp\/v2\/product\/10566"}],"collection":[{"href":"https:\/\/food-shop.org\/index.php?rest_route=\/wp\/v2\/product"}],"about":[{"href":"https:\/\/food-shop.org\/index.php?rest_route=\/wp\/v2\/types\/product"}],"replies":[{"embeddable":true,"href":"https:\/\/food-shop.org\/index.php?rest_route=%2Fwp%2Fv2%2Fcomments&post=10566"}],"wp:featuredmedia":[{"embeddable":true,"href":"https:\/\/food-shop.org\/index.php?rest_route=\/wp\/v2\/media\/10567"}],"wp:attachment":[{"href":"https:\/\/food-shop.org\/index.php?rest_route=%2Fwp%2Fv2%2Fmedia&parent=10566"}],"wp:term":[{"taxonomy":"product_cat","embeddable":true,"href":"https:\/\/food-shop.org\/index.php?rest_route=%2Fwp%2Fv2%2Fproduct_cat&post=10566"},{"taxonomy":"product_tag","embeddable":true,"href":"https:\/\/food-shop.org\/index.php?rest_route=%2Fwp%2Fv2%2Fproduct_tag&post=10566"}],"curies":[{"name":"wp","href":"https:\/\/api.w.org\/{rel}","templated":true}]}}