{"id":10524,"date":"2020-09-01T12:39:40","date_gmt":"2020-09-01T12:39:40","guid":{"rendered":"https:\/\/food-shop.org\/?product=barbecue-marinade-fluessig-mama-sitas-680ml"},"modified":"2023-04-06T16:44:51","modified_gmt":"2023-04-06T16:44:51","slug":"barbecue-marinade-fluessig-mama-sitas-680ml","status":"publish","type":"product","link":"https:\/\/food-shop.org\/?product=barbecue-marinade-fluessig-mama-sitas-680ml","title":{"rendered":"Barbecue Marinade &#8212; fl\u00fcssig &#8212; Mama Sita\u00b4s 680ml"},"content":{"rendered":"<p><!-- show up to 2 reviews by default --> <\/p>\n<h3>Produktbeschreibungen<\/h3>\n<p>680 ml Barbecue Marinade <\/p>\n<h3>Inhaltsstoffe \/ Zutaten<\/h3>\n<p>Rohrzucker, Wasser, Sojasauce ( Sojabohnen, Farbstoff: E150a, Salz, Wasser) Jodsalz, Knoblauch, Farbstoff: E150a, Geschmacksverst\u00e4rker: E621, E627, E631, sachwarzer Pfeffer, S\u00e4uerungsmittel: E330, Konservierungsstoff: E211 <\/p>\n<p>Leckere w\u00fcrzige Marinade! Mit dieser BBQ &#8211; Marinade k\u00f6nnen Sie schnell und einfach Fleisch und Meeresfr\u00fcchte marinieren und anschlie\u00dfend grillen, braten oder im Backofen garen.Inhalt: 680ml<br \/>\n<div class=\"main-cross-sell\" data-asin=\"B005R4UPTK\">\n\n\t<div class=\"WooZone-cross-sell-loader\">\n\t\t<div>\n\t\t\t<div id=\"floatingBarsG\">\n\t\t\t\t<div class=\"blockG\" id=\"rotateG_01\"><\/div>\n\t\t\t\t<div class=\"blockG\" id=\"rotateG_02\"><\/div>\n\t\t\t\t<div class=\"blockG\" id=\"rotateG_03\"><\/div>\n\t\t\t\t<div class=\"blockG\" id=\"rotateG_04\"><\/div>\n\t\t\t\t<div class=\"blockG\" id=\"rotateG_05\"><\/div>\n\t\t\t\t<div class=\"blockG\" id=\"rotateG_06\"><\/div>\n\t\t\t\t<div class=\"blockG\" id=\"rotateG_07\"><\/div>\n\t\t\t\t<div class=\"blockG\" id=\"rotateG_08\"><\/div>\n\t\t\t<\/div>\n\t\t\t<div class=\"WooZone-cross-sell-loader-text\"><\/div>\n\t\t<\/div>\n\t<\/div>\n\n\t\t\n<\/div>\n<div style=\"clear:both;\"><\/div>\n","protected":false},"excerpt":{"rendered":"Leckere w\u00fcrzige Marinade! Mit dieser BBQ - Marinade k\u00f6nnen Sie schnell und einfach Fleisch und Meeresfr\u00fcchte marinieren und anschlie\u00dfend grillen, braten oder im Backofen garen.Inhalt: 680ml","protected":false},"featured_media":10525,"comment_status":"open","ping_status":"closed","template":"","meta":[],"product_cat":[57,59],"product_tag":[],"_links":{"self":[{"href":"https:\/\/food-shop.org\/index.php?rest_route=\/wp\/v2\/product\/10524"}],"collection":[{"href":"https:\/\/food-shop.org\/index.php?rest_route=\/wp\/v2\/product"}],"about":[{"href":"https:\/\/food-shop.org\/index.php?rest_route=\/wp\/v2\/types\/product"}],"replies":[{"embeddable":true,"href":"https:\/\/food-shop.org\/index.php?rest_route=%2Fwp%2Fv2%2Fcomments&post=10524"}],"wp:featuredmedia":[{"embeddable":true,"href":"https:\/\/food-shop.org\/index.php?rest_route=\/wp\/v2\/media\/10525"}],"wp:attachment":[{"href":"https:\/\/food-shop.org\/index.php?rest_route=%2Fwp%2Fv2%2Fmedia&parent=10524"}],"wp:term":[{"taxonomy":"product_cat","embeddable":true,"href":"https:\/\/food-shop.org\/index.php?rest_route=%2Fwp%2Fv2%2Fproduct_cat&post=10524"},{"taxonomy":"product_tag","embeddable":true,"href":"https:\/\/food-shop.org\/index.php?rest_route=%2Fwp%2Fv2%2Fproduct_tag&post=10524"}],"curies":[{"name":"wp","href":"https:\/\/api.w.org\/{rel}","templated":true}]}}