{"id":10521,"date":"2020-09-01T12:39:38","date_gmt":"2020-09-01T12:39:38","guid":{"rendered":"https:\/\/food-shop.org\/?product=wuerzheld-fluessigrauch-liquid-smoke-hickory-100ml"},"modified":"2023-04-06T16:44:51","modified_gmt":"2023-04-06T16:44:51","slug":"wuerzheld-fluessigrauch-liquid-smoke-hickory-100ml","status":"publish","type":"product","link":"https:\/\/food-shop.org\/?product=wuerzheld-fluessigrauch-liquid-smoke-hickory-100ml","title":{"rendered":"W\u00fcrzheld\u00ae &#8211; Fluessigrauch Liquid-Smoke Hickory &#8211; 100ml"},"content":{"rendered":"<p><!-- show up to 2 reviews by default --> <\/p>\n<h3>Produktbeschreibungen<\/h3>\n<p>Hier erhalten Sie eine Flasche 100ml W\u00fcrzheld Fluessigrauch Liquid-Smoke Hickory. Damit k\u00f6nnen Sie Grillfleisch, Salate und Wurstwaren mit dem Hickory R\u00e4ucheraroma verfeinern, f\u00fcr den rauchig-herzhaften Genuss. Verleihen Sie Ihren Speisen auf der n\u00e4chsten Grillparty mit dem 100% Fluessigrauch Liquid-Smoke Hickory den besonderen Rauchgeschmack. <\/p>\n<h3>Inhaltsstoffe \/ Zutaten<\/h3>\n<p>Gereinigtes Rauchkondensat, f\u00fcr Fleischesser, Griller und K\u00f6che sowie Vegetarier und Veganer gleicherma\u00dfen geeignet! <\/p>\n<p>Kr\u00e4ftiges Raucharoma aus Hickory H\u00f6lzern hergestelt<br \/>\nBestes 100% reines Liquid Smoke, ungestreckt und ohne Zusatzstoffe wie andere Smokes<br \/>\nZum Verfeinern von Fleisch, Wurstwaren und Salaten, sehr ergiebig, sehr kr\u00e4ftig<br \/>\nDiese Flasche hat einen Tropfenausgiesser, rechnen Sie pro Liter oder kg mit 5-10 Tropfen!<br \/>\nSie k\u00f6nnen betr\u00e4ufeln, bepinseln oder einfach in eine Masse oder Fl\u00fcssigkeit dazugeben<br \/>\n<div class=\"main-cross-sell\" data-asin=\"B07Z42VYFZ\">\n\n\t<div class=\"WooZone-cross-sell-loader\">\n\t\t<div>\n\t\t\t<div id=\"floatingBarsG\">\n\t\t\t\t<div class=\"blockG\" id=\"rotateG_01\"><\/div>\n\t\t\t\t<div class=\"blockG\" id=\"rotateG_02\"><\/div>\n\t\t\t\t<div class=\"blockG\" id=\"rotateG_03\"><\/div>\n\t\t\t\t<div class=\"blockG\" id=\"rotateG_04\"><\/div>\n\t\t\t\t<div class=\"blockG\" id=\"rotateG_05\"><\/div>\n\t\t\t\t<div class=\"blockG\" id=\"rotateG_06\"><\/div>\n\t\t\t\t<div class=\"blockG\" id=\"rotateG_07\"><\/div>\n\t\t\t\t<div class=\"blockG\" id=\"rotateG_08\"><\/div>\n\t\t\t<\/div>\n\t\t\t<div class=\"WooZone-cross-sell-loader-text\"><\/div>\n\t\t<\/div>\n\t<\/div>\n\n\t\t\n<\/div>\n<div style=\"clear:both;\"><\/div>\n","protected":false},"excerpt":{"rendered":"Kr\u00e4ftiges Raucharoma aus Hickory H\u00f6lzern hergestelt\nBestes 100% reines Liquid Smoke, ungestreckt und ohne Zusatzstoffe wie andere Smokes\nZum Verfeinern von Fleisch, Wurstwaren und Salaten, sehr ergiebig, sehr kr\u00e4ftig","protected":false},"featured_media":10522,"comment_status":"open","ping_status":"closed","template":"","meta":[],"product_cat":[57,59],"product_tag":[],"_links":{"self":[{"href":"https:\/\/food-shop.org\/index.php?rest_route=\/wp\/v2\/product\/10521"}],"collection":[{"href":"https:\/\/food-shop.org\/index.php?rest_route=\/wp\/v2\/product"}],"about":[{"href":"https:\/\/food-shop.org\/index.php?rest_route=\/wp\/v2\/types\/product"}],"replies":[{"embeddable":true,"href":"https:\/\/food-shop.org\/index.php?rest_route=%2Fwp%2Fv2%2Fcomments&post=10521"}],"wp:featuredmedia":[{"embeddable":true,"href":"https:\/\/food-shop.org\/index.php?rest_route=\/wp\/v2\/media\/10522"}],"wp:attachment":[{"href":"https:\/\/food-shop.org\/index.php?rest_route=%2Fwp%2Fv2%2Fmedia&parent=10521"}],"wp:term":[{"taxonomy":"product_cat","embeddable":true,"href":"https:\/\/food-shop.org\/index.php?rest_route=%2Fwp%2Fv2%2Fproduct_cat&post=10521"},{"taxonomy":"product_tag","embeddable":true,"href":"https:\/\/food-shop.org\/index.php?rest_route=%2Fwp%2Fv2%2Fproduct_tag&post=10521"}],"curies":[{"name":"wp","href":"https:\/\/api.w.org\/{rel}","templated":true}]}}