{"id":10519,"date":"2020-09-01T12:39:37","date_gmt":"2020-09-01T12:39:37","guid":{"rendered":"https:\/\/food-shop.org\/?product=marinade-fuer-grillfleisch-schaschlik-spiesse-nach-kaukasischer-art"},"modified":"2023-04-06T16:44:51","modified_gmt":"2023-04-06T16:44:51","slug":"marinade-fuer-grillfleisch-schaschlik-spiesse-nach-kaukasischer-art","status":"publish","type":"product","link":"https:\/\/food-shop.org\/?product=marinade-fuer-grillfleisch-schaschlik-spiesse-nach-kaukasischer-art","title":{"rendered":"Marinade f\u00fcr Grillfleisch\/Schaschlik-spie\u00dfe nach Kaukasischer Art"},"content":{"rendered":"<p><!-- show up to 2 reviews by default --> <\/p>\n<h3>Produktbeschreibungen<\/h3>\n<p>Marinade f\u00fcr Grillfleisch 300g <\/p>\n<h3>Anschrift Hersteller\/Importeur<\/h3>\n<p>Ulan GmbH, In der K\u00fchweid 2a, 76661 Philippsburg-Huttenheim <\/p>\n<p>Marinade f\u00fcr Grillfleisch\/Schaschlik-spie\u00dfe nach Kaukasischer Art 300g f\u00fcr ca. 3kg Fleisch<br \/>\nZutaten: Wasser, Salz, Melasse, Branntweinessig, Sojasauce, Verdickungsmittel:modifizierte Maisst\u00e4rke, Xanthan;Zwiebel, schwarzer Pfeffer, Granatapfels\u00e4ure, Zucker, Senfk\u00f6rner, Pfeffer rot, K\u00fcmmel, Apfelsaftkonzentrat,<br \/>\nHefeextrakt, Aromen, nat\u00fcrliche Farbstoffe:Echtes Karmin, Zuckerkul\u00f6r; S\u00e4uerungsmittel: Citronens\u00e4ure, Essigs\u00e4ure; Konservierungsstoffe: Natriumbenzoat, Kaliumsorbat.<br \/>\nZubereitungsvorschlag: Das Fleisch in ca. 4-5 cm dicke St\u00fccke schneiden. Die Marinade zu dem Fleisch hinzuf\u00fcgen und mind. 30 Minuten ruhen lassen. Die Marinade enth\u00e4lt genug Salz und Gew\u00fcrze deshalb kein zus\u00e4tzliches w\u00fcrzen mehr n\u00f6tig.<br \/>\nF\u00fcr ein geschmackvolles Aroma, das Fleisch ca.1-2 Stunden marinieren<br \/>\n<div class=\"main-cross-sell\" data-asin=\"B079DD1PS3\">\n\n\t<div class=\"WooZone-cross-sell-loader\">\n\t\t<div>\n\t\t\t<div id=\"floatingBarsG\">\n\t\t\t\t<div class=\"blockG\" id=\"rotateG_01\"><\/div>\n\t\t\t\t<div class=\"blockG\" id=\"rotateG_02\"><\/div>\n\t\t\t\t<div class=\"blockG\" id=\"rotateG_03\"><\/div>\n\t\t\t\t<div class=\"blockG\" id=\"rotateG_04\"><\/div>\n\t\t\t\t<div class=\"blockG\" id=\"rotateG_05\"><\/div>\n\t\t\t\t<div class=\"blockG\" id=\"rotateG_06\"><\/div>\n\t\t\t\t<div class=\"blockG\" id=\"rotateG_07\"><\/div>\n\t\t\t\t<div class=\"blockG\" id=\"rotateG_08\"><\/div>\n\t\t\t<\/div>\n\t\t\t<div class=\"WooZone-cross-sell-loader-text\"><\/div>\n\t\t<\/div>\n\t<\/div>\n\n\t\t\n<\/div>\n<div style=\"clear:both;\"><\/div>\n","protected":false},"excerpt":{"rendered":"Marinade f\u00fcr Grillfleisch\/Schaschlik-spie\u00dfe nach Kaukasischer Art 300g f\u00fcr ca. 3kg Fleisch\nZutaten: Wasser, Salz, Melasse, Branntweinessig, Sojasauce, Verdickungsmittel:modifizierte Maisst\u00e4rke, Xanthan;Zwiebel, schwarzer Pfeffer, Granatapfels\u00e4ure, Zucker, Senfk\u00f6rner, Pfeffer rot, K\u00fcmmel, Apfelsaftkonzentrat,\nHefeextrakt, Aromen, nat\u00fcrliche Farbstoffe:Echtes Karmin, Zuckerkul\u00f6r; S\u00e4uerungsmittel: Citronens\u00e4ure, Essigs\u00e4ure; Konservierungsstoffe: Natriumbenzoat, Kaliumsorbat.","protected":false},"featured_media":10520,"comment_status":"open","ping_status":"closed","template":"","meta":[],"product_cat":[57,59],"product_tag":[],"_links":{"self":[{"href":"https:\/\/food-shop.org\/index.php?rest_route=\/wp\/v2\/product\/10519"}],"collection":[{"href":"https:\/\/food-shop.org\/index.php?rest_route=\/wp\/v2\/product"}],"about":[{"href":"https:\/\/food-shop.org\/index.php?rest_route=\/wp\/v2\/types\/product"}],"replies":[{"embeddable":true,"href":"https:\/\/food-shop.org\/index.php?rest_route=%2Fwp%2Fv2%2Fcomments&post=10519"}],"wp:featuredmedia":[{"embeddable":true,"href":"https:\/\/food-shop.org\/index.php?rest_route=\/wp\/v2\/media\/10520"}],"wp:attachment":[{"href":"https:\/\/food-shop.org\/index.php?rest_route=%2Fwp%2Fv2%2Fmedia&parent=10519"}],"wp:term":[{"taxonomy":"product_cat","embeddable":true,"href":"https:\/\/food-shop.org\/index.php?rest_route=%2Fwp%2Fv2%2Fproduct_cat&post=10519"},{"taxonomy":"product_tag","embeddable":true,"href":"https:\/\/food-shop.org\/index.php?rest_route=%2Fwp%2Fv2%2Fproduct_tag&post=10519"}],"curies":[{"name":"wp","href":"https:\/\/api.w.org\/{rel}","templated":true}]}}