{"id":10489,"date":"2020-09-01T12:35:07","date_gmt":"2020-09-01T12:35:07","guid":{"rendered":"https:\/\/food-shop.org\/?product=ostmann-gewuerze-sweet-curry-marinade-60-ml"},"modified":"2023-04-06T16:44:51","modified_gmt":"2023-04-06T16:44:51","slug":"ostmann-gewuerze-sweet-curry-marinade-60-ml","status":"publish","type":"product","link":"https:\/\/food-shop.org\/?product=ostmann-gewuerze-sweet-curry-marinade-60-ml","title":{"rendered":"Ostmann Gew\u00fcrze Sweet Curry Marinade, 60 ml"},"content":{"rendered":"<p><!-- show up to 2 reviews by default --> <\/p>\n<h3>Produktbeschreibung<\/h3>\n<p>Ostmann Sweet Curry Marinade 60ml im praktischen Portionsbeutel. Ideal zum Kochen und verfeinern Ihrer Lieblingsspeisen. Zutaten: Pflanzliches Fett (Raps und Shea in ver\u00e4nderlichen Gewichtsanteilen), Apfelmark, Zucker, Speisesalz, SENF (Wasser, SENFSAAT, Branntweinessig, Salz, Gew\u00fcrze), 5 % Curry (Kurkuma, Koriander, Fenchel, Bockshornklee, Anis, Zimt, Chili), 3 % Ananassaftkonzentrat und Karottensaftkonzentrat. <\/p>\n<h3>Gebrauchsanweisung<\/h3>\n<p>1 Beutel (60 ml) f\u00fcr 500 g Fleisch. <\/p>\n<div data-a-expander-name=\"toggle_description\" class=\"a-row a-expander-container a-expander-extend-container\">\n<div class=\"a-expander-content a-expander-extend-content\">\n<h3>Warnhinweise<\/h3>\n<p>Kann Spuren von Weizen, Ei, Soja, Milch, Sellerie, Senf und Sesam enthalten. <\/p>\n<\/p><\/div>\n<p> <a href=\"void(0)\" data-action=\"a-expander-toggle\" class=\"a-expander-header a-declarative a-expander-extend-header\" data-a-expander-toggle=\"{\"><i class=\"a-icon a-icon-extender-expand\"><\/i><span class=\"a-expander-prompt\">Weitere Informationen<\/span><\/a> <\/div>\n<p>Gibt deinem Grillfleisch einen unwiderstehlich fruchtig-s\u00fc\u00dfen Geschmack.<br \/>\nKleiner Aufwand &#8211; gro\u00dfe Wirkung: Fleisch und Marinade in einen Gefrierbeutel geben, gut verschlie\u00dfen, vermengen und zwischendurch wenden. So l\u00e4sst sich das Fleisch optimal marinieren.<br \/>\nExtratipp: Fisch nach Geschmack mit der Sweet Curry Marinade marinieren und auf dem Grill oder in der Pfanne zubereiten.<br \/>\nAlle unsere Gew\u00fcrzmischungen enthalten nur nat\u00fcrliche Zutaten, ganz ohne geschmacksverst\u00e4rkende Zusatzstoffe und ohne Palm\u00f6l.<br \/>\nOstmann ist der praktische Helfer im bewegten Alltag. Wir unterst\u00fctzen bei der schnellen und unkomplizierten Zubereitung von Gerichten \u2013 damit das Essen stets gelingt.<br \/>\n<div class=\"main-cross-sell\" data-asin=\"B085Y2VW81\">\n\n\t<div class=\"WooZone-cross-sell-loader\">\n\t\t<div>\n\t\t\t<div id=\"floatingBarsG\">\n\t\t\t\t<div class=\"blockG\" id=\"rotateG_01\"><\/div>\n\t\t\t\t<div class=\"blockG\" id=\"rotateG_02\"><\/div>\n\t\t\t\t<div class=\"blockG\" id=\"rotateG_03\"><\/div>\n\t\t\t\t<div class=\"blockG\" id=\"rotateG_04\"><\/div>\n\t\t\t\t<div class=\"blockG\" id=\"rotateG_05\"><\/div>\n\t\t\t\t<div class=\"blockG\" id=\"rotateG_06\"><\/div>\n\t\t\t\t<div class=\"blockG\" id=\"rotateG_07\"><\/div>\n\t\t\t\t<div class=\"blockG\" id=\"rotateG_08\"><\/div>\n\t\t\t<\/div>\n\t\t\t<div class=\"WooZone-cross-sell-loader-text\"><\/div>\n\t\t<\/div>\n\t<\/div>\n\n\t\t\n<\/div>\n<div style=\"clear:both;\"><\/div>\n","protected":false},"excerpt":{"rendered":"Gibt deinem Grillfleisch einen unwiderstehlich fruchtig-s\u00fc\u00dfen Geschmack.\nKleiner Aufwand - gro\u00dfe Wirkung: Fleisch und Marinade in einen Gefrierbeutel geben, gut verschlie\u00dfen, vermengen und zwischendurch wenden. So l\u00e4sst sich das Fleisch optimal marinieren.\nExtratipp: Fisch nach Geschmack mit der Sweet Curry Marinade marinieren und auf dem Grill oder in der Pfanne zubereiten.","protected":false},"featured_media":10490,"comment_status":"open","ping_status":"closed","template":"","meta":[],"product_cat":[57,59],"product_tag":[],"_links":{"self":[{"href":"https:\/\/food-shop.org\/index.php?rest_route=\/wp\/v2\/product\/10489"}],"collection":[{"href":"https:\/\/food-shop.org\/index.php?rest_route=\/wp\/v2\/product"}],"about":[{"href":"https:\/\/food-shop.org\/index.php?rest_route=\/wp\/v2\/types\/product"}],"replies":[{"embeddable":true,"href":"https:\/\/food-shop.org\/index.php?rest_route=%2Fwp%2Fv2%2Fcomments&post=10489"}],"wp:featuredmedia":[{"embeddable":true,"href":"https:\/\/food-shop.org\/index.php?rest_route=\/wp\/v2\/media\/10490"}],"wp:attachment":[{"href":"https:\/\/food-shop.org\/index.php?rest_route=%2Fwp%2Fv2%2Fmedia&parent=10489"}],"wp:term":[{"taxonomy":"product_cat","embeddable":true,"href":"https:\/\/food-shop.org\/index.php?rest_route=%2Fwp%2Fv2%2Fproduct_cat&post=10489"},{"taxonomy":"product_tag","embeddable":true,"href":"https:\/\/food-shop.org\/index.php?rest_route=%2Fwp%2Fv2%2Fproduct_tag&post=10489"}],"curies":[{"name":"wp","href":"https:\/\/api.w.org\/{rel}","templated":true}]}}