{"id":10487,"date":"2020-09-01T12:35:06","date_gmt":"2020-09-01T12:35:06","guid":{"rendered":"https:\/\/food-shop.org\/?product=ostmann-kraeuter-marinade-60-ml"},"modified":"2023-04-06T16:44:51","modified_gmt":"2023-04-06T16:44:51","slug":"ostmann-kraeuter-marinade-60-ml","status":"publish","type":"product","link":"https:\/\/food-shop.org\/?product=ostmann-kraeuter-marinade-60-ml","title":{"rendered":"Ostmann Kr\u00e4uter Marinade, mediterraner Geschmack, 60 ml"},"content":{"rendered":"<p><!-- show up to 2 reviews by default --> <\/p>\n<h3>Produktbeschreibung<\/h3>\n<p>Ostmann KR\u00c4UTER Marinade im praktischen 60 ml Marinaden Beutel. Alle unsere Gew\u00fcrzmischungen enthalten nur nat\u00fcrliche Zutaten, ganz ohne geschmacksverst\u00e4rkende Zusatzstoffe und ohne Palm\u00f6l. <\/p>\n<h3>Gebrauchsanweisung<\/h3>\n<p>K\u00fchl und trocken lagern. <\/p>\n<div data-a-expander-name=\"toggle_description\" class=\"a-row a-expander-container a-expander-extend-container\">\n<div class=\"a-expander-content a-expander-extend-content\">\n<h3>Warnhinweise<\/h3>\n<p>Nein <\/p>\n<\/p><\/div>\n<p> <a href=\"void(0)\" data-action=\"a-expander-toggle\" class=\"a-expander-header a-declarative a-expander-extend-header\" data-a-expander-toggle=\"{\"><i class=\"a-icon a-icon-extender-expand\"><\/i><span class=\"a-expander-prompt\">Weitere Informationen<\/span><\/a> <\/div>\n<p>K\u00f6stlicher Grillgenuss: die feine und mediterrane Kr\u00e4uter Marinade verfeinert Grillfleisch und macht es zu einem Geschmackserlebnis.<br \/>\nTipp: Fleisch und Marinade in einen Gefrierbeutel geben, gut verschlie\u00dfen, vermengen und zwischendurch wenden &#8211; so l\u00e4sst sich das Fleisch optimal Marinieren.<br \/>\nGarantie f\u00fcr Qualit\u00e4t: F\u00fcr die schonende Verarbeitung der Rohgew\u00fcrze wurde Ostmann in der Rubrik Gew\u00fcrze und Kr\u00e4uter trocknen als TOP-MARKE 2016 ausgezeichnet.<br \/>\n<div class=\"main-cross-sell\" data-asin=\"B0839FKR87\">\n\n\t<div class=\"WooZone-cross-sell-loader\">\n\t\t<div>\n\t\t\t<div id=\"floatingBarsG\">\n\t\t\t\t<div class=\"blockG\" id=\"rotateG_01\"><\/div>\n\t\t\t\t<div class=\"blockG\" id=\"rotateG_02\"><\/div>\n\t\t\t\t<div class=\"blockG\" id=\"rotateG_03\"><\/div>\n\t\t\t\t<div class=\"blockG\" id=\"rotateG_04\"><\/div>\n\t\t\t\t<div class=\"blockG\" id=\"rotateG_05\"><\/div>\n\t\t\t\t<div class=\"blockG\" id=\"rotateG_06\"><\/div>\n\t\t\t\t<div class=\"blockG\" id=\"rotateG_07\"><\/div>\n\t\t\t\t<div class=\"blockG\" id=\"rotateG_08\"><\/div>\n\t\t\t<\/div>\n\t\t\t<div class=\"WooZone-cross-sell-loader-text\"><\/div>\n\t\t<\/div>\n\t<\/div>\n\n\t\t\n<\/div>\n<div style=\"clear:both;\"><\/div>\n","protected":false},"excerpt":{"rendered":"K\u00f6stlicher Grillgenuss: die feine und mediterrane Kr\u00e4uter Marinade verfeinert Grillfleisch und macht es zu einem Geschmackserlebnis.\nTipp: Fleisch und Marinade in einen Gefrierbeutel geben, gut verschlie\u00dfen, vermengen und zwischendurch wenden - so l\u00e4sst sich das Fleisch optimal Marinieren.\nGarantie f\u00fcr Qualit\u00e4t: F\u00fcr die schonende Verarbeitung der Rohgew\u00fcrze wurde Ostmann in der Rubrik Gew\u00fcrze und Kr\u00e4uter trocknen als TOP-MARKE 2016 ausgezeichnet.","protected":false},"featured_media":10488,"comment_status":"open","ping_status":"closed","template":"","meta":[],"product_cat":[57,59],"product_tag":[],"_links":{"self":[{"href":"https:\/\/food-shop.org\/index.php?rest_route=\/wp\/v2\/product\/10487"}],"collection":[{"href":"https:\/\/food-shop.org\/index.php?rest_route=\/wp\/v2\/product"}],"about":[{"href":"https:\/\/food-shop.org\/index.php?rest_route=\/wp\/v2\/types\/product"}],"replies":[{"embeddable":true,"href":"https:\/\/food-shop.org\/index.php?rest_route=%2Fwp%2Fv2%2Fcomments&post=10487"}],"wp:featuredmedia":[{"embeddable":true,"href":"https:\/\/food-shop.org\/index.php?rest_route=\/wp\/v2\/media\/10488"}],"wp:attachment":[{"href":"https:\/\/food-shop.org\/index.php?rest_route=%2Fwp%2Fv2%2Fmedia&parent=10487"}],"wp:term":[{"taxonomy":"product_cat","embeddable":true,"href":"https:\/\/food-shop.org\/index.php?rest_route=%2Fwp%2Fv2%2Fproduct_cat&post=10487"},{"taxonomy":"product_tag","embeddable":true,"href":"https:\/\/food-shop.org\/index.php?rest_route=%2Fwp%2Fv2%2Fproduct_tag&post=10487"}],"curies":[{"name":"wp","href":"https:\/\/api.w.org\/{rel}","templated":true}]}}