{"id":10485,"date":"2020-09-01T12:35:04","date_gmt":"2020-09-01T12:35:04","guid":{"rendered":"https:\/\/food-shop.org\/?product=ostmann-gewuerze-geraeucherte-paprika-marinade-60-ml"},"modified":"2023-04-06T16:44:51","modified_gmt":"2023-04-06T16:44:51","slug":"ostmann-gewuerze-geraeucherte-paprika-marinade-60-ml","status":"publish","type":"product","link":"https:\/\/food-shop.org\/?product=ostmann-gewuerze-geraeucherte-paprika-marinade-60-ml","title":{"rendered":"Ostmann Gew\u00fcrze Ger\u00e4ucherte Paprika Marinade, 60 ml"},"content":{"rendered":"<p><!-- show up to 2 reviews by default --> <\/p>\n<h3>Produktbeschreibung<\/h3>\n<p>Ostmann ger\u00e4ucherte Paprika Marinade 60ml im praktischen Portionsbeutel. Ideal zum Grillen und verfeinern Ihrer Lieblingsspeisen. Zutaten: Pflanzliches Fett (Raps und Shea in ver\u00e4nderlichen Gewichtsanteilen), 9 % Paprika, Speisesalz, 5 % Paprika ger\u00e4uchert (Paprika, Rauch), Honig, Tomaten, Zwiebeln, Jalapeno, Petersilie, Knoblauch und Branntweinessig. <\/p>\n<h3>Gebrauchsanweisung<\/h3>\n<p>1 Beutel (60 ml) f\u00fcr 500 g Fleisch. <\/p>\n<div data-a-expander-name=\"toggle_description\" class=\"a-row a-expander-container a-expander-extend-container\">\n<div class=\"a-expander-content a-expander-extend-content\">\n<h3>Warnhinweise<\/h3>\n<p>Kann Spuren von Weizen, Ei, Soja, Milch, Sellerie, Senf und Sesam enthalten. <\/p>\n<\/p><\/div>\n<p> <a href=\"void(0)\" data-action=\"a-expander-toggle\" class=\"a-expander-header a-declarative a-expander-extend-header\" data-a-expander-toggle=\"{\"><i class=\"a-icon a-icon-extender-expand\"><\/i><span class=\"a-expander-prompt\">Weitere Informationen<\/span><\/a> <\/div>\n<p>Das herzhafte Raucharoma gibt deinem Grillfleisch einen unverwechselbaren Grillgeschmack.<br \/>\nExtratipp: Grillk\u00e4se oder Tofu nach Geschmack mit der ger\u00e4ucherten Paprika Marinade marinieren und auf dem Grill oder in der Pfanne zubereiten.<br \/>\nAlle unsere Gew\u00fcrzmischungen enthalten nur nat\u00fcrliche Zutaten, ganz ohne geschmacksverst\u00e4rkende Zusatzstoffe und ohne Palm\u00f6l.<br \/>\nOstmann ist der praktische Helfer im bewegten Alltag. Wir unterst\u00fctzen bei der schnellen und unkomplizierten Zubereitung von Gerichten \u2013 damit das Essen stets gelingt.<br \/>\n<div class=\"main-cross-sell\" data-asin=\"B085Y2N3CS\">\n\n\t<div class=\"WooZone-cross-sell-loader\">\n\t\t<div>\n\t\t\t<div id=\"floatingBarsG\">\n\t\t\t\t<div class=\"blockG\" id=\"rotateG_01\"><\/div>\n\t\t\t\t<div class=\"blockG\" id=\"rotateG_02\"><\/div>\n\t\t\t\t<div class=\"blockG\" id=\"rotateG_03\"><\/div>\n\t\t\t\t<div class=\"blockG\" id=\"rotateG_04\"><\/div>\n\t\t\t\t<div class=\"blockG\" id=\"rotateG_05\"><\/div>\n\t\t\t\t<div class=\"blockG\" id=\"rotateG_06\"><\/div>\n\t\t\t\t<div class=\"blockG\" id=\"rotateG_07\"><\/div>\n\t\t\t\t<div class=\"blockG\" id=\"rotateG_08\"><\/div>\n\t\t\t<\/div>\n\t\t\t<div class=\"WooZone-cross-sell-loader-text\"><\/div>\n\t\t<\/div>\n\t<\/div>\n\n\t\t\n<\/div>\n<div style=\"clear:both;\"><\/div>\n","protected":false},"excerpt":{"rendered":"Das herzhafte Raucharoma gibt deinem Grillfleisch einen unverwechselbaren Grillgeschmack.\nExtratipp: Grillk\u00e4se oder Tofu nach Geschmack mit der ger\u00e4ucherten Paprika Marinade marinieren und auf dem Grill oder in der Pfanne zubereiten.\nAlle unsere Gew\u00fcrzmischungen enthalten nur nat\u00fcrliche Zutaten, ganz ohne geschmacksverst\u00e4rkende Zusatzstoffe und ohne Palm\u00f6l.","protected":false},"featured_media":10486,"comment_status":"open","ping_status":"closed","template":"","meta":[],"product_cat":[57,59],"product_tag":[],"_links":{"self":[{"href":"https:\/\/food-shop.org\/index.php?rest_route=\/wp\/v2\/product\/10485"}],"collection":[{"href":"https:\/\/food-shop.org\/index.php?rest_route=\/wp\/v2\/product"}],"about":[{"href":"https:\/\/food-shop.org\/index.php?rest_route=\/wp\/v2\/types\/product"}],"replies":[{"embeddable":true,"href":"https:\/\/food-shop.org\/index.php?rest_route=%2Fwp%2Fv2%2Fcomments&post=10485"}],"wp:featuredmedia":[{"embeddable":true,"href":"https:\/\/food-shop.org\/index.php?rest_route=\/wp\/v2\/media\/10486"}],"wp:attachment":[{"href":"https:\/\/food-shop.org\/index.php?rest_route=%2Fwp%2Fv2%2Fmedia&parent=10485"}],"wp:term":[{"taxonomy":"product_cat","embeddable":true,"href":"https:\/\/food-shop.org\/index.php?rest_route=%2Fwp%2Fv2%2Fproduct_cat&post=10485"},{"taxonomy":"product_tag","embeddable":true,"href":"https:\/\/food-shop.org\/index.php?rest_route=%2Fwp%2Fv2%2Fproduct_tag&post=10485"}],"curies":[{"name":"wp","href":"https:\/\/api.w.org\/{rel}","templated":true}]}}