{"id":10462,"date":"2020-09-01T12:34:53","date_gmt":"2020-09-01T12:34:53","guid":{"rendered":"https:\/\/food-shop.org\/?product=azafran-paprika-edelsuess-gemahlen-ungarisch-delikatess-paprika-pulver-250g"},"modified":"2023-04-06T16:44:50","modified_gmt":"2023-04-06T16:44:50","slug":"azafran-paprika-edelsuess-gemahlen-ungarisch-delikatess-paprika-pulver-250g","status":"publish","type":"product","link":"https:\/\/food-shop.org\/?product=azafran-paprika-edelsuess-gemahlen-ungarisch-delikatess-paprika-pulver-250g","title":{"rendered":"Azafran Paprika edels\u00fc\u00df gemahlen ungarisch &#8211; Delikatess Paprika Pulver 250g"},"content":{"rendered":"<p><!-- show up to 2 reviews by default --> <\/p>\n<h3>Produktbeschreibungen<\/h3>\n<p><b>Paprikapulver (edels\u00fc\u00df)<\/b> im Aromabeutel (250 Gramm) verpackt. <\/p>\n<p>Das Paprikapulver stammt aus der Region <b>Kalocsa in Ungarn<\/b>. Ungarische Paprika gilt unter vielen Feinschmeckern und Sternek\u00f6chen als bester Paprika auf der Welt. <\/p>\n<p>Es zeichnet sich durch seine sehr <b>hohen Farbwerte<\/b> (ASTA von 120) und einem <b>w\u00fcrzig frischen Geschmack<\/b> aus. <\/p>\n<p>Paprika eignet sich <b>hervorragend zum W\u00fcrzen<\/b> von Fleisch, Fisch, Gem\u00fcse, So\u00dfen, Suppen und Eint\u00f6pfen. Durch Ihre hohen Farbwerte gibt er vielen Speisen eine <b>delikate und optische Note<\/b>. <\/p>\n<h3>Inhaltsstoffe \/ Zutaten<\/h3>\n<p>Paprika <\/p>\n<div data-a-expander-name=\"toggle_description\" class=\"a-row a-expander-container a-expander-extend-container\">\n<div class=\"a-expander-content a-expander-extend-content\">\n<h3>Gebrauchsanweisung<\/h3>\n<p>Paprika nicht zu stark erhitzen, sonst wird er bitter. Kann Spuren von SENF, SELLERIE, SESAM und N\u00dcSSEN enthalten. <\/p>\n<\/p><\/div>\n<p> <a href=\"void(0)\" data-action=\"a-expander-toggle\" class=\"a-expander-header a-declarative a-expander-extend-header\" data-a-expander-toggle=\"{\"><i class=\"a-icon a-icon-extender-expand\"><\/i><span class=\"a-expander-prompt\">Weitere Informationen<\/span><\/a> <\/div>\n<p>Premium Paprikapulver &#8211; Gew\u00fcrz Paprika gemahlen delikatess bzw. edels\u00fc\u00df (Original ungarisch gemahlen) 250 Gramm<br \/>\nDas Paprikapulver (s\u00fc\u00df, mild) stammt aus der Region Kalocsa in Ungarn. Ungarische Paprika gilt unter vielen Feinschmeckern und Sternek\u00f6chen als bester Paprika auf der Welt. Es zeichnet sich durch seine sehr hohen Farbwerte (rot = ASTA von 120) und einem w\u00fcrzig frischen Geschmack aus.<br \/>\nEingesetzt werden kann es z.B. f\u00fcr Fleisch Marinaden f\u00fcr H\u00e4hnchen, Gulasch oder als ungarisches Gulaschsuppen Gew\u00fcrz, sowie auch in veganen und vegetarischen Rezepten.<br \/>\nIm Aromabeutel (250 Gramm) verpackt &#8211; Ohne Zusatz von Geschmacksverst\u00e4rkern, Farbstoffen und Aromen &#8211; Vegan, Vegetarisch<br \/>\n<div class=\"main-cross-sell\" data-asin=\"B00EO2DPCU\">\n\n\t<div class=\"WooZone-cross-sell-loader\">\n\t\t<div>\n\t\t\t<div id=\"floatingBarsG\">\n\t\t\t\t<div class=\"blockG\" id=\"rotateG_01\"><\/div>\n\t\t\t\t<div class=\"blockG\" id=\"rotateG_02\"><\/div>\n\t\t\t\t<div class=\"blockG\" id=\"rotateG_03\"><\/div>\n\t\t\t\t<div class=\"blockG\" id=\"rotateG_04\"><\/div>\n\t\t\t\t<div class=\"blockG\" id=\"rotateG_05\"><\/div>\n\t\t\t\t<div class=\"blockG\" id=\"rotateG_06\"><\/div>\n\t\t\t\t<div class=\"blockG\" id=\"rotateG_07\"><\/div>\n\t\t\t\t<div class=\"blockG\" id=\"rotateG_08\"><\/div>\n\t\t\t<\/div>\n\t\t\t<div class=\"WooZone-cross-sell-loader-text\"><\/div>\n\t\t<\/div>\n\t<\/div>\n\n\t\t\n<\/div>\n<div style=\"clear:both;\"><\/div>\n","protected":false},"excerpt":{"rendered":"Premium Paprikapulver - Gew\u00fcrz Paprika gemahlen delikatess bzw. edels\u00fc\u00df (Original ungarisch gemahlen) 250 Gramm\nDas Paprikapulver (s\u00fc\u00df, mild) stammt aus der Region Kalocsa in Ungarn. Ungarische Paprika gilt unter vielen Feinschmeckern und Sternek\u00f6chen als bester Paprika auf der Welt. Es zeichnet sich durch seine sehr hohen Farbwerte (rot = ASTA von 120) und einem w\u00fcrzig frischen Geschmack aus.\nEingesetzt werden kann es z.B. f\u00fcr Fleisch Marinaden f\u00fcr H\u00e4hnchen, Gulasch oder als ungarisches Gulaschsuppen Gew\u00fcrz, sowie auch in veganen und vegetarischen Rezepten.","protected":false},"featured_media":10463,"comment_status":"open","ping_status":"closed","template":"","meta":[],"product_cat":[57,59],"product_tag":[],"_links":{"self":[{"href":"https:\/\/food-shop.org\/index.php?rest_route=\/wp\/v2\/product\/10462"}],"collection":[{"href":"https:\/\/food-shop.org\/index.php?rest_route=\/wp\/v2\/product"}],"about":[{"href":"https:\/\/food-shop.org\/index.php?rest_route=\/wp\/v2\/types\/product"}],"replies":[{"embeddable":true,"href":"https:\/\/food-shop.org\/index.php?rest_route=%2Fwp%2Fv2%2Fcomments&post=10462"}],"wp:featuredmedia":[{"embeddable":true,"href":"https:\/\/food-shop.org\/index.php?rest_route=\/wp\/v2\/media\/10463"}],"wp:attachment":[{"href":"https:\/\/food-shop.org\/index.php?rest_route=%2Fwp%2Fv2%2Fmedia&parent=10462"}],"wp:term":[{"taxonomy":"product_cat","embeddable":true,"href":"https:\/\/food-shop.org\/index.php?rest_route=%2Fwp%2Fv2%2Fproduct_cat&post=10462"},{"taxonomy":"product_tag","embeddable":true,"href":"https:\/\/food-shop.org\/index.php?rest_route=%2Fwp%2Fv2%2Fproduct_tag&post=10462"}],"curies":[{"name":"wp","href":"https:\/\/api.w.org\/{rel}","templated":true}]}}