{"id":10448,"date":"2020-09-01T12:34:47","date_gmt":"2020-09-01T12:34:47","guid":{"rendered":"https:\/\/food-shop.org\/?product=pataks-tandoori-marinade-paste-312-g"},"modified":"2023-04-06T16:44:50","modified_gmt":"2023-04-06T16:44:50","slug":"pataks-tandoori-marinade-paste-312-g","status":"publish","type":"product","link":"https:\/\/food-shop.org\/?product=pataks-tandoori-marinade-paste-312-g","title":{"rendered":"Pataks Tandoori Marinade Paste, 312 g"},"content":{"rendered":"<p><!-- show up to 2 reviews by default --> <\/p>\n<h3>Produktbeschreibungen<\/h3>\n<p>[ 312g ] PATAK&#8217;S Tandoori Marinaden Paste \/ Marinade Paste \/\/ Zutaten: Wasser, Ingwerp\u00fcree, gemahlene Gew\u00fcrze (11%) [Koriander, Kreuzk\u00fcmmel, Paprika, Gew\u00fcrze], Tamarinden, Salz, S\u00e4uerungsmittel (Essigs\u00e4ure, Milchs\u00e4ure), Knoblauchpulver, Farbstoffe (E163, E123, E129). Allergiehinweis: Kann Senf, Erdn\u00fcsse und Schalenfr\u00fcchte enthalten. Farbstoff E122, E129 kann Aktivit\u00e4t und Aufmerksamkeit bei Kindern beeintr\u00e4chtigen. <\/p>\n<h3>Inhaltsstoffe \/ Zutaten<\/h3>\n<p>Wasser, Ingwerp\u00fcree, gemahlene Gew\u00fcrze (11%) [Koriander, Kreuzk\u00fcmmel, Paprika, Gew\u00fcrze], Tamarinden, Salz, S\u00e4uerungsmittel (Essigs\u00e4ure, Milchs\u00e4ure), Knoblauchpulver, Farbstoffe (E163, E123, E129). <\/p>\n<div data-a-expander-name=\"toggle_description\" class=\"a-row a-expander-container a-expander-extend-container\">\n<div class=\"a-expander-content a-expander-extend-content\">\n<h3>Gebrauchsanweisung<\/h3>\n<p>Kann Spuren von Erdnuss, Schalenfr\u00fcchte, Senf enthalten. <\/p>\n<h3>Warnhinweise<\/h3>\n<p>Farbstoff E122, E129 kann Aktivit\u00e4t und Aufmerksamkeit bei Kindern beeintr\u00e4chtigen. DIESES PRODUKT DARF NICHT UNGEKOCHT VERZEHRT WERDEN. <\/p>\n<h3>Anschrift Hersteller\/Importeur<\/h3>\n<p>AB World Food Ltd., Kiriana House, Kiribati Way, Leigh, Lancashire, WN7 5RS, UK. <\/p>\n<\/p><\/div>\n<p> <a href=\"void(0)\" data-action=\"a-expander-toggle\" class=\"a-expander-header a-declarative a-expander-extend-header\" data-a-expander-toggle=\"{\"><i class=\"a-icon a-icon-extender-expand\"><\/i><span class=\"a-expander-prompt\">Weitere Informationen<\/span><\/a> <\/div>\n<p>Patak&#8217;s authentische Gew\u00fcrzmischung f\u00fcr ein Tandoori-Gericht.<br \/>\nZutaten: Wasser, Ingwerp\u00fcree, gemahlene Gew\u00fcrze (11%) [Koriander, Kreuzk\u00fcmmel, Paprika, Gew\u00fcrze], Tamarinden, Salz, S\u00e4uerungsmittel (Essigs\u00e4ure, Milchs\u00e4ure), Knoblauchpulver, Farbstoffe (E163, E123, E129). Allergiehinweis: Kann Senf, Erdn\u00fcsse und Schalenfr\u00fcchte enthalten.<br \/>\nFarbstoff E122, E129 kann Aktivit\u00e4t und Aufmerksamkeit bei Kindern beeintr\u00e4chtigen.<br \/>\nInhalt: 312g<br \/>\nHerkunft: Gro\u00dfbritannien<br \/>\n<div class=\"main-cross-sell\" data-asin=\"B075HH14NX\">\n\n\t<div class=\"WooZone-cross-sell-loader\">\n\t\t<div>\n\t\t\t<div id=\"floatingBarsG\">\n\t\t\t\t<div class=\"blockG\" id=\"rotateG_01\"><\/div>\n\t\t\t\t<div class=\"blockG\" id=\"rotateG_02\"><\/div>\n\t\t\t\t<div class=\"blockG\" id=\"rotateG_03\"><\/div>\n\t\t\t\t<div class=\"blockG\" id=\"rotateG_04\"><\/div>\n\t\t\t\t<div class=\"blockG\" id=\"rotateG_05\"><\/div>\n\t\t\t\t<div class=\"blockG\" id=\"rotateG_06\"><\/div>\n\t\t\t\t<div class=\"blockG\" id=\"rotateG_07\"><\/div>\n\t\t\t\t<div class=\"blockG\" id=\"rotateG_08\"><\/div>\n\t\t\t<\/div>\n\t\t\t<div class=\"WooZone-cross-sell-loader-text\"><\/div>\n\t\t<\/div>\n\t<\/div>\n\n\t\t\n<\/div>\n<div style=\"clear:both;\"><\/div>\n","protected":false},"excerpt":{"rendered":"Patak's authentische Gew\u00fcrzmischung f\u00fcr ein Tandoori-Gericht.\nZutaten: Wasser, Ingwerp\u00fcree, gemahlene Gew\u00fcrze (11%) [Koriander, Kreuzk\u00fcmmel, Paprika, Gew\u00fcrze], Tamarinden, Salz, S\u00e4uerungsmittel (Essigs\u00e4ure, Milchs\u00e4ure), Knoblauchpulver, Farbstoffe (E163, E123, E129). Allergiehinweis: Kann Senf, Erdn\u00fcsse und Schalenfr\u00fcchte enthalten.\nFarbstoff E122, E129 kann Aktivit\u00e4t und Aufmerksamkeit bei Kindern beeintr\u00e4chtigen.","protected":false},"featured_media":10449,"comment_status":"open","ping_status":"closed","template":"","meta":[],"product_cat":[57,59],"product_tag":[],"_links":{"self":[{"href":"https:\/\/food-shop.org\/index.php?rest_route=\/wp\/v2\/product\/10448"}],"collection":[{"href":"https:\/\/food-shop.org\/index.php?rest_route=\/wp\/v2\/product"}],"about":[{"href":"https:\/\/food-shop.org\/index.php?rest_route=\/wp\/v2\/types\/product"}],"replies":[{"embeddable":true,"href":"https:\/\/food-shop.org\/index.php?rest_route=%2Fwp%2Fv2%2Fcomments&post=10448"}],"wp:featuredmedia":[{"embeddable":true,"href":"https:\/\/food-shop.org\/index.php?rest_route=\/wp\/v2\/media\/10449"}],"wp:attachment":[{"href":"https:\/\/food-shop.org\/index.php?rest_route=%2Fwp%2Fv2%2Fmedia&parent=10448"}],"wp:term":[{"taxonomy":"product_cat","embeddable":true,"href":"https:\/\/food-shop.org\/index.php?rest_route=%2Fwp%2Fv2%2Fproduct_cat&post=10448"},{"taxonomy":"product_tag","embeddable":true,"href":"https:\/\/food-shop.org\/index.php?rest_route=%2Fwp%2Fv2%2Fproduct_tag&post=10448"}],"curies":[{"name":"wp","href":"https:\/\/api.w.org\/{rel}","templated":true}]}}