{"id":10423,"date":"2020-09-01T12:34:34","date_gmt":"2020-09-01T12:34:34","guid":{"rendered":"https:\/\/food-shop.org\/?product=beksul-korean-bbq-sauce-bulgogi-marinade-rind-500g"},"modified":"2023-04-06T16:44:50","modified_gmt":"2023-04-06T16:44:50","slug":"beksul-korean-bbq-sauce-bulgogi-marinade-rind-500g","status":"publish","type":"product","link":"https:\/\/food-shop.org\/?product=beksul-korean-bbq-sauce-bulgogi-marinade-rind-500g","title":{"rendered":"Beksul Korean BBQ Sauce Bulgogi Marinade Rind 500g"},"content":{"rendered":"<p><!-- show up to 2 reviews by default --> <\/p>\n<h3>Produktbeschreibungen<\/h3>\n<p>Beksul Bulgogi Marinade f\u00fcr Rind, Grillmarinade f\u00fcr Koreanisches Bulgogi <\/p>\n<h3>Inhaltsstoffe \/ Zutaten<\/h3>\n<p>Sojaso\u00dfe ( Wasser, hydrolisiertes Soja-Protein, Salz, Hoch Fruktose Maissirup, entfettete Sojabohnen, Weizen, Reiswein, Koji (Gerste)), Zucker, Birnenp\u00fcree 13,3% (Birnenp\u00fcree, Antioxidationsmittel E300), Hoch Fruktose Maissirup, Wasser, Zwiebel, Knoblauch, Ananasp\u00fcree, Apfelp\u00fcree 1%, Salz, Weizenprotein, schwarzer Pfeffer, S\u00e4ureregulator: E330, Verdickungsmittel E415, Farbe: E150c, Geschmacksverst\u00e4rker: E627, E631. <\/p>\n<div data-a-expander-name=\"toggle_description\" class=\"a-row a-expander-container a-expander-extend-container\">\n<div class=\"a-expander-content a-expander-extend-content\">\n<h3>Gebrauchsanweisung<\/h3>\n<p>Dieses Produkt kann Fisch, Milch und Schalentier (Garnelen, Krabben) enthalten <\/p>\n<h3>Anschrift Hersteller\/Importeur<\/h3>\n<p>Kim\u00b4s Asia Export GmbH Talstr. 114, 41516 Grevenbroich <\/p>\n<\/p><\/div>\n<p> <a href=\"void(0)\" data-action=\"a-expander-toggle\" class=\"a-expander-header a-declarative a-expander-extend-header\" data-a-expander-toggle=\"{\"><i class=\"a-icon a-icon-extender-expand\"><\/i><span class=\"a-expander-prompt\">Weitere Informationen<\/span><\/a> <\/div>\n<p>Beksul Bulgogi Marinade f\u00fcr Rind, Grillmarinade f\u00fcr Koreanisches Bulgogi<br \/>\nZutaten: siehe unten<br \/>\nNettogewicht: 500g<br \/>\nMindesthaltbarkeitsdatum: nie lange, jedoch mind. 71Tage. F\u00fcr genaues Datum, bitte anfragen<br \/>\nDieses Produkt kann Fisch, Milch und Schalentier (Garnelen, Krabben) enthalten.<br \/>\n<div class=\"main-cross-sell\" data-asin=\"B00E6LWTM6\">\n\n\t<div class=\"WooZone-cross-sell-loader\">\n\t\t<div>\n\t\t\t<div id=\"floatingBarsG\">\n\t\t\t\t<div class=\"blockG\" id=\"rotateG_01\"><\/div>\n\t\t\t\t<div class=\"blockG\" id=\"rotateG_02\"><\/div>\n\t\t\t\t<div class=\"blockG\" id=\"rotateG_03\"><\/div>\n\t\t\t\t<div class=\"blockG\" id=\"rotateG_04\"><\/div>\n\t\t\t\t<div class=\"blockG\" id=\"rotateG_05\"><\/div>\n\t\t\t\t<div class=\"blockG\" id=\"rotateG_06\"><\/div>\n\t\t\t\t<div class=\"blockG\" id=\"rotateG_07\"><\/div>\n\t\t\t\t<div class=\"blockG\" id=\"rotateG_08\"><\/div>\n\t\t\t<\/div>\n\t\t\t<div class=\"WooZone-cross-sell-loader-text\"><\/div>\n\t\t<\/div>\n\t<\/div>\n\n\t\t\n<\/div>\n<div style=\"clear:both;\"><\/div>\n","protected":false},"excerpt":{"rendered":"Beksul Bulgogi Marinade f\u00fcr Rind, Grillmarinade f\u00fcr Koreanisches Bulgogi\nZutaten: siehe unten\nNettogewicht: 500g","protected":false},"featured_media":10424,"comment_status":"open","ping_status":"closed","template":"","meta":[],"product_cat":[57,59],"product_tag":[],"_links":{"self":[{"href":"https:\/\/food-shop.org\/index.php?rest_route=\/wp\/v2\/product\/10423"}],"collection":[{"href":"https:\/\/food-shop.org\/index.php?rest_route=\/wp\/v2\/product"}],"about":[{"href":"https:\/\/food-shop.org\/index.php?rest_route=\/wp\/v2\/types\/product"}],"replies":[{"embeddable":true,"href":"https:\/\/food-shop.org\/index.php?rest_route=%2Fwp%2Fv2%2Fcomments&post=10423"}],"wp:featuredmedia":[{"embeddable":true,"href":"https:\/\/food-shop.org\/index.php?rest_route=\/wp\/v2\/media\/10424"}],"wp:attachment":[{"href":"https:\/\/food-shop.org\/index.php?rest_route=%2Fwp%2Fv2%2Fmedia&parent=10423"}],"wp:term":[{"taxonomy":"product_cat","embeddable":true,"href":"https:\/\/food-shop.org\/index.php?rest_route=%2Fwp%2Fv2%2Fproduct_cat&post=10423"},{"taxonomy":"product_tag","embeddable":true,"href":"https:\/\/food-shop.org\/index.php?rest_route=%2Fwp%2Fv2%2Fproduct_tag&post=10423"}],"curies":[{"name":"wp","href":"https:\/\/api.w.org\/{rel}","templated":true}]}}