{"id":10410,"date":"2020-09-01T12:34:25","date_gmt":"2020-09-01T12:34:25","guid":{"rendered":"https:\/\/food-shop.org\/?product=brathaehnchen-gewuerz-250gr-im-aromadichten-beutel"},"modified":"2023-04-06T16:44:49","modified_gmt":"2023-04-06T16:44:49","slug":"brathaehnchen-gewuerz-250gr-im-aromadichten-beutel","status":"publish","type":"product","link":"https:\/\/food-shop.org\/?product=brathaehnchen-gewuerz-250gr-im-aromadichten-beutel","title":{"rendered":"Ankerkraut Brath\u00e4hnchen Gew\u00fcrz, Brath\u00e4hnchenmarinade f\u00fcr knuspriges H\u00e4hnchen, 250g im aromadichten Beutel"},"content":{"rendered":"<p><!-- show up to 2 reviews by default --> <\/p>\n<h3>Produktbeschreibung<\/h3>\n<p>Rezeptvorschlag: Mit unserem Brath\u00e4hnchengew\u00fcrz bekommen Sie selber ein ganz leckeres, knuspriges H\u00fchnchen in den Ofen oder den Grill gezaubert. Reiben Sie das H\u00e4hnchen einfach mit ein paar Tropfen Oliven\u00f6l ein und best\u00e4uben Sie es dann gro\u00dfz\u00fcgig mit dem Brath\u00e4hnchen Gew\u00fcrz von Ankerkraut. Je nach Gr\u00f6\u00dfe sollte das H\u00e4hnchen etwa 60-90 Minuten bei 150\u00b0C Grad im Ofen oder auf dem Grill liegen. <\/p>\n<h3>Inhaltsstoffe \/ Zutaten<\/h3>\n<p>Meersalz, Paprika edels\u00fc\u00df, Petersilie, Knoblauch, Majoran, Bockshornkleesaat, Chilischrot, K\u00fcmmel, Muskat, kann Spuren von Senf und Sellerie enthalten. <\/p>\n<div data-a-expander-name=\"toggle_description\" class=\"a-row a-expander-container a-expander-extend-container\">\n<div class=\"a-expander-content a-expander-extend-content\">\n<h3>Anschrift Hersteller\/Importeur<\/h3>\n<p>Reindorfer Osterberg 75, 21266 Jesteburg <\/p>\n<\/p><\/div>\n<p> <a href=\"void(0)\" data-action=\"a-expander-toggle\" class=\"a-expander-header a-declarative a-expander-extend-header\" data-a-expander-toggle=\"{\"><i class=\"a-icon a-icon-extender-expand\"><\/i><span class=\"a-expander-prompt\">Weitere Informationen<\/span><\/a> <\/div>\n<p>Gew\u00fcrze ohne Geschmacksverst\u00e4rker, Farbstoffe oder Rieselhilfen<br \/>\nBrath\u00e4hnchen wie vom Grillwagen<br \/>\n180 Gramm Gew\u00fcrzzubereitung in einer gro\u00dfen, wiederverschlie\u00dfbaren T\u00fcte<br \/>\nEinfach H\u00e4hnchen einreiben und backen oder grillen.<br \/>\n<div class=\"main-cross-sell\" data-asin=\"B00QH2L33S\">\n\n\t<div class=\"WooZone-cross-sell-loader\">\n\t\t<div>\n\t\t\t<div id=\"floatingBarsG\">\n\t\t\t\t<div class=\"blockG\" id=\"rotateG_01\"><\/div>\n\t\t\t\t<div class=\"blockG\" id=\"rotateG_02\"><\/div>\n\t\t\t\t<div class=\"blockG\" id=\"rotateG_03\"><\/div>\n\t\t\t\t<div class=\"blockG\" id=\"rotateG_04\"><\/div>\n\t\t\t\t<div class=\"blockG\" id=\"rotateG_05\"><\/div>\n\t\t\t\t<div class=\"blockG\" id=\"rotateG_06\"><\/div>\n\t\t\t\t<div class=\"blockG\" id=\"rotateG_07\"><\/div>\n\t\t\t\t<div class=\"blockG\" id=\"rotateG_08\"><\/div>\n\t\t\t<\/div>\n\t\t\t<div class=\"WooZone-cross-sell-loader-text\"><\/div>\n\t\t<\/div>\n\t<\/div>\n\n\t\t\n<\/div>\n<div style=\"clear:both;\"><\/div>\n","protected":false},"excerpt":{"rendered":"Gew\u00fcrze ohne Geschmacksverst\u00e4rker, Farbstoffe oder Rieselhilfen\nBrath\u00e4hnchen wie vom Grillwagen\n180 Gramm Gew\u00fcrzzubereitung in einer gro\u00dfen, wiederverschlie\u00dfbaren T\u00fcte","protected":false},"featured_media":10411,"comment_status":"open","ping_status":"closed","template":"","meta":[],"product_cat":[57,59],"product_tag":[],"_links":{"self":[{"href":"https:\/\/food-shop.org\/index.php?rest_route=\/wp\/v2\/product\/10410"}],"collection":[{"href":"https:\/\/food-shop.org\/index.php?rest_route=\/wp\/v2\/product"}],"about":[{"href":"https:\/\/food-shop.org\/index.php?rest_route=\/wp\/v2\/types\/product"}],"replies":[{"embeddable":true,"href":"https:\/\/food-shop.org\/index.php?rest_route=%2Fwp%2Fv2%2Fcomments&post=10410"}],"wp:featuredmedia":[{"embeddable":true,"href":"https:\/\/food-shop.org\/index.php?rest_route=\/wp\/v2\/media\/10411"}],"wp:attachment":[{"href":"https:\/\/food-shop.org\/index.php?rest_route=%2Fwp%2Fv2%2Fmedia&parent=10410"}],"wp:term":[{"taxonomy":"product_cat","embeddable":true,"href":"https:\/\/food-shop.org\/index.php?rest_route=%2Fwp%2Fv2%2Fproduct_cat&post=10410"},{"taxonomy":"product_tag","embeddable":true,"href":"https:\/\/food-shop.org\/index.php?rest_route=%2Fwp%2Fv2%2Fproduct_tag&post=10410"}],"curies":[{"name":"wp","href":"https:\/\/api.w.org\/{rel}","templated":true}]}}