{"id":10396,"date":"2020-09-01T12:34:18","date_gmt":"2020-09-01T12:34:18","guid":{"rendered":"https:\/\/food-shop.org\/?product=ankerkraut-smoking-zeus-gyros-und-grillgewuerz-250g-im-beutel"},"modified":"2023-04-06T16:44:49","modified_gmt":"2023-04-06T16:44:49","slug":"ankerkraut-smoking-zeus-gyros-und-grillgewuerz-250g-im-beutel","status":"publish","type":"product","link":"https:\/\/food-shop.org\/?product=ankerkraut-smoking-zeus-gyros-und-grillgewuerz-250g-im-beutel","title":{"rendered":"Ankerkraut Smoking Zeus, BBQ Gew\u00fcrzmischung zum Grillen und Zubereiten von Gyros und Schweinefleisch, 250g im Beutel"},"content":{"rendered":"<div class=\"disclaim\"> Gr\u00f6\u00dfe:<strong>250 g<\/strong> <\/div>\n<p> <!-- show up to 2 reviews by default --> <\/p>\n<h3>Produktbeschreibung<\/h3>\n<p>Ankerkraut &#8222;Smoking Zeus&#8220; ist ein griechisches BBQ-Rub, das man zum Grillen und zum Zubereiten von Gyros benutzen kann. F\u00fcr Gyros-Fleisch einfach Schweinefleisch (zum Beispiel Nackensteak) in kleine St\u00fccke schneiden und mit etwas \u00d6l und einer guten Menge dieses Gyros Gew\u00fcrzes vermischen. Danach f\u00fcr eine Nacht in einem Gefrierbeutel im K\u00fchlschrank lagern und danach durchbraten. Auch Gyros-Spie\u00dfe lassen sich sehr einfach mit diesem griechischem Rub herstellen, daf\u00fcr einfach die marinierten Fleischst\u00fccke und das gew\u00fcnschte Gem\u00fcse (zum Beispiel: Paprika, Zwiebel, Pilze und Zucchini) auf einen Spie\u00df ziehen und grillen oder braten. N\u00e4hrwerte je 10g: Brennwert: 1025kJ (244kcal); Fett: 5g; davon ges\u00e4ttigte Fetts\u00e4uren: 0,9g; Kohlenhydrate: 36g; davon Zucker: 30g; Eiwei\u00df: 7,8g; Salz: 28,6g <\/p>\n<h3>Inhaltsstoffe \/ Zutaten<\/h3>\n<p>Meersalz, Paprika edels\u00fc\u00df, schwarzer Pfeffer, Zwiebel, Knoblauch, Roh-Rohrzucker, Rosmarin, Thymian, Oregano, Majoran, Cumin, Koriandersaat, Chilischrot, Piment. Kann Spuren von Senf und Sellerie enthalten <\/p>\n<div data-a-expander-name=\"toggle_description\" class=\"a-row a-expander-container a-expander-extend-container\">\n<div class=\"a-expander-content a-expander-extend-content\">\n<h3>Anschrift Hersteller\/Importeur<\/h3>\n<p>Reindorfer Osterberg 75, 21266 Jesteburg <\/p>\n<\/p><\/div>\n<p> <a href=\"void(0)\" data-action=\"a-expander-toggle\" class=\"a-expander-header a-declarative a-expander-extend-header\" data-a-expander-toggle=\"{\"><i class=\"a-icon a-icon-extender-expand\"><\/i><span class=\"a-expander-prompt\">Weitere Informationen<\/span><\/a> <\/div>\n<p>Handgemachte Gew\u00fcrzmischungen OHNE jegliche Zusatzstoffe!<br \/>\nBBQ Rub im Stile eines Gyros-Gew\u00fcrzes, perfekt f\u00fcr Spiess und Schichtbraten<br \/>\n<div class=\"main-cross-sell\" data-asin=\"B00OTIUO78\">\n\n\t<div class=\"WooZone-cross-sell-loader\">\n\t\t<div>\n\t\t\t<div id=\"floatingBarsG\">\n\t\t\t\t<div class=\"blockG\" id=\"rotateG_01\"><\/div>\n\t\t\t\t<div class=\"blockG\" id=\"rotateG_02\"><\/div>\n\t\t\t\t<div class=\"blockG\" id=\"rotateG_03\"><\/div>\n\t\t\t\t<div class=\"blockG\" id=\"rotateG_04\"><\/div>\n\t\t\t\t<div class=\"blockG\" id=\"rotateG_05\"><\/div>\n\t\t\t\t<div class=\"blockG\" id=\"rotateG_06\"><\/div>\n\t\t\t\t<div class=\"blockG\" id=\"rotateG_07\"><\/div>\n\t\t\t\t<div class=\"blockG\" id=\"rotateG_08\"><\/div>\n\t\t\t<\/div>\n\t\t\t<div class=\"WooZone-cross-sell-loader-text\"><\/div>\n\t\t<\/div>\n\t<\/div>\n\n\t\t\n<\/div>\n<div style=\"clear:both;\"><\/div>\n","protected":false},"excerpt":{"rendered":"Handgemachte Gew\u00fcrzmischungen OHNE jegliche Zusatzstoffe!\nBBQ Rub im Stile eines Gyros-Gew\u00fcrzes, perfekt f\u00fcr Spiess und Schichtbraten","protected":false},"featured_media":10397,"comment_status":"open","ping_status":"closed","template":"","meta":[],"product_cat":[57,59],"product_tag":[],"_links":{"self":[{"href":"https:\/\/food-shop.org\/index.php?rest_route=\/wp\/v2\/product\/10396"}],"collection":[{"href":"https:\/\/food-shop.org\/index.php?rest_route=\/wp\/v2\/product"}],"about":[{"href":"https:\/\/food-shop.org\/index.php?rest_route=\/wp\/v2\/types\/product"}],"replies":[{"embeddable":true,"href":"https:\/\/food-shop.org\/index.php?rest_route=%2Fwp%2Fv2%2Fcomments&post=10396"}],"wp:featuredmedia":[{"embeddable":true,"href":"https:\/\/food-shop.org\/index.php?rest_route=\/wp\/v2\/media\/10397"}],"wp:attachment":[{"href":"https:\/\/food-shop.org\/index.php?rest_route=%2Fwp%2Fv2%2Fmedia&parent=10396"}],"wp:term":[{"taxonomy":"product_cat","embeddable":true,"href":"https:\/\/food-shop.org\/index.php?rest_route=%2Fwp%2Fv2%2Fproduct_cat&post=10396"},{"taxonomy":"product_tag","embeddable":true,"href":"https:\/\/food-shop.org\/index.php?rest_route=%2Fwp%2Fv2%2Fproduct_tag&post=10396"}],"curies":[{"name":"wp","href":"https:\/\/api.w.org\/{rel}","templated":true}]}}