{"id":10370,"date":"2020-09-01T12:34:05","date_gmt":"2020-09-01T12:34:05","guid":{"rendered":"https:\/\/food-shop.org\/?product=grillstone-hartholz-fluessigrauch-liquid-smoke-vegan-100ml"},"modified":"2023-04-06T16:44:49","modified_gmt":"2023-04-06T16:44:49","slug":"grillstone-hartholz-fluessigrauch-liquid-smoke-vegan-100ml","status":"publish","type":"product","link":"https:\/\/food-shop.org\/?product=grillstone-hartholz-fluessigrauch-liquid-smoke-vegan-100ml","title":{"rendered":"Grillstone Hartholz Fl\u00fcssigrauch, Liquid Smoke vegan 100ml ohne Zusatzstoffe"},"content":{"rendered":"<p><!-- show up to 2 reviews by default --> <\/p>\n<h3>Produktbeschreibungen<\/h3>\n<p>Hartholz Liquid Smoke Neu von Grillstone 100ml mit Dosierer. Dieser naturreine Liquid Smoke mit Hartholz Geschmack ist ohne Streck- und Zusatzstoffe wie Geschmacksverst\u00e4rker, Hefen, Soja und andere. Sehr kr\u00e4ftig &#8211; sehr Ergiebig! aber milder als der Hickory Fl\u00fcssigrauch. F\u00fcr Fleischesser und Veganer gleicherma\u00dfen geeignet. mit Dosiereinsatz zum Dosieren und Portionieren. zum Verfeinern von Saucen, Rubs und allen Lebensmitteln. Anwendung: je kg Masse oder Fl\u00fcssigkeit je 10-12 Tropfen. Allgemeine Produktinformationen: Zutaten\/Inhaltsstoffe : Gereinigtes Rauchkondensat Warnhinweise nicht: unverd\u00fcnnt anwenden Netto-Volumen100 ml, Gebrauchshinweis: einige wenige Tropfen dieses naturreinen Liquid Smoke reichen um Deinem Essen einen kr\u00e4ftigen Rauchgeschmack zu verleihen- Herkunft:USA Marke:Grillstone <\/p>\n<h3>Inhaltsstoffe \/ Zutaten<\/h3>\n<p>Gereinigtes Rauchkondensat <\/p>\n<p>Dieser naturreine Liquid Smoke mit Hartholz Geschmack ist ohne Streck- und Zusatzstoffe wie Geschmacksverst\u00e4rker<br \/>\nSehr kr\u00e4ftig &#8211; sehr Ergiebig! aber milder als der Hickory Fl\u00fcssigrauch, Smooth!<br \/>\nmit Dosiereinsatz zum Dosieren und Portionieren<br \/>\nInhaltsstoffe : Gereinigtes Rauchkondensat<br \/>\n<div class=\"main-cross-sell\" data-asin=\"B07DWXQD7G\">\n\n\t<div class=\"WooZone-cross-sell-loader\">\n\t\t<div>\n\t\t\t<div id=\"floatingBarsG\">\n\t\t\t\t<div class=\"blockG\" id=\"rotateG_01\"><\/div>\n\t\t\t\t<div class=\"blockG\" id=\"rotateG_02\"><\/div>\n\t\t\t\t<div class=\"blockG\" id=\"rotateG_03\"><\/div>\n\t\t\t\t<div class=\"blockG\" id=\"rotateG_04\"><\/div>\n\t\t\t\t<div class=\"blockG\" id=\"rotateG_05\"><\/div>\n\t\t\t\t<div class=\"blockG\" id=\"rotateG_06\"><\/div>\n\t\t\t\t<div class=\"blockG\" id=\"rotateG_07\"><\/div>\n\t\t\t\t<div class=\"blockG\" id=\"rotateG_08\"><\/div>\n\t\t\t<\/div>\n\t\t\t<div class=\"WooZone-cross-sell-loader-text\"><\/div>\n\t\t<\/div>\n\t<\/div>\n\n\t\t\n<\/div>\n<div style=\"clear:both;\"><\/div>\n","protected":false},"excerpt":{"rendered":"Dieser naturreine Liquid Smoke mit Hartholz Geschmack ist ohne Streck- und Zusatzstoffe wie Geschmacksverst\u00e4rker\nSehr kr\u00e4ftig - sehr Ergiebig! aber milder als der Hickory Fl\u00fcssigrauch, Smooth!\nmit Dosiereinsatz zum Dosieren und Portionieren","protected":false},"featured_media":10371,"comment_status":"open","ping_status":"closed","template":"","meta":[],"product_cat":[57,59],"product_tag":[],"_links":{"self":[{"href":"https:\/\/food-shop.org\/index.php?rest_route=\/wp\/v2\/product\/10370"}],"collection":[{"href":"https:\/\/food-shop.org\/index.php?rest_route=\/wp\/v2\/product"}],"about":[{"href":"https:\/\/food-shop.org\/index.php?rest_route=\/wp\/v2\/types\/product"}],"replies":[{"embeddable":true,"href":"https:\/\/food-shop.org\/index.php?rest_route=%2Fwp%2Fv2%2Fcomments&post=10370"}],"wp:featuredmedia":[{"embeddable":true,"href":"https:\/\/food-shop.org\/index.php?rest_route=\/wp\/v2\/media\/10371"}],"wp:attachment":[{"href":"https:\/\/food-shop.org\/index.php?rest_route=%2Fwp%2Fv2%2Fmedia&parent=10370"}],"wp:term":[{"taxonomy":"product_cat","embeddable":true,"href":"https:\/\/food-shop.org\/index.php?rest_route=%2Fwp%2Fv2%2Fproduct_cat&post=10370"},{"taxonomy":"product_tag","embeddable":true,"href":"https:\/\/food-shop.org\/index.php?rest_route=%2Fwp%2Fv2%2Fproduct_tag&post=10370"}],"curies":[{"name":"wp","href":"https:\/\/api.w.org\/{rel}","templated":true}]}}