{"id":10354,"date":"2020-09-01T12:33:58","date_gmt":"2020-09-01T12:33:58","guid":{"rendered":"https:\/\/food-shop.org\/?product=wild-island-piri-piri-salatdressing-dip-marinade-sauce-250ml"},"modified":"2023-04-06T16:44:49","modified_gmt":"2023-04-06T16:44:49","slug":"wild-island-piri-piri-salatdressing-dip-marinade-sauce-250ml","status":"publish","type":"product","link":"https:\/\/food-shop.org\/?product=wild-island-piri-piri-salatdressing-dip-marinade-sauce-250ml","title":{"rendered":"Wild Island Piri Piri Salatdressing Dip &amp; Marinade Sauce 250ml"},"content":{"rendered":"<p>PIRI PIRI MARINADE SAUCE &#8211; Eine traditionelle Piri-Piri-Marinade-So\u00dfe aus kaltgepresstem Raps\u00f6l, Apfelessig und allem, was ein Piri Piri so braucht<br \/>\nMARINADE ODER SALATDRESSING &#8211; Verwendung als Salatdressing, Marinade f\u00fcr Fleisch, Fisch oder Gem\u00fcse<br \/>\nAROMA-\u00d6LE, ESSIGE UND DRESSINGS &#8211; Bei Wild Island lieben wir es, Aromen zu kombinieren, Geschm\u00e4cker zu entdecken und unser Angebot mit immer neuen innovativen und doch ausgewogenen Aromen zu entwickeln.<br \/>\nWILD ISLAND &#8211; Wir legen gro\u00dfen Wert darauf, die besten Erzeugnisse zu verwenden und, wo immer m\u00f6glich, lokale Zutaten, immer mit R\u00fccksicht auf Herkunft, Qualit\u00e4t und Geschmack.<br \/>\nHANDGEFERTIGT AUF DER ISLE OF WIGHT &#8211; Unsere Produkte werden in unserer K\u00fcche in kleinen Chargen nach traditionellen Verfahren und in Handarbeit auf der Isle of Wight hergestellt.<br \/>\n<div class=\"main-cross-sell\" data-asin=\"B088M6RYRY\">\n\n\t<div class=\"WooZone-cross-sell-loader\">\n\t\t<div>\n\t\t\t<div id=\"floatingBarsG\">\n\t\t\t\t<div class=\"blockG\" id=\"rotateG_01\"><\/div>\n\t\t\t\t<div class=\"blockG\" id=\"rotateG_02\"><\/div>\n\t\t\t\t<div class=\"blockG\" id=\"rotateG_03\"><\/div>\n\t\t\t\t<div class=\"blockG\" id=\"rotateG_04\"><\/div>\n\t\t\t\t<div class=\"blockG\" id=\"rotateG_05\"><\/div>\n\t\t\t\t<div class=\"blockG\" id=\"rotateG_06\"><\/div>\n\t\t\t\t<div class=\"blockG\" id=\"rotateG_07\"><\/div>\n\t\t\t\t<div class=\"blockG\" id=\"rotateG_08\"><\/div>\n\t\t\t<\/div>\n\t\t\t<div class=\"WooZone-cross-sell-loader-text\"><\/div>\n\t\t<\/div>\n\t<\/div>\n\n\t\t\n<\/div>\n<div style=\"clear:both;\"><\/div>\n","protected":false},"excerpt":{"rendered":"PIRI PIRI MARINADE SAUCE - Eine traditionelle Piri-Piri-Marinade-So\u00dfe aus kaltgepresstem Raps\u00f6l, Apfelessig und allem, was ein Piri Piri so braucht\nMARINADE ODER SALATDRESSING - Verwendung als Salatdressing, Marinade f\u00fcr Fleisch, Fisch oder Gem\u00fcse\nAROMA-\u00d6LE, ESSIGE UND DRESSINGS - Bei Wild Island lieben wir es, Aromen zu kombinieren, Geschm\u00e4cker zu entdecken und unser Angebot mit immer neuen innovativen und doch ausgewogenen Aromen zu entwickeln.","protected":false},"featured_media":10355,"comment_status":"open","ping_status":"closed","template":"","meta":[],"product_cat":[57,59],"product_tag":[],"_links":{"self":[{"href":"https:\/\/food-shop.org\/index.php?rest_route=\/wp\/v2\/product\/10354"}],"collection":[{"href":"https:\/\/food-shop.org\/index.php?rest_route=\/wp\/v2\/product"}],"about":[{"href":"https:\/\/food-shop.org\/index.php?rest_route=\/wp\/v2\/types\/product"}],"replies":[{"embeddable":true,"href":"https:\/\/food-shop.org\/index.php?rest_route=%2Fwp%2Fv2%2Fcomments&post=10354"}],"wp:featuredmedia":[{"embeddable":true,"href":"https:\/\/food-shop.org\/index.php?rest_route=\/wp\/v2\/media\/10355"}],"wp:attachment":[{"href":"https:\/\/food-shop.org\/index.php?rest_route=%2Fwp%2Fv2%2Fmedia&parent=10354"}],"wp:term":[{"taxonomy":"product_cat","embeddable":true,"href":"https:\/\/food-shop.org\/index.php?rest_route=%2Fwp%2Fv2%2Fproduct_cat&post=10354"},{"taxonomy":"product_tag","embeddable":true,"href":"https:\/\/food-shop.org\/index.php?rest_route=%2Fwp%2Fv2%2Fproduct_tag&post=10354"}],"curies":[{"name":"wp","href":"https:\/\/api.w.org\/{rel}","templated":true}]}}