{"id":10334,"date":"2020-09-01T12:33:51","date_gmt":"2020-09-01T12:33:51","guid":{"rendered":"https:\/\/food-shop.org\/?product=kikkoman-teriyaki-marinade-sauce-2-x-250ml"},"modified":"2023-04-06T16:44:48","modified_gmt":"2023-04-06T16:44:48","slug":"kikkoman-teriyaki-marinade-sauce-2-x-250ml","status":"publish","type":"product","link":"https:\/\/food-shop.org\/?product=kikkoman-teriyaki-marinade-sauce-2-x-250ml","title":{"rendered":"KIKKOMAN Teriyaki Marinade &amp; Sauce 2 x 250ml"},"content":{"rendered":"<p><!-- show up to 2 reviews by default --> <\/p>\n<h3>Produktbeschreibungen<\/h3>\n<p>[ 2x 250ml ] KIKKOMAN Teriyaki Marinade &amp; Sauce \/\/ Zutaten: Sojasauce (Wasser, Sojabohnen, Weizen, Speisesalz), Wein (enth\u00e4lt Sulfite), Zucker, Wasser, Branntweinessig, Speisesalz, Gew\u00fcrzextrakte, Zwiebelpulver, Knoblauchpulver. Allergene: Soja, Weizen, Sulfite. <\/p>\n<h3>Inhaltsstoffe \/ Zutaten<\/h3>\n<p>Sojasauce (Wasser, Sojabohnen, Weizen, Speisesalz), Wein (enth\u00e4lt Sulfite), Zucker, Wasser, Branntweinessig, Speisesalz, Gew\u00fcrzextrakte, Zwiebelpulver, Knoblauchpulver. <\/p>\n<div data-a-expander-name=\"toggle_description\" class=\"a-row a-expander-container a-expander-extend-container\">\n<div class=\"a-expander-content a-expander-extend-content\">\n<h3>Rechtliche Hinweise<\/h3>\n<p>MDH\/2019 <\/p>\n<h3>Anschrift Hersteller\/Importeur<\/h3>\n<p>Kikkoman Trading Europe Gmbh, Theodorstra\u00dfe 293, 40472 D\u00fcsseldorf, Deutschland <\/p>\n<\/p><\/div>\n<p> <a href=\"void(0)\" data-action=\"a-expander-toggle\" class=\"a-expander-header a-declarative a-expander-extend-header\" data-a-expander-toggle=\"{\"><i class=\"a-icon a-icon-extender-expand\"><\/i><span class=\"a-expander-prompt\">Weitere Informationen<\/span><\/a> <\/div>\n<p>Ideal f\u00fcr Fleisch, Gefl\u00fcgel, Fisch und Gem\u00fcse.<br \/>\nOhne k\u00fcnstliche Farbstoffe und Geschmacksverst\u00e4rker<br \/>\nZutaten: Sojasauce (Wasser, Sojabohnen, Weizen, Speisesalz), Wein (enth\u00e4lt Sulfite), Zucker, Wasser, Branntweinessig, Speisesalz, Gew\u00fcrzextrakte, Zwiebelpulver, Knoblauchpulver.<br \/>\nAllergene: Soja, Weizen, Sulfite.<br \/>\nInhalt: 250 ml x 2 = 500ml<br \/>\n<div class=\"main-cross-sell\" data-asin=\"B00A4860W0\">\n\n\t<div class=\"WooZone-cross-sell-loader\">\n\t\t<div>\n\t\t\t<div id=\"floatingBarsG\">\n\t\t\t\t<div class=\"blockG\" id=\"rotateG_01\"><\/div>\n\t\t\t\t<div class=\"blockG\" id=\"rotateG_02\"><\/div>\n\t\t\t\t<div class=\"blockG\" id=\"rotateG_03\"><\/div>\n\t\t\t\t<div class=\"blockG\" id=\"rotateG_04\"><\/div>\n\t\t\t\t<div class=\"blockG\" id=\"rotateG_05\"><\/div>\n\t\t\t\t<div class=\"blockG\" id=\"rotateG_06\"><\/div>\n\t\t\t\t<div class=\"blockG\" id=\"rotateG_07\"><\/div>\n\t\t\t\t<div class=\"blockG\" id=\"rotateG_08\"><\/div>\n\t\t\t<\/div>\n\t\t\t<div class=\"WooZone-cross-sell-loader-text\"><\/div>\n\t\t<\/div>\n\t<\/div>\n\n\t\t\n<\/div>\n<div style=\"clear:both;\"><\/div>\n","protected":false},"excerpt":{"rendered":"Ideal f\u00fcr Fleisch, Gefl\u00fcgel, Fisch und Gem\u00fcse.\nOhne k\u00fcnstliche Farbstoffe und Geschmacksverst\u00e4rker\nZutaten: Sojasauce (Wasser, Sojabohnen, Weizen, Speisesalz), Wein (enth\u00e4lt Sulfite), Zucker, Wasser, Branntweinessig, Speisesalz, Gew\u00fcrzextrakte, Zwiebelpulver, Knoblauchpulver.","protected":false},"featured_media":10335,"comment_status":"open","ping_status":"closed","template":"","meta":[],"product_cat":[57,59],"product_tag":[],"_links":{"self":[{"href":"https:\/\/food-shop.org\/index.php?rest_route=\/wp\/v2\/product\/10334"}],"collection":[{"href":"https:\/\/food-shop.org\/index.php?rest_route=\/wp\/v2\/product"}],"about":[{"href":"https:\/\/food-shop.org\/index.php?rest_route=\/wp\/v2\/types\/product"}],"replies":[{"embeddable":true,"href":"https:\/\/food-shop.org\/index.php?rest_route=%2Fwp%2Fv2%2Fcomments&post=10334"}],"wp:featuredmedia":[{"embeddable":true,"href":"https:\/\/food-shop.org\/index.php?rest_route=\/wp\/v2\/media\/10335"}],"wp:attachment":[{"href":"https:\/\/food-shop.org\/index.php?rest_route=%2Fwp%2Fv2%2Fmedia&parent=10334"}],"wp:term":[{"taxonomy":"product_cat","embeddable":true,"href":"https:\/\/food-shop.org\/index.php?rest_route=%2Fwp%2Fv2%2Fproduct_cat&post=10334"},{"taxonomy":"product_tag","embeddable":true,"href":"https:\/\/food-shop.org\/index.php?rest_route=%2Fwp%2Fv2%2Fproduct_tag&post=10334"}],"curies":[{"name":"wp","href":"https:\/\/api.w.org\/{rel}","templated":true}]}}