{"id":10312,"date":"2020-09-01T12:09:47","date_gmt":"2020-09-01T12:09:47","guid":{"rendered":"https:\/\/food-shop.org\/?product=arbol-chili-paste-kochpaste-750g-der-authentische-geschmack-mexikos"},"modified":"2023-04-06T16:44:48","modified_gmt":"2023-04-06T16:44:48","slug":"arbol-chili-paste-kochpaste-750g-der-authentische-geschmack-mexikos","status":"publish","type":"product","link":"https:\/\/food-shop.org\/?product=arbol-chili-paste-kochpaste-750g-der-authentische-geschmack-mexikos","title":{"rendered":"Arbol Chili Paste (Kochpaste 750g), Der authentische Geschmack Mexikos"},"content":{"rendered":"<p>Unsere Chilipasten eignen sich hervorragend ein mexikanisches Geschmackserlebnis zu erzeugen.<br \/>\nErstellen Sie problemlos Ihre eigene Mole (Kochsauce) oder verwenden Sie die Mole einfach zum Marinieren von Fleisch.<br \/>\nF\u00fcr gew\u00f6hnlich ist die Arbol-Chili in Saucen zu finden, die verwendet werden um jeder Mahlzeit eine andere Note zu verleihen. Diese Sorte von Chilis ist stark w\u00fcrzig und reich an Vitamin C und A. Wenn es um Sch\u00e4rfe geht, dann ist die \u00c1rbol-Chili sehr gefragt. Die meisten zubereiteten Saucen werden typisch aus dieser Sorte hergestellt. Eine davon ist die Salsa macha, die aus Chilipulver und \u00d6l gemacht ist.<br \/>\nHerkunft: Mexiko<br \/>\nPremium Qualit\u00e4t<br \/>\n<div class=\"main-cross-sell\" data-asin=\"B08D7PR5DM\">\n\n\t<div class=\"WooZone-cross-sell-loader\">\n\t\t<div>\n\t\t\t<div id=\"floatingBarsG\">\n\t\t\t\t<div class=\"blockG\" id=\"rotateG_01\"><\/div>\n\t\t\t\t<div class=\"blockG\" id=\"rotateG_02\"><\/div>\n\t\t\t\t<div class=\"blockG\" id=\"rotateG_03\"><\/div>\n\t\t\t\t<div class=\"blockG\" id=\"rotateG_04\"><\/div>\n\t\t\t\t<div class=\"blockG\" id=\"rotateG_05\"><\/div>\n\t\t\t\t<div class=\"blockG\" id=\"rotateG_06\"><\/div>\n\t\t\t\t<div class=\"blockG\" id=\"rotateG_07\"><\/div>\n\t\t\t\t<div class=\"blockG\" id=\"rotateG_08\"><\/div>\n\t\t\t<\/div>\n\t\t\t<div class=\"WooZone-cross-sell-loader-text\"><\/div>\n\t\t<\/div>\n\t<\/div>\n\n\t\t\n<\/div>\n<div style=\"clear:both;\"><\/div>\n","protected":false},"excerpt":{"rendered":"Unsere Chilipasten eignen sich hervorragend ein mexikanisches Geschmackserlebnis zu erzeugen.\nErstellen Sie problemlos Ihre eigene Mole (Kochsauce) oder verwenden Sie die Mole einfach zum Marinieren von Fleisch.\nF\u00fcr gew\u00f6hnlich ist die Arbol-Chili in Saucen zu finden, die verwendet werden um jeder Mahlzeit eine andere Note zu verleihen. Diese Sorte von Chilis ist stark w\u00fcrzig und reich an Vitamin C und A. Wenn es um Sch\u00e4rfe geht, dann ist die \u00c1rbol-Chili sehr gefragt. Die meisten zubereiteten Saucen werden typisch aus dieser Sorte hergestellt. Eine davon ist die Salsa macha, die aus Chilipulver und \u00d6l gemacht ist.","protected":false},"featured_media":10313,"comment_status":"open","ping_status":"closed","template":"","meta":[],"product_cat":[60,57],"product_tag":[],"_links":{"self":[{"href":"https:\/\/food-shop.org\/index.php?rest_route=\/wp\/v2\/product\/10312"}],"collection":[{"href":"https:\/\/food-shop.org\/index.php?rest_route=\/wp\/v2\/product"}],"about":[{"href":"https:\/\/food-shop.org\/index.php?rest_route=\/wp\/v2\/types\/product"}],"replies":[{"embeddable":true,"href":"https:\/\/food-shop.org\/index.php?rest_route=%2Fwp%2Fv2%2Fcomments&post=10312"}],"wp:featuredmedia":[{"embeddable":true,"href":"https:\/\/food-shop.org\/index.php?rest_route=\/wp\/v2\/media\/10313"}],"wp:attachment":[{"href":"https:\/\/food-shop.org\/index.php?rest_route=%2Fwp%2Fv2%2Fmedia&parent=10312"}],"wp:term":[{"taxonomy":"product_cat","embeddable":true,"href":"https:\/\/food-shop.org\/index.php?rest_route=%2Fwp%2Fv2%2Fproduct_cat&post=10312"},{"taxonomy":"product_tag","embeddable":true,"href":"https:\/\/food-shop.org\/index.php?rest_route=%2Fwp%2Fv2%2Fproduct_tag&post=10312"}],"curies":[{"name":"wp","href":"https:\/\/api.w.org\/{rel}","templated":true}]}}