{"id":10300,"date":"2020-09-01T12:09:42","date_gmt":"2020-09-01T12:09:42","guid":{"rendered":"https:\/\/food-shop.org\/?product=knorr-fix-schmorbraten-4-portionen"},"modified":"2023-04-06T16:44:48","modified_gmt":"2023-04-06T16:44:48","slug":"knorr-fix-schmorbraten-4-portionen","status":"publish","type":"product","link":"https:\/\/food-shop.org\/?product=knorr-fix-schmorbraten-4-portionen","title":{"rendered":"Knorr Fix Schmorbraten, 4 Portionen, 41 g"},"content":{"rendered":"<p><!-- show up to 2 reviews by default --> <\/p>\n<h3>Produktbeschreibung<\/h3>\n<p>Der schmeckt jeden Tag. Saftiger Schmorbraten in einer Sauce aus Zwiebeln, Lorbeer und Thymian. Zubereitung f\u00fcr: 500 g Rind-, Wild- oder Lammfleisch (z.B. aus der Keule) 1) Fleisch in etwas hei\u00dfem \u00d6l rundherum anbraten. 2) 500 ml Wasser zugie\u00dfen, aufkochen und Beutelinhalt einr\u00fchren. 3) Zugedeckt bei schwacher Hitze ca. 1 \u00bd Stunden schmoren. Fleisch nach der H\u00e4lfte der Garzeit wenden. Bei Bedarf etwas Wasser nachgie\u00dfen. Tipp: Die Knorr Chefk\u00f6che empfehlen hierzu Semmelkn\u00f6del. Mit den Knorr Fix Produkten begeistern Sie Ihre ganze Familie mit Leichtigkeit: Die beliebte W\u00fcrzbasis sorgt f\u00fcr einen authentischen Geschmack der Gerichte und spart wertvolle Zeit beim W\u00fcrzen und Abschmecken. Ganz einfach bereiten Sie damit k\u00f6stliche Mahlzeiten zu \u2013 auch ohne Kocherfahrung. Die Zugabe von frischen Zutaten bringt Frische auf den Teller und erm\u00f6glicht eine Vielzahl an Variationen der Gerichte. Damit erhalten Sie viele herzhafte Rezeptideen rund um Fleisch, Fisch, Nudeln, Reis oder Gem\u00fcse \u2013 ohne Farbstoffe, geschmacksverst\u00e4rkende Zusatzstoffe und Konservierungsstoffe. Fix gemacht und einfach lecker! Kennen Sie schon die vielen weiteren Produkte von Knorr? Dank unserer Fix-Produkte, Br\u00fchen, Saucen, Fertiggerichten, Suppen und Salatdressings gelingt jedes Gericht garantiert mit wenigen Handgriffen. Schnell und einfach erhalten so authentische Mahlzeiten ihren typischen Geschmack \u2013 egal, ob abwechslungsreiche vegetarische oder vegane K\u00fcche, herzhafte Fleischgerichte oder leckere Gem\u00fcsevariationen. Dabei ist es die Komposition ausgew\u00e4hlter hochwertiger Zutaten, die jedes Knorr Produkt besonders macht. Knorr verarbeitet nur sorgf\u00e4ltig schonend getrocknete Zutaten, denn das Trocknen ist eine der \u00e4ltesten Methoden, um Lebensmittel nat\u00fcrlich haltbar zu machen. Da der Geschmack und die N\u00e4hrstoffe der frischen Zutaten weitgehend erhalten bleiben, passen Lebensmittel aus getrockneten Zutaten perfekt in unseren stressigen Alltag. Essen mit Knorr ist unkompliziert und sorgt dar\u00fcber hinaus f\u00fcr ein gutes Gef\u00fchl: \u00dcber 90 Prozent der Zutaten kommen heute schon aus nachhaltigem Anbau. Denn wir bei Knorr glauben, dass die Verwendung nachhaltig angebauter und beschaffter Zutaten einen gro\u00dfen Unterschied f\u00fcr den Geschmack unserer Produkte, das WohlbeFinden der Landwirte und die Zukunft des Planeten macht. Knorr \u2013 Geschmack mit gutem Gef\u00fchl. <\/p>\n<h3>Inhaltsstoffe \/ Zutaten<\/h3>\n<p>Zutaten: Mehl (WEIZEN, Reis), St\u00e4rke, Aromen, jodiertes Speisesalz, Tomatenpulver\u00b3, Palm\u00f6l, 4,4% R\u00f6stzwiebeln\u00b3, Karamellzuckersirup, Hefeextrakt, Zucker, W\u00fcrze, SELLERIE\u00b3, Maltodextrin, 1,7% Paprika\u00b3, Apfelpulver\u00b3, Knoblauch\u00b3, Muskatnuss, Kr\u00e4uter (Lorbeerbl\u00e4tter, Thymian\u00b3), Pfeffer, Rotweinextrakt. \u00b3 aus nachhaltigem Anbau Kann Spuren von Milch, Ei, Soja und Senf enthalten. <\/p>\n<div data-a-expander-name=\"toggle_description\" class=\"a-row a-expander-container a-expander-extend-container\">\n<div class=\"a-expander-content a-expander-extend-content\">\n<h3>Gebrauchsanweisung<\/h3>\n<p>Frisch dazu geben: 500 g Rind-, Wild- oder Lammfleisch (z.B. aus der Keule) Zubereitung: 1) Fleisch in 1 EL \u00d6l rundherum anbraten. 2) 500 ml Wasser zugie\u00dfen, aufkochen und Beutelinhalt einr\u00fchren. 3) Zugedeckt bei schwacher Hitze ca. 1 \u00bd Stunden schmoren. Fleisch nach der H\u00e4lfte der Garzeit wenden. Bei Bedarf etwas Wasser nachgie\u00dfen. Wir empfehlen dazu Semmelkn\u00f6del und Wirsingkohl. <\/p>\n<h3>Anschrift Hersteller\/Importeur<\/h3>\n<p>Postfach 570 237, 22771 Hamburg <\/p>\n<\/p><\/div>\n<p> <a href=\"void(0)\" data-action=\"a-expander-toggle\" class=\"a-expander-header a-declarative a-expander-extend-header\" data-a-expander-toggle=\"{\"><i class=\"a-icon a-icon-extender-expand\"><\/i><span class=\"a-expander-prompt\">Weitere Informationen<\/span><\/a> <\/div>\n<p>Knorr Fix Schmorbraten f\u00fcr 4 Portionen<br \/>\nf\u00fcr einen saftigen Schmorbraten<br \/>\neine fein abgestinmmte Gew\u00fcrz- und Kr\u00e4utermischung<br \/>\nOhne geschmacksverst\u00e4rkende Zusatzstoffe und ohne Farbstoffe<br \/>\nschnelle und einfache Zubereitung<br \/>\ngelingt garantiert und sorgt f\u00fcr den vollen Genuss<br \/>\n<div class=\"main-cross-sell\" data-asin=\"B012I7OOIQ\">\n\n\t<div class=\"WooZone-cross-sell-loader\">\n\t\t<div>\n\t\t\t<div id=\"floatingBarsG\">\n\t\t\t\t<div class=\"blockG\" id=\"rotateG_01\"><\/div>\n\t\t\t\t<div class=\"blockG\" id=\"rotateG_02\"><\/div>\n\t\t\t\t<div class=\"blockG\" id=\"rotateG_03\"><\/div>\n\t\t\t\t<div class=\"blockG\" id=\"rotateG_04\"><\/div>\n\t\t\t\t<div class=\"blockG\" id=\"rotateG_05\"><\/div>\n\t\t\t\t<div class=\"blockG\" id=\"rotateG_06\"><\/div>\n\t\t\t\t<div class=\"blockG\" id=\"rotateG_07\"><\/div>\n\t\t\t\t<div class=\"blockG\" id=\"rotateG_08\"><\/div>\n\t\t\t<\/div>\n\t\t\t<div class=\"WooZone-cross-sell-loader-text\"><\/div>\n\t\t<\/div>\n\t<\/div>\n\n\t\t\n<\/div>\n<div style=\"clear:both;\"><\/div>\n","protected":false},"excerpt":{"rendered":"Knorr Fix Schmorbraten f\u00fcr 4 Portionen\nf\u00fcr einen saftigen Schmorbraten\neine fein abgestinmmte Gew\u00fcrz- und Kr\u00e4utermischung","protected":false},"featured_media":10301,"comment_status":"open","ping_status":"closed","template":"","meta":[],"product_cat":[60,57],"product_tag":[],"_links":{"self":[{"href":"https:\/\/food-shop.org\/index.php?rest_route=\/wp\/v2\/product\/10300"}],"collection":[{"href":"https:\/\/food-shop.org\/index.php?rest_route=\/wp\/v2\/product"}],"about":[{"href":"https:\/\/food-shop.org\/index.php?rest_route=\/wp\/v2\/types\/product"}],"replies":[{"embeddable":true,"href":"https:\/\/food-shop.org\/index.php?rest_route=%2Fwp%2Fv2%2Fcomments&post=10300"}],"wp:featuredmedia":[{"embeddable":true,"href":"https:\/\/food-shop.org\/index.php?rest_route=\/wp\/v2\/media\/10301"}],"wp:attachment":[{"href":"https:\/\/food-shop.org\/index.php?rest_route=%2Fwp%2Fv2%2Fmedia&parent=10300"}],"wp:term":[{"taxonomy":"product_cat","embeddable":true,"href":"https:\/\/food-shop.org\/index.php?rest_route=%2Fwp%2Fv2%2Fproduct_cat&post=10300"},{"taxonomy":"product_tag","embeddable":true,"href":"https:\/\/food-shop.org\/index.php?rest_route=%2Fwp%2Fv2%2Fproduct_tag&post=10300"}],"curies":[{"name":"wp","href":"https:\/\/api.w.org\/{rel}","templated":true}]}}