{"id":10288,"date":"2020-09-01T12:09:38","date_gmt":"2020-09-01T12:09:38","guid":{"rendered":"https:\/\/food-shop.org\/?product=maggi-fix-und-frisch-geschnetzeltes-zuericher-art-50-g"},"modified":"2023-04-06T16:44:48","modified_gmt":"2023-04-06T16:44:48","slug":"maggi-fix-und-frisch-geschnetzeltes-zuericher-art-50-g","status":"publish","type":"product","link":"https:\/\/food-shop.org\/?product=maggi-fix-und-frisch-geschnetzeltes-zuericher-art-50-g","title":{"rendered":"Maggi Fix und Frisch\u00a0geschnetzeltes Z\u00fcricher Art, 50 g"},"content":{"rendered":"<p><!-- show up to 2 reviews by default --> <\/p>\n<h3>Produktbeschreibung<\/h3>\n<p>Wer sich ohne viel Aufwand ein leckeres Fleischgericht zubereiten will, f\u00fcr den sind die Maggi fix und frisch Produkte ideal. Lust auf Geschnetzeltes? Probiere doch mal Maggi fix und frisch Geschnetzeltes Z\u00fcrcher Art. Herzhaftes Schweinefleisch wird mit leckeren Champignons in einer cremigen Sauce zum tollen Geschmackserlebnis. Fleischgerichte, die immer gelingen und schmeckenLeckere Fleischgerichte wie Geschnetzeltes Z\u00fcrcher Art gelingen mit Maggi fix und frisch und frischen Zutaten fast wie von selbst. Eine cremige Sauce mit Champignons verfeinert den leckeren Geschmack. Geschnetzeltes Z\u00fcrcher Art l\u00e4sst sich ideal mit Reis oder Nudeln kombinieren. Dank der klaren Rezeptanweisung gelingen die Fleischgerichte problemlos. F\u00fcr Geschnetzeltes Z\u00fcrcher Art braucht man:\u2022 Frisch dazu: 250 g Schweinegeschnetzeltes (alternativ: Kalbsfleisch, Gefl\u00fcgel), 150 g Champignons und 1 EL \u00d6l\u2022 Kochzubeh\u00f6r: Eine Pfanne, ein Messer, ein Schneidebrett, ein Pfannenwender und ein Messbecher\u2022 Portionen: Ein Beutelinhalt ergibt 2 leckere Portionen\u2022 Zeit: Zubereitungszeit: 10 Minuten, Koch-Backzeit: 20 Minuten\u2022 Rezepttipps: Mit Maggi fix und frisch Geschnetzeltes Z\u00fcrcher Art kann man auch andere Fleischgerichte zubereiten wie zum Beispiel Geschnetzeltes \u201aWalliser Art\u2018, Schweinemedaillons in Frischk\u00e4se-Rahm oder K\u00e4se-Geschnetzeltes Raclette.Unkomplizierte Fleischgerichte schnell zubereitetAls Erstes wird das Geschnetzelte in hei\u00dfem \u00d6l angebraten. Bevor man die Champignons ebenfalls anbr\u00e4t, nimmt man das Fleisch aus der Pfanne. Gie\u00dfe 300 ml Wasser hinzu und r\u00fchre den Beutelinhalt ein. Lasse es 1 Minute aufkochen und gib dann das Geschnetzelte zur\u00fcck in die Sauce, um es anschlie\u00dfend mit Reis oder Nudeln zu servieren. Guten Appetit.Gute Zutaten f\u00fcr guten Geschmack: Qualit\u00e4t, die man schmecktUnsere Produkte sollen schmecken, den Qualit\u00e4tsanspr\u00fcchen unserer Kunden entsprechen und beim Essen ein gutes Gef\u00fchl geben. Deshalb arbeiten wir kontinuierlich daran, unsere Produkte weiter zu verbessern &#8211; und haben die gr\u00f6\u00dfte Qualit\u00e4tsoffensive der Firmengeschichte gestartet. Dazu geh\u00f6rt, dass wir die Rohstoffe unserer Produkte verantwortungsvoll beschaffen und einfache Zutaten verwenden, die man besser versteht. Auch den Anteil an Salz und ges\u00e4ttigten Fetts\u00e4uren haben wir in vielen unserer Produkte schon reduziert. Zudem nehmen wir unsere gesellschaftliche Verantwortung ernst und f\u00f6rdern beispielsweise das gemeinsame Kochen mit Kindern. Denn zusammen kochen bedeutet f\u00fcr uns, wertvolle Zeit gemeinsam zu verbringen und miteinander Spa\u00df zu haben. <\/p>\n<h3>Inhaltsstoffe \/ Zutaten<\/h3>\n<p>Zutaten: Sonnenblumen\u00f6l, Kartoffelst\u00e4rke, Jodsalz, WEIZENMEHL, Glukosesirup, Aromen (mit MILCH), Palmfett, W\u00fcrze (aus WEIZEN), Salz, Gew\u00fcrze (Zwiebeln, Knoblauch, Curry, Pfeffer), MILCHEIWEISS, Wei\u00dfweinextrakt, Zucker, S\u00e4uerungsmittel Citronens\u00e4ure.#Kann SELLERIE, EIER, SENF und SOJA enthalten. <\/p>\n<div data-a-expander-name=\"toggle_description\" class=\"a-row a-expander-container a-expander-extend-container\">\n<div class=\"a-expander-content a-expander-extend-content\">\n<h3>Gebrauchsanweisung<\/h3>\n<p>Zubereitung: 250 g Schweinegeschnetzeltes (alternativ Kalb, Gefl\u00fcgel), 150 g Champignons, 1 EL \u00d6l#Geschnetzeltes in hei\u00dfem \u00d6l goldbraun anbraten, aus der Pfanne nehmen.#Klein geschnittene Champignons im Bratfett anbraten. 300 ml Wasser zugie\u00dfen, Beutelinhalt einr\u00fchren und aufkochen.#Geschnetzeltes zugeben und in der Sauce ca. 4 Min. hei\u00df werden lassen. Dazu schmeckt Reis. <\/p>\n<h3>Anschrift Hersteller\/Importeur<\/h3>\n<p>78221 Singen (Hohentwiel) <\/p>\n<\/p><\/div>\n<p> <a href=\"void(0)\" data-action=\"a-expander-toggle\" class=\"a-expander-header a-declarative a-expander-extend-header\" data-a-expander-toggle=\"{\"><i class=\"a-icon a-icon-extender-expand\"><\/i><span class=\"a-expander-prompt\">Weitere Informationen<\/span><\/a> <\/div>\n<p>Daf\u00fcr wird ben\u00f6tigt: 250 g Schweinegeschnetzeltes, 150 g Champignons und 1 EL \u00d6l<br \/>\nErgibt zwei Portionen leckeres Geschnetzeltes<br \/>\nHerzhaftes Schweinegeschnetzeltes mit Champignons in cremiger Sauce<br \/>\nEinfach und schnell in der Zubereitung<br \/>\n<div class=\"main-cross-sell\" data-asin=\"B015199S52\">\n\n\t<div class=\"WooZone-cross-sell-loader\">\n\t\t<div>\n\t\t\t<div id=\"floatingBarsG\">\n\t\t\t\t<div class=\"blockG\" id=\"rotateG_01\"><\/div>\n\t\t\t\t<div class=\"blockG\" id=\"rotateG_02\"><\/div>\n\t\t\t\t<div class=\"blockG\" id=\"rotateG_03\"><\/div>\n\t\t\t\t<div class=\"blockG\" id=\"rotateG_04\"><\/div>\n\t\t\t\t<div class=\"blockG\" id=\"rotateG_05\"><\/div>\n\t\t\t\t<div class=\"blockG\" id=\"rotateG_06\"><\/div>\n\t\t\t\t<div class=\"blockG\" id=\"rotateG_07\"><\/div>\n\t\t\t\t<div class=\"blockG\" id=\"rotateG_08\"><\/div>\n\t\t\t<\/div>\n\t\t\t<div class=\"WooZone-cross-sell-loader-text\"><\/div>\n\t\t<\/div>\n\t<\/div>\n\n\t\t\n<\/div>\n<div style=\"clear:both;\"><\/div>\n","protected":false},"excerpt":{"rendered":"Daf\u00fcr wird ben\u00f6tigt: 250 g Schweinegeschnetzeltes, 150 g Champignons und 1 EL \u00d6l\nErgibt zwei Portionen leckeres Geschnetzeltes\nHerzhaftes Schweinegeschnetzeltes mit Champignons in cremiger Sauce","protected":false},"featured_media":10289,"comment_status":"open","ping_status":"closed","template":"","meta":[],"product_cat":[60,57],"product_tag":[],"_links":{"self":[{"href":"https:\/\/food-shop.org\/index.php?rest_route=\/wp\/v2\/product\/10288"}],"collection":[{"href":"https:\/\/food-shop.org\/index.php?rest_route=\/wp\/v2\/product"}],"about":[{"href":"https:\/\/food-shop.org\/index.php?rest_route=\/wp\/v2\/types\/product"}],"replies":[{"embeddable":true,"href":"https:\/\/food-shop.org\/index.php?rest_route=%2Fwp%2Fv2%2Fcomments&post=10288"}],"wp:featuredmedia":[{"embeddable":true,"href":"https:\/\/food-shop.org\/index.php?rest_route=\/wp\/v2\/media\/10289"}],"wp:attachment":[{"href":"https:\/\/food-shop.org\/index.php?rest_route=%2Fwp%2Fv2%2Fmedia&parent=10288"}],"wp:term":[{"taxonomy":"product_cat","embeddable":true,"href":"https:\/\/food-shop.org\/index.php?rest_route=%2Fwp%2Fv2%2Fproduct_cat&post=10288"},{"taxonomy":"product_tag","embeddable":true,"href":"https:\/\/food-shop.org\/index.php?rest_route=%2Fwp%2Fv2%2Fproduct_tag&post=10288"}],"curies":[{"name":"wp","href":"https:\/\/api.w.org\/{rel}","templated":true}]}}