{"id":10284,"date":"2020-09-01T12:09:36","date_gmt":"2020-09-01T12:09:36","guid":{"rendered":"https:\/\/food-shop.org\/?product=maggi-fix-und-frisch-fuer-spaghetti-carbonara-42er-pack-42x34g"},"modified":"2023-04-06T16:44:48","modified_gmt":"2023-04-06T16:44:48","slug":"maggi-fix-und-frisch-fuer-spaghetti-carbonara-42er-pack-42x34g","status":"publish","type":"product","link":"https:\/\/food-shop.org\/?product=maggi-fix-und-frisch-fuer-spaghetti-carbonara-42er-pack-42x34g","title":{"rendered":"Maggi fix und frisch f\u00fcr Spaghetti Carbonara 42er Pack (42x34g)"},"content":{"rendered":"<p><!-- show up to 2 reviews by default --> <\/p>\n<h3>Inhaltsstoffe \/ Zutaten<\/h3>\n<p>Zutaten: St\u00e4rke, WEIZENMEHL, Jodsalz, Gew\u00fcrze (Zwiebeln, Knoblauch, Pfeffer), MOLKENERZEUGNIS, MILCHZUCKER, 4 % EIGELB, 3,8 % SCHMELZK\u00c4SE, Aromen (mit MILCH), Hefeextrakt, 3,4 % ger\u00e4uchertes Speckfett (Speck, Rauch), Petersilie, S\u00e4uerungsmittel Citronens\u00e4ure.#Kann SELLERIE, SOJA und SENF enthalten. <\/p>\n<h3>Gebrauchsanweisung<\/h3>\n<p>Zubereitung: 250 g Spaghetti, 50 g Schinkenw\u00fcrfel (roh), 50 ml (4 EL) Schlagsahne#Spaghetti kochen.#Schinkenw\u00fcrfel anbraten, 250 ml Wasser dazugeben. Beutelinhalt einr\u00fchren und ca. 1 Min. kochen.#50 ml (4 EL) Sahne unterr\u00fchren und hei\u00df werden lassen. Sauce mit den Spaghetti servieren. Dazu schmeckt ein Salat. <\/p>\n<div data-a-expander-name=\"toggle_description\" class=\"a-row a-expander-container a-expander-extend-container\">\n<div class=\"a-expander-content a-expander-extend-content\">\n<h3>Anschrift Hersteller\/Importeur<\/h3>\n<p>78221 Singen (Hohentwiel) <\/p>\n<\/p><\/div>\n<p> <a href=\"void(0)\" data-action=\"a-expander-toggle\" class=\"a-expander-header a-declarative a-expander-extend-header\" data-a-expander-toggle=\"{\"><i class=\"a-icon a-icon-extender-expand\"><\/i><span class=\"a-expander-prompt\">Weitere Informationen<\/span><\/a> <\/div>\n<p>Fix f\u00fcr Spaghetti alla Carbonara<br \/>\ngelingt garantiert<br \/>\nOhne Zusatzstoff Geschmacksverst\u00e4rker<br \/>\nschnell und einfach zubereitet<br \/>\nmit genauer Zubereitungsanleitung<br \/>\n<div class=\"main-cross-sell\" data-asin=\"B00TSKCLGY\">\n\n\t<div class=\"WooZone-cross-sell-loader\">\n\t\t<div>\n\t\t\t<div id=\"floatingBarsG\">\n\t\t\t\t<div class=\"blockG\" id=\"rotateG_01\"><\/div>\n\t\t\t\t<div class=\"blockG\" id=\"rotateG_02\"><\/div>\n\t\t\t\t<div class=\"blockG\" id=\"rotateG_03\"><\/div>\n\t\t\t\t<div class=\"blockG\" id=\"rotateG_04\"><\/div>\n\t\t\t\t<div class=\"blockG\" id=\"rotateG_05\"><\/div>\n\t\t\t\t<div class=\"blockG\" id=\"rotateG_06\"><\/div>\n\t\t\t\t<div class=\"blockG\" id=\"rotateG_07\"><\/div>\n\t\t\t\t<div class=\"blockG\" id=\"rotateG_08\"><\/div>\n\t\t\t<\/div>\n\t\t\t<div class=\"WooZone-cross-sell-loader-text\"><\/div>\n\t\t<\/div>\n\t<\/div>\n\n\t\t\n<\/div>\n<div style=\"clear:both;\"><\/div>\n","protected":false},"excerpt":{"rendered":"Fix f\u00fcr Spaghetti alla Carbonara\ngelingt garantiert\nOhne Zusatzstoff Geschmacksverst\u00e4rker","protected":false},"featured_media":10285,"comment_status":"open","ping_status":"closed","template":"","meta":[],"product_cat":[60,57],"product_tag":[],"_links":{"self":[{"href":"https:\/\/food-shop.org\/index.php?rest_route=\/wp\/v2\/product\/10284"}],"collection":[{"href":"https:\/\/food-shop.org\/index.php?rest_route=\/wp\/v2\/product"}],"about":[{"href":"https:\/\/food-shop.org\/index.php?rest_route=\/wp\/v2\/types\/product"}],"replies":[{"embeddable":true,"href":"https:\/\/food-shop.org\/index.php?rest_route=%2Fwp%2Fv2%2Fcomments&post=10284"}],"wp:featuredmedia":[{"embeddable":true,"href":"https:\/\/food-shop.org\/index.php?rest_route=\/wp\/v2\/media\/10285"}],"wp:attachment":[{"href":"https:\/\/food-shop.org\/index.php?rest_route=%2Fwp%2Fv2%2Fmedia&parent=10284"}],"wp:term":[{"taxonomy":"product_cat","embeddable":true,"href":"https:\/\/food-shop.org\/index.php?rest_route=%2Fwp%2Fv2%2Fproduct_cat&post=10284"},{"taxonomy":"product_tag","embeddable":true,"href":"https:\/\/food-shop.org\/index.php?rest_route=%2Fwp%2Fv2%2Fproduct_tag&post=10284"}],"curies":[{"name":"wp","href":"https:\/\/api.w.org\/{rel}","templated":true}]}}