{"id":10270,"date":"2020-09-01T12:09:29","date_gmt":"2020-09-01T12:09:29","guid":{"rendered":"https:\/\/food-shop.org\/?product=ubena-sauce-bechamel-1-x-40-g"},"modified":"2023-04-08T17:09:25","modified_gmt":"2023-04-08T17:09:25","slug":"ubena-sauce-bechamel-1-x-40-g","status":"publish","type":"product","link":"https:\/\/food-shop.org\/?product=ubena-sauce-bechamel-1-x-40-g","title":{"rendered":"Ubena Sauce Bechamel (1 x 40 g)"},"content":{"rendered":"<p><!-- show up to 2 reviews by default --> <\/p>\n<h3>Produktbeschreibung<\/h3>\n<p>Einfache Anwendung: Beutelinhalt mit einem Schneebesen in kaltes Wasser einr\u00fchren. Unter R\u00fchren aufkochen und bei schwacher Hitze 1 Minute kochen lassen. Nach dem Kochen Sahne und Butter unterr\u00fchren. <\/p>\n<h3>Inhaltsstoffe \/ Zutaten<\/h3>\n<p>Zutaten: WEIZENMEHL, pflanzliches Fett geh\u00e4rtet (Sonnenblumen\u00f6l, Palmfett) WEIZENST\u00c4RKE, MAGERMILCHPULVER, jodiertes Speisesalz (Salz, Kaliumjodat), Zwiebeln, Hefeextrakt, MILCHZUCKER, Zucker, MILCHEIWEI\u00df, Gew\u00fcrze, Aroma. [Spuren: Ei, Soja, Sellerie, Senf, Sesam] <\/p>\n<div data-a-expander-name=\"toggle_description\" class=\"a-row a-expander-container a-expander-extend-container\">\n<div class=\"a-expander-content a-expander-extend-content\">\n<h3>Gebrauchsanweisung<\/h3>\n<p>Beutelinhalt mit dem Schneebesen in kaltes Wasser einr\u00fchren. Unter R\u00fchren aufkochen und bei schwacher Hitze 1 Minute kochen lassen. Nach dem Kochen Sahne und Butter unterr\u00fchren. <\/p>\n<\/p><\/div>\n<p> <a href=\"void(0)\" data-action=\"a-expander-toggle\" class=\"a-expander-header a-declarative a-expander-extend-header\" data-a-expander-toggle=\"{\"><i class=\"a-icon a-icon-extender-expand\"><\/i><span class=\"a-expander-prompt\">Weitere Informationen<\/span><\/a> <\/div>\n<p>Schnell und einfach: Der Sauce ein wenig Sahne und Butter hinzuf\u00fcgen und im Handumdrehen ist sie zum Servieren bereit<br \/>\nLieferumfang: 1 x feine Sauce von Ubena<br \/>\nGew\u00fcrzexperten: Seit Generationen \u00fcberzeugt diese Marke Hobbyk\u00f6che und Profis gleicherma\u00dfen<br \/>\n<div class=\"main-cross-sell\" data-asin=\"B082VQ68CS\">\n\n\t<div class=\"WooZone-cross-sell-loader\">\n\t\t<div>\n\t\t\t<div id=\"floatingBarsG\">\n\t\t\t\t<div class=\"blockG\" id=\"rotateG_01\"><\/div>\n\t\t\t\t<div class=\"blockG\" id=\"rotateG_02\"><\/div>\n\t\t\t\t<div class=\"blockG\" id=\"rotateG_03\"><\/div>\n\t\t\t\t<div class=\"blockG\" id=\"rotateG_04\"><\/div>\n\t\t\t\t<div class=\"blockG\" id=\"rotateG_05\"><\/div>\n\t\t\t\t<div class=\"blockG\" id=\"rotateG_06\"><\/div>\n\t\t\t\t<div class=\"blockG\" id=\"rotateG_07\"><\/div>\n\t\t\t\t<div class=\"blockG\" id=\"rotateG_08\"><\/div>\n\t\t\t<\/div>\n\t\t\t<div class=\"WooZone-cross-sell-loader-text\"><\/div>\n\t\t<\/div>\n\t<\/div>\n\n\t\t\n<\/div>\n<div style=\"clear:both;\"><\/div>\n","protected":false},"excerpt":{"rendered":"Schnell und einfach: Der Sauce ein wenig Sahne und Butter hinzuf\u00fcgen und im Handumdrehen ist sie zum Servieren bereit\nLieferumfang: 1 x feine Sauce von Ubena\nGew\u00fcrzexperten: Seit Generationen \u00fcberzeugt diese Marke Hobbyk\u00f6che und Profis gleicherma\u00dfen","protected":false},"featured_media":10271,"comment_status":"open","ping_status":"closed","template":"","meta":[],"product_cat":[60,57],"product_tag":[],"_links":{"self":[{"href":"https:\/\/food-shop.org\/index.php?rest_route=\/wp\/v2\/product\/10270"}],"collection":[{"href":"https:\/\/food-shop.org\/index.php?rest_route=\/wp\/v2\/product"}],"about":[{"href":"https:\/\/food-shop.org\/index.php?rest_route=\/wp\/v2\/types\/product"}],"replies":[{"embeddable":true,"href":"https:\/\/food-shop.org\/index.php?rest_route=%2Fwp%2Fv2%2Fcomments&post=10270"}],"wp:featuredmedia":[{"embeddable":true,"href":"https:\/\/food-shop.org\/index.php?rest_route=\/wp\/v2\/media\/10271"}],"wp:attachment":[{"href":"https:\/\/food-shop.org\/index.php?rest_route=%2Fwp%2Fv2%2Fmedia&parent=10270"}],"wp:term":[{"taxonomy":"product_cat","embeddable":true,"href":"https:\/\/food-shop.org\/index.php?rest_route=%2Fwp%2Fv2%2Fproduct_cat&post=10270"},{"taxonomy":"product_tag","embeddable":true,"href":"https:\/\/food-shop.org\/index.php?rest_route=%2Fwp%2Fv2%2Fproduct_tag&post=10270"}],"curies":[{"name":"wp","href":"https:\/\/api.w.org\/{rel}","templated":true}]}}