{"id":10264,"date":"2020-09-01T12:09:26","date_gmt":"2020-09-01T12:09:26","guid":{"rendered":"https:\/\/food-shop.org\/?product=knorr-salatkroenung-7-kraeuter-dressing-5er-pack-8g"},"modified":"2023-04-08T17:09:25","modified_gmt":"2023-04-08T17:09:25","slug":"knorr-salatkroenung-7-kraeuter-dressing-5er-pack-8g","status":"publish","type":"product","link":"https:\/\/food-shop.org\/?product=knorr-salatkroenung-7-kraeuter-dressing-5er-pack-8g","title":{"rendered":"Knorr Salatkr\u00f6nung 7-Kr\u00e4uter f\u00fcr ein leckeres Salatdressing mit nat\u00fcrlichen Zutaten* 5 x 3 Portionen 14 St\u00fcck"},"content":{"rendered":"<p><!-- show up to 2 reviews by default --> <\/p>\n<h3>Produktbeschreibung<\/h3>\n<p>KNORR Salatkr\u00f6nung enth\u00e4lt sorgf\u00e4ltig ausgew\u00e4hlte Kr\u00e4uter, die durch Trocknung haltbar gemacht werden. Dies ist eine nat\u00fcrliche Art der Konservierung. KNORR Salatkr\u00f6nung 7 K\u00e4uter: Das leckere Dressing aus Petersilie, Schnittlauch, Basilikum, Kerbel, Rosmarin, Dill und Thymian ist eine raffinierte Mischung aus beliebten Kr\u00e4utern f\u00fcr jeden Geschmack. Zubereitung &#8211; So einfach geht&#8217;s: 3 EL Wasser und 3 EL Oliven\u00f6l mit KNORR SALATKR\u00d6NUNG verr\u00fchren. Nur noch Ihren Lieblingssalat dazugeben. Fertig! Mit den vielen Variationen der KNORR Salatkr\u00f6nung erleben Sie das perfekte Zusammenspiel von Kr\u00e4utern und verleihen Ihren Salaten mit wenigen Handgriffen einen feinen aromatischen Geschmack. KNORR Salatdressings und Vinaigrettes bereiten Sie ganz einfach zu: Entweder selbst anr\u00fchren oder \u2013 f\u00fcr einen noch schnelleren Salatgenuss \u2013 zu servierfertigen Salatkr\u00f6nungen in der Flasche greifen. Anschlie\u00dfend geben Sie nur noch das Dressing zum Lieblingssalat \u2013 und genie\u00dfen die Salatkr\u00f6nung! Kennen Sie schon die vielen weiteren Produkte von Knorr? Dank unserer Fix-Produkte, Br\u00fchen, Saucen, Fertiggerichten, Suppen und Salatdressings gelingt jedes Gericht garantiert mit wenigen Handgriffen. Schnell und einfach erhalten so authentische Mahlzeiten ihren typischen Geschmack \u2013 egal, ob abwechslungsreiche vegetarische oder vegane K\u00fcche, herzhafte Fleischgerichte oder leckere Gem\u00fcsevariationen. Dabei ist es die Komposition ausgew\u00e4hlter hochwertiger Zutaten, die jedes Knorr Produkt besonders macht. Knorr verarbeitet nur sorgf\u00e4ltig schonend getrocknete Zutaten, denn das Trocknen ist eine der \u00e4ltesten Methoden, um Lebensmittel nat\u00fcrlich haltbar zu machen. Da der Geschmack und die N\u00e4hrstoffe der frischen Zutaten weitgehend erhalten bleiben, passen Lebensmittel aus getrockneten Zutaten perfekt in unseren stressigen Alltag. Essen mit Knorr ist unkompliziert und sorgt dar\u00fcber hinaus f\u00fcr ein gutes Gef\u00fchl: \u00dcber 90 Prozent der Zutaten kommen heute schon aus nachhaltigem Anbau. Denn wir bei Knorr glauben, dass die Verwendung nachhaltig angebauter und beschaffter Zutaten einen gro\u00dfen Unterschied f\u00fcr den Geschmack unserer Produkte, das Wohlbefinden der Landwirte und die Zukunft des Planeten macht. Knorr \u2013 Geschmack mit gutem Gef\u00fchl. <\/p>\n<h3>Inhaltsstoffe \/ Zutaten<\/h3>\n<p>Nicht Zutreffend <\/p>\n<div data-a-expander-name=\"toggle_description\" class=\"a-row a-expander-container a-expander-extend-container\">\n<div class=\"a-expander-content a-expander-extend-content\">\n<h3>Gebrauchsanweisung<\/h3>\n<p>Nicht Zutreffend <\/p>\n<h3>Rechtliche Hinweise<\/h3>\n<p>Unilever Deutschland GmbH, Unilever Food Solutions, Knorrstr. 1, D-74074 Heilbronn Zutaten: Zucker, 20% jodiertes Meersalz\u00b2, Maltodextrin, 10% Kr\u00e4uter (Petersilie, Schnittlauch, Kerbel, Basilikum, Rosmarin, Dill, Thymian), S\u00e4ureregulator Natriumdiacetat, S\u00e4uerungsmittel Citronens\u00e4ure, Gew\u00fcrze (SENFSAMEN, Pfeffer, Curcuma), MILCHZUCKER, St\u00e4rke, Palm\u00f6l, Hefeextrakt, Zitronensaftpulver, Speisesalz, Aromen. \u00b299% Meersalz im zugesetzten Salz. Kann Spuren von GLUTEN und EI enthalten. <\/p>\n<h3>Anschrift Hersteller\/Importeur<\/h3>\n<p>Postfach 570 151, 22770 Hamburg <\/p>\n<\/p><\/div>\n<p> <a href=\"void(0)\" data-action=\"a-expander-toggle\" class=\"a-expander-header a-declarative a-expander-extend-header\" data-a-expander-toggle=\"{\"><i class=\"a-icon a-icon-extender-expand\"><\/i><span class=\"a-expander-prompt\">Weitere Informationen<\/span><\/a> <\/div>\n<p>Mit KNORR Salatkr\u00f6nung Vinaigrette 7-Kr\u00e4uter einfach und schnell ein leckeres Salatdressing zaubern<br \/>\nMit Kr\u00e4utern aus nachhaltigem Anbau<br \/>\nperfekt aufeinander abgestimmte Kr\u00e4uter verfeinern jeden Salat<br \/>\nohne Farbstoffe und geschmacksverst\u00e4rkende Zusatzstoffe<br \/>\neinfache Zubereitung: Etwas Wasser und \u00d6l mit KNORR Salatkr\u00f6nung verr\u00fchren, fertig!<br \/>\n<div class=\"main-cross-sell\" data-asin=\"B078XXGJ7S\">\n\n\t<div class=\"WooZone-cross-sell-loader\">\n\t\t<div>\n\t\t\t<div id=\"floatingBarsG\">\n\t\t\t\t<div class=\"blockG\" id=\"rotateG_01\"><\/div>\n\t\t\t\t<div class=\"blockG\" id=\"rotateG_02\"><\/div>\n\t\t\t\t<div class=\"blockG\" id=\"rotateG_03\"><\/div>\n\t\t\t\t<div class=\"blockG\" id=\"rotateG_04\"><\/div>\n\t\t\t\t<div class=\"blockG\" id=\"rotateG_05\"><\/div>\n\t\t\t\t<div class=\"blockG\" id=\"rotateG_06\"><\/div>\n\t\t\t\t<div class=\"blockG\" id=\"rotateG_07\"><\/div>\n\t\t\t\t<div class=\"blockG\" id=\"rotateG_08\"><\/div>\n\t\t\t<\/div>\n\t\t\t<div class=\"WooZone-cross-sell-loader-text\"><\/div>\n\t\t<\/div>\n\t<\/div>\n\n\t\t\n<\/div>\n<div style=\"clear:both;\"><\/div>\n","protected":false},"excerpt":{"rendered":"Mit KNORR Salatkr\u00f6nung Vinaigrette 7-Kr\u00e4uter einfach und schnell ein leckeres Salatdressing zaubern\nMit Kr\u00e4utern aus nachhaltigem Anbau\nperfekt aufeinander abgestimmte Kr\u00e4uter verfeinern jeden Salat","protected":false},"featured_media":10265,"comment_status":"open","ping_status":"closed","template":"","meta":[],"product_cat":[60,57],"product_tag":[],"_links":{"self":[{"href":"https:\/\/food-shop.org\/index.php?rest_route=\/wp\/v2\/product\/10264"}],"collection":[{"href":"https:\/\/food-shop.org\/index.php?rest_route=\/wp\/v2\/product"}],"about":[{"href":"https:\/\/food-shop.org\/index.php?rest_route=\/wp\/v2\/types\/product"}],"replies":[{"embeddable":true,"href":"https:\/\/food-shop.org\/index.php?rest_route=%2Fwp%2Fv2%2Fcomments&post=10264"}],"wp:featuredmedia":[{"embeddable":true,"href":"https:\/\/food-shop.org\/index.php?rest_route=\/wp\/v2\/media\/10265"}],"wp:attachment":[{"href":"https:\/\/food-shop.org\/index.php?rest_route=%2Fwp%2Fv2%2Fmedia&parent=10264"}],"wp:term":[{"taxonomy":"product_cat","embeddable":true,"href":"https:\/\/food-shop.org\/index.php?rest_route=%2Fwp%2Fv2%2Fproduct_cat&post=10264"},{"taxonomy":"product_tag","embeddable":true,"href":"https:\/\/food-shop.org\/index.php?rest_route=%2Fwp%2Fv2%2Fproduct_tag&post=10264"}],"curies":[{"name":"wp","href":"https:\/\/api.w.org\/{rel}","templated":true}]}}