{"id":10256,"date":"2020-09-01T12:09:23","date_gmt":"2020-09-01T12:09:23","guid":{"rendered":"https:\/\/food-shop.org\/?product=maggi-fix-frisch-chili-con-carne-37-g"},"modified":"2023-04-08T17:09:25","modified_gmt":"2023-04-08T17:09:25","slug":"maggi-fix-frisch-chili-con-carne-37-g","status":"publish","type":"product","link":"https:\/\/food-shop.org\/?product=maggi-fix-frisch-chili-con-carne-37-g","title":{"rendered":"Maggi fix &amp; frisch Chili con Carne, 37 g"},"content":{"rendered":"<p><!-- show up to 2 reviews by default --> <\/p>\n<h3>Produktbeschreibung<\/h3>\n<p>Das typisch mexikanische Gericht aus Hackfleisch und roten Bohnen mit einer angenehmen Sch\u00e4rfe. <\/p>\n<h3>Inhaltsstoffe \/ Zutaten<\/h3>\n<p>ZUTATEN: 33 % Tomatenpulver, Gew\u00fcrze (6,3 % Paprika, Pfeffer, 2,6 % Zwiebeln, Knoblauch, K\u00fcmmel, Ingwer, Chili), Reismehl, Jodsalz, Maltodextrin, 5,2 % roter Paprika, Zucker, pflanzliches Eiweiss, biologisch aufgeschlossen (WEIZENEIWEISS, Salz), Kr\u00e4uter (Oregano, Bohnenkraut, Salbei, Thymian, Lorbeer), ger\u00e4uchertes Speckfett (Speck, Rauch), Raucharoma, Palmfett, Hefeextrakt, Aromen, S\u00e4uerungsmittel Citronens\u00e4ure.#SPUREN: EIER, MILCH, SOJA, SELLERIE, SENF <\/p>\n<div data-a-expander-name=\"toggle_description\" class=\"a-row a-expander-container a-expander-extend-container\">\n<div class=\"a-expander-content a-expander-extend-content\">\n<h3>Gebrauchsanweisung<\/h3>\n<p>Zubereitung: 200 g gemischtes Hackfleisch (alternativ Rind), 1 Dose Kidneybohnen (425 ml), 1 EL \u00d6l#Hackfleisch in hei\u00dfem \u00d6l anbraten.#250 ml Wasser zugie\u00dfen, Beutelinhalt einr\u00fchren und aufkochen. Bei geringer W\u00e4rmezufuhr ca. 5 Min. offen kochen, gelegentlich umr\u00fchren.#Bohnen absp\u00fclen, zugeben und hei\u00df werden lassen. Dazu schmecken Baguette und ein Salat. <\/p>\n<h3>Anschrift Hersteller\/Importeur<\/h3>\n<p>78221 Singen (Hohentwiel) <\/p>\n<\/p><\/div>\n<p> <a href=\"void(0)\" data-action=\"a-expander-toggle\" class=\"a-expander-header a-declarative a-expander-extend-header\" data-a-expander-toggle=\"{\"><i class=\"a-icon a-icon-extender-expand\"><\/i><span class=\"a-expander-prompt\">Weitere Informationen<\/span><\/a> <\/div>\n<p>Das typisch mexikanische Gericht aus Hackfleisch und roten Bohnen<br \/>\nohne Zusatzstoff Geschmacksverst\u00e4rker<br \/>\nschnell und einfach zubereitet<br \/>\n<div class=\"main-cross-sell\" data-asin=\"B0161CQP86\">\n\n\t<div class=\"WooZone-cross-sell-loader\">\n\t\t<div>\n\t\t\t<div id=\"floatingBarsG\">\n\t\t\t\t<div class=\"blockG\" id=\"rotateG_01\"><\/div>\n\t\t\t\t<div class=\"blockG\" id=\"rotateG_02\"><\/div>\n\t\t\t\t<div class=\"blockG\" id=\"rotateG_03\"><\/div>\n\t\t\t\t<div class=\"blockG\" id=\"rotateG_04\"><\/div>\n\t\t\t\t<div class=\"blockG\" id=\"rotateG_05\"><\/div>\n\t\t\t\t<div class=\"blockG\" id=\"rotateG_06\"><\/div>\n\t\t\t\t<div class=\"blockG\" id=\"rotateG_07\"><\/div>\n\t\t\t\t<div class=\"blockG\" id=\"rotateG_08\"><\/div>\n\t\t\t<\/div>\n\t\t\t<div class=\"WooZone-cross-sell-loader-text\"><\/div>\n\t\t<\/div>\n\t<\/div>\n\n\t\t\n<\/div>\n<div style=\"clear:both;\"><\/div>\n","protected":false},"excerpt":{"rendered":"Das typisch mexikanische Gericht aus Hackfleisch und roten Bohnen\nohne Zusatzstoff Geschmacksverst\u00e4rker\nschnell und einfach zubereitet","protected":false},"featured_media":10257,"comment_status":"open","ping_status":"closed","template":"","meta":[],"product_cat":[60,57],"product_tag":[],"_links":{"self":[{"href":"https:\/\/food-shop.org\/index.php?rest_route=\/wp\/v2\/product\/10256"}],"collection":[{"href":"https:\/\/food-shop.org\/index.php?rest_route=\/wp\/v2\/product"}],"about":[{"href":"https:\/\/food-shop.org\/index.php?rest_route=\/wp\/v2\/types\/product"}],"replies":[{"embeddable":true,"href":"https:\/\/food-shop.org\/index.php?rest_route=%2Fwp%2Fv2%2Fcomments&post=10256"}],"wp:featuredmedia":[{"embeddable":true,"href":"https:\/\/food-shop.org\/index.php?rest_route=\/wp\/v2\/media\/10257"}],"wp:attachment":[{"href":"https:\/\/food-shop.org\/index.php?rest_route=%2Fwp%2Fv2%2Fmedia&parent=10256"}],"wp:term":[{"taxonomy":"product_cat","embeddable":true,"href":"https:\/\/food-shop.org\/index.php?rest_route=%2Fwp%2Fv2%2Fproduct_cat&post=10256"},{"taxonomy":"product_tag","embeddable":true,"href":"https:\/\/food-shop.org\/index.php?rest_route=%2Fwp%2Fv2%2Fproduct_tag&post=10256"}],"curies":[{"name":"wp","href":"https:\/\/api.w.org\/{rel}","templated":true}]}}