{"id":10252,"date":"2020-09-01T12:09:21","date_gmt":"2020-09-01T12:09:21","guid":{"rendered":"https:\/\/food-shop.org\/?product=maggi-fix-und-frisch-fuer-curry-geschnetzeltes-41-g"},"modified":"2023-04-08T17:09:25","modified_gmt":"2023-04-08T17:09:25","slug":"maggi-fix-und-frisch-fuer-curry-geschnetzeltes-41-g","status":"publish","type":"product","link":"https:\/\/food-shop.org\/?product=maggi-fix-und-frisch-fuer-curry-geschnetzeltes-41-g","title":{"rendered":"Maggi Fix und Frisch f\u00fcr Curry Geschnetzeltes, 41 g"},"content":{"rendered":"<p><!-- show up to 2 reviews by default --> <\/p>\n<h3>Inhaltsstoffe \/ Zutaten<\/h3>\n<p>ZUTATEN: Sonnenblumen\u00f6l, St\u00e4rke, Jodsalz, Zucker, Reismehl, MOLKENERZEUGNIS, 4,7 % Curry (Koriander, Kurkuma, SENFK\u00d6RNER, SELLERIE, Chili, Bockshornklee, Pfeffer, Paprika, Liebst\u00f6ckel, Kreuzk\u00fcmmel, Salz, Ingwer, Lorbeer, Dill, K\u00fcmmel), Hefeextrakt, Gew\u00fcrze (Zwiebeln, Chili, Paprika), Glukosesirup, Aromen, Emulgator Lecithine, Petersilie, MILCHEIWEISS, S\u00e4uerungsmittel Citronens\u00e4ure.#SPUREN: GLUTENHALTIGES GETREIDE, EIER, SOJA <\/p>\n<h3>Gebrauchsanweisung<\/h3>\n<p>Zubereitung: 300g H\u00e4hnchenbrust (alternativ Pute), 50ml (4 EL) Schlagsahne, 1 EL \u00d6l#H\u00e4hnchenbrust in Streifen schneiden.#In einer Pfanne H\u00e4hnchenbrust ca. 3 Min. in hei\u00dfem \u00d6l anbraten.#300ml Wasser und 50ml Sahne zugie\u00dfen. Beutelinhalt einr\u00fchren und aufkochen. Bei geringer W\u00e4rmezufuhr 5 Min. kochen. Gelegentlich umr\u00fchren. <\/p>\n<div data-a-expander-name=\"toggle_description\" class=\"a-row a-expander-container a-expander-extend-container\">\n<div class=\"a-expander-content a-expander-extend-content\">\n<h3>Anschrift Hersteller\/Importeur<\/h3>\n<p>78221 Singen (Hohentwiel) <\/p>\n<\/p><\/div>\n<p> <a href=\"void(0)\" data-action=\"a-expander-toggle\" class=\"a-expander-header a-declarative a-expander-extend-header\" data-a-expander-toggle=\"{\"><i class=\"a-icon a-icon-extender-expand\"><\/i><span class=\"a-expander-prompt\">Weitere Informationen<\/span><\/a> <\/div>\n<p>Fix f\u00fcr H\u00e4hnchengeschnetzeltes in Currysauce<br \/>\nGelingt garantiert<br \/>\nOhne Zusatzstoff Geschmacksverst\u00e4rker<br \/>\nschnell und einfach zubereitet<br \/>\nKreative und leckere Rezeptideen f\u00fcr mehr Inspiration und Abwechslung beim Kochen findest du auf maggi.de.<br \/>\n<div class=\"main-cross-sell\" data-asin=\"B01M0R1LKU\">\n\n\t<div class=\"WooZone-cross-sell-loader\">\n\t\t<div>\n\t\t\t<div id=\"floatingBarsG\">\n\t\t\t\t<div class=\"blockG\" id=\"rotateG_01\"><\/div>\n\t\t\t\t<div class=\"blockG\" id=\"rotateG_02\"><\/div>\n\t\t\t\t<div class=\"blockG\" id=\"rotateG_03\"><\/div>\n\t\t\t\t<div class=\"blockG\" id=\"rotateG_04\"><\/div>\n\t\t\t\t<div class=\"blockG\" id=\"rotateG_05\"><\/div>\n\t\t\t\t<div class=\"blockG\" id=\"rotateG_06\"><\/div>\n\t\t\t\t<div class=\"blockG\" id=\"rotateG_07\"><\/div>\n\t\t\t\t<div class=\"blockG\" id=\"rotateG_08\"><\/div>\n\t\t\t<\/div>\n\t\t\t<div class=\"WooZone-cross-sell-loader-text\"><\/div>\n\t\t<\/div>\n\t<\/div>\n\n\t\t\n<\/div>\n<div style=\"clear:both;\"><\/div>\n","protected":false},"excerpt":{"rendered":"Fix f\u00fcr H\u00e4hnchengeschnetzeltes in Currysauce\nGelingt garantiert\nOhne Zusatzstoff Geschmacksverst\u00e4rker","protected":false},"featured_media":10253,"comment_status":"open","ping_status":"closed","template":"","meta":[],"product_cat":[60,57],"product_tag":[],"_links":{"self":[{"href":"https:\/\/food-shop.org\/index.php?rest_route=\/wp\/v2\/product\/10252"}],"collection":[{"href":"https:\/\/food-shop.org\/index.php?rest_route=\/wp\/v2\/product"}],"about":[{"href":"https:\/\/food-shop.org\/index.php?rest_route=\/wp\/v2\/types\/product"}],"replies":[{"embeddable":true,"href":"https:\/\/food-shop.org\/index.php?rest_route=%2Fwp%2Fv2%2Fcomments&post=10252"}],"wp:featuredmedia":[{"embeddable":true,"href":"https:\/\/food-shop.org\/index.php?rest_route=\/wp\/v2\/media\/10253"}],"wp:attachment":[{"href":"https:\/\/food-shop.org\/index.php?rest_route=%2Fwp%2Fv2%2Fmedia&parent=10252"}],"wp:term":[{"taxonomy":"product_cat","embeddable":true,"href":"https:\/\/food-shop.org\/index.php?rest_route=%2Fwp%2Fv2%2Fproduct_cat&post=10252"},{"taxonomy":"product_tag","embeddable":true,"href":"https:\/\/food-shop.org\/index.php?rest_route=%2Fwp%2Fv2%2Fproduct_tag&post=10252"}],"curies":[{"name":"wp","href":"https:\/\/api.w.org\/{rel}","templated":true}]}}