{"id":10244,"date":"2020-09-01T11:44:09","date_gmt":"2020-09-01T11:44:09","guid":{"rendered":"https:\/\/food-shop.org\/?product=knorr-fix-wuerzbasis-geschnetzeltes-zuericher-art-2-portionen-2-x-36g"},"modified":"2023-04-08T17:09:25","modified_gmt":"2023-04-08T17:09:25","slug":"knorr-fix-wuerzbasis-geschnetzeltes-zuericher-art-2-portionen-2-x-36g","status":"publish","type":"product","link":"https:\/\/food-shop.org\/?product=knorr-fix-wuerzbasis-geschnetzeltes-zuericher-art-2-portionen-2-x-36g","title":{"rendered":"Knorr Fix Geschnetzeltes Z\u00fcricher Art 36g"},"content":{"rendered":"<p><!-- show up to 2 reviews by default --> <\/p>\n<h3>Produktbeschreibung<\/h3>\n<\/p>\n<p>Geschnetzeltes Z\u00fcricher Art der Extra-Klasse: cremig-fein, mit Zwiebeln und einer dezenten Wei\u00dfweinnote abgerundet.<\/p>\n<p>Zutaten f\u00fcr 2 Portionen<br \/> 250 g geschnetzeltes Kalb-, Schweine- oder Gefl\u00fcgelfleisch <br \/> 250 g Champignons (frisch oder aus der Dose)<\/p>\n<p>Zubereitung <br \/> 1) Geschnetzeltes in 1 EL hei\u00dfem \u00d6l bei starker Hitze anbraten. Herausnehmen und warm stellen<br \/> 2) Champignons putzen, in Scheiben schneiden (bzw. abtropfen lassen) und im Bratfett kurz anbraten<br \/> 3) 250 ml kaltes Wasser zugie\u00dfen und Beutelinhalt einr\u00fchren. Unter R\u00fchren aufkochen und 1 Minute kochen. Geschnetzeltes zuf\u00fcgen und in der Sauce hei\u00df werden lassen<\/p>\n<p>Die Knorr Fix Produkte begeistern die ganze Familie mit Leichtigkeit: Die beliebte W\u00fcrzbasis sorgt f\u00fcr einen authentischen Geschmack der Gerichte und spart wertvolle Zeit beim W\u00fcrzen und Abschmecken. Ganz einfach bereitet man damit k\u00f6stliche Mahlzeiten zu \u2013 auch ohne Kocherfahrung. Die Zugabe von frischen Zutaten bringt Frische auf den Teller und erm\u00f6glicht eine Vielzahl an Variationen der Gerichte. Damit erh\u00e4lt man viele herzhafte Rezeptideen rund um Fleisch, Fisch, Nudeln, Reis oder Gem\u00fcse \u2013 ohne Farbstoffe und geschmacksverst\u00e4rkende Zusatzstoffe. Fix gemacht und einfach lecker.<\/p>\n<p>Dank unserer Fix-Produkte, Br\u00fchen, Saucen, Fertiggerichten, Suppen und Salatdressings gelingt jedes Gericht garantiert mit wenigen Handgriffen. Schnell und einfach erhalten so authentische Mahlzeiten ihren typischen Geschmack \u2013 egal, ob abwechslungsreiche vegetarische oder vegane K\u00fcche, herzhafte Fleischgerichte oder leckere Gem\u00fcsevariationen. Dabei ist es die Komposition ausgew\u00e4hlter hochwertiger Zutaten, die jedes Knorr Produkt besonders macht. Knorr verarbeitet nur sorgf\u00e4ltig schonend getrocknete Zutaten, denn das Trocknen ist eine der \u00e4ltesten Methoden, um Lebensmittel nat\u00fcrlich haltbar zu machen. Da der Geschmack und die N\u00e4hrstoffe der frischen Zutaten weitgehend erhalten bleiben, passen Lebensmittel aus getrockneten Zutaten ideal in unseren stressigen Alltag. Essen mit Knorr ist unkompliziert und sorgt dar\u00fcber hinaus f\u00fcr ein gutes Gef\u00fchl: \u00dcber 90 Prozent der Zutaten kommen heute schon aus nachhaltigem Anbau. Denn wir bei Knorr glauben, dass die Verwendung nachhaltig angebauter und beschaffter Zutaten einen gro\u00dfen Unterschied f\u00fcr den Geschmack unserer Produkte, das Wohlbefinden der Landwirte und die Zukunft des Planeten macht. Knorr \u2013 Geschmack mit gutem Gef\u00fchl.<\/p>\n<\/p>\n<h3>Inhaltsstoffe \/ Zutaten<\/h3>\n<p>Zutaten: St\u00e4rke, Sonnenblumen\u00f6l, Maltodextrin, SAHNEPULVER, jodiertes Speisesalz, MILCHZUCKER, Zucker, Aromen, 3,3% Zwiebeln\u00b3, 1,9% Champignonsaftkonzentrat\u00b3, MILCHEIWEISS, Maiskeim\u00f6l, W\u00fcrze, Wei\u00dfweinextrakt, Hefeextrakt, Speisesalz, Zitronensaftpulver, Gew\u00fcrze ( Pfeffer, Kurkuma). \u00b3 aus nachhaltigem Anbau Kann Spuren von Gluten, Ei, Soja, Sellerie und Senf enthalten. <\/p>\n<div data-a-expander-name=\"toggle_description\" class=\"a-row a-expander-container a-expander-extend-container\">\n<div class=\"a-expander-content a-expander-extend-content\">\n<h3>Gebrauchsanweisung<\/h3>\n<p>Frisch dazu geben: 250 g Geschnetzeltes (von Kalb, Schwein oder Gefl\u00fcgel) und 250 g Champignons (frisch oder aus der Dose) Zubereitung: 1) Geschnetzeltes in 1 EL hei\u00dfem \u00d6l bei starker Hitze anbraten. Herausnehmen und warm stellen. 2) Champignons putzen, in Scheiben schneiden (bzw. abtropfen lassen) und im Bratfett kurz anbraten. 3) 250 ml kaltes Wasser zugie\u00dfen und Beutelinhalt einr\u00fchren. Unter R\u00fchren aufkochen und 1 Minute kochen. Geschnetzeltes zuf\u00fcgen und in der Sauce hei\u00df werden lassen. Wir empfehlen dazu R\u00f6sti oder Nudeln. <\/p>\n<h3>Warnhinweise<\/h3>\n<p>Nein <\/p>\n<h3>Anschrift Hersteller\/Importeur<\/h3>\n<p>Unilever Deutschland, Postfach 570 237, 22771 Hamburg <\/p>\n<\/p><\/div>\n<p> <a href=\"void(0)\" data-action=\"a-expander-toggle\" class=\"a-expander-header a-declarative a-expander-extend-header\" data-a-expander-toggle=\"{\"><i class=\"a-icon a-icon-extender-expand\"><\/i><span class=\"a-expander-prompt\">Weitere Informationen<\/span><\/a> <\/div>\n<p>Knorr Fix Geschnetzeltes Z\u00fcricher Art f\u00fcr 2 Portionen<br \/>\nDer Klassiker f\u00fcr Geschnetzeltes Z\u00fcricher Art ist w\u00fcrzig komponiert<br \/>\nAuch f\u00fcr vegetarische Gerichte geeignet<br \/>\nOhne geschmacksverst\u00e4rkende Zusatzstoffe und ohne Farbstoffe<br \/>\nSchnelle und einfache Zubereitung<br \/>\nDer Knorr Fix W\u00fcrzmix gelingt garantiert und sorgt f\u00fcr den vollen Genuss<br \/>\n<div class=\"main-cross-sell\" data-asin=\"B07ZTQFLT8\">\n\n\t<div class=\"WooZone-cross-sell-loader\">\n\t\t<div>\n\t\t\t<div id=\"floatingBarsG\">\n\t\t\t\t<div class=\"blockG\" id=\"rotateG_01\"><\/div>\n\t\t\t\t<div class=\"blockG\" id=\"rotateG_02\"><\/div>\n\t\t\t\t<div class=\"blockG\" id=\"rotateG_03\"><\/div>\n\t\t\t\t<div class=\"blockG\" id=\"rotateG_04\"><\/div>\n\t\t\t\t<div class=\"blockG\" id=\"rotateG_05\"><\/div>\n\t\t\t\t<div class=\"blockG\" id=\"rotateG_06\"><\/div>\n\t\t\t\t<div class=\"blockG\" id=\"rotateG_07\"><\/div>\n\t\t\t\t<div class=\"blockG\" id=\"rotateG_08\"><\/div>\n\t\t\t<\/div>\n\t\t\t<div class=\"WooZone-cross-sell-loader-text\"><\/div>\n\t\t<\/div>\n\t<\/div>\n\n\t\t\n<\/div>\n<div style=\"clear:both;\"><\/div>\n","protected":false},"excerpt":{"rendered":"Knorr Fix Geschnetzeltes Z\u00fcricher Art f\u00fcr 2 Portionen\nDer Klassiker f\u00fcr Geschnetzeltes Z\u00fcricher Art ist w\u00fcrzig komponiert\nAuch f\u00fcr vegetarische Gerichte geeignet","protected":false},"featured_media":10245,"comment_status":"open","ping_status":"closed","template":"","meta":[],"product_cat":[60,57],"product_tag":[],"_links":{"self":[{"href":"https:\/\/food-shop.org\/index.php?rest_route=\/wp\/v2\/product\/10244"}],"collection":[{"href":"https:\/\/food-shop.org\/index.php?rest_route=\/wp\/v2\/product"}],"about":[{"href":"https:\/\/food-shop.org\/index.php?rest_route=\/wp\/v2\/types\/product"}],"replies":[{"embeddable":true,"href":"https:\/\/food-shop.org\/index.php?rest_route=%2Fwp%2Fv2%2Fcomments&post=10244"}],"wp:featuredmedia":[{"embeddable":true,"href":"https:\/\/food-shop.org\/index.php?rest_route=\/wp\/v2\/media\/10245"}],"wp:attachment":[{"href":"https:\/\/food-shop.org\/index.php?rest_route=%2Fwp%2Fv2%2Fmedia&parent=10244"}],"wp:term":[{"taxonomy":"product_cat","embeddable":true,"href":"https:\/\/food-shop.org\/index.php?rest_route=%2Fwp%2Fv2%2Fproduct_cat&post=10244"},{"taxonomy":"product_tag","embeddable":true,"href":"https:\/\/food-shop.org\/index.php?rest_route=%2Fwp%2Fv2%2Fproduct_tag&post=10244"}],"curies":[{"name":"wp","href":"https:\/\/api.w.org\/{rel}","templated":true}]}}