{"id":10240,"date":"2020-09-01T11:44:08","date_gmt":"2020-09-01T11:44:08","guid":{"rendered":"https:\/\/food-shop.org\/?product=knorr-fix-wuerstchen-gulasch-2-portionen-1-x-32-g"},"modified":"2023-04-08T17:09:25","modified_gmt":"2023-04-08T17:09:25","slug":"knorr-fix-wuerstchen-gulasch-2-portionen-1-x-32-g","status":"publish","type":"product","link":"https:\/\/food-shop.org\/?product=knorr-fix-wuerstchen-gulasch-2-portionen-1-x-32-g","title":{"rendered":"Knorr Fix W\u00fcrstchen Gulasch 2 Portionen (1 x 32 g)"},"content":{"rendered":"<div class=\"disclaim\"> Anzahl:<strong>1<\/strong> <\/div>\n<p> <!-- show up to 2 reviews by default --> <\/p>\n<h3>Produktbeschreibung<\/h3>\n<p>Ein herzhafter Genuss &#8211; Tomaten, Paprika und Champignons verfeinert und mit Petersilie und Cayennepfeffer abgestimmt. Zubereitung f\u00fcr: 150 g W\u00fcrstchen (z.B. Wiener, Bratwurst, Fleischwurst) 1) W\u00fcrstchen in Scheiben schneiden und in etwas hei\u00dfem \u00d6l braten 2) 250 ml kaltes Wasser zugie\u00dfen und Beutelinhalt einr\u00fchren. Unter R\u00fchren aufkochen 3) Zugedeckt bei schwacher Hitze ca. 5 Minuten garen. Ab und zu umr\u00fchren Tipp: Die Knorr Chefk\u00f6che empfehlen hierzu Kartoffeln Mit den Knorr Fix Produkten begeistern Sie Ihre ganze Familie mit Leichtigkeit: Die beliebte W\u00fcrzbasis sorgt f\u00fcr einen authentischen Geschmack der Gerichte und spart wertvolle Zeit beim W\u00fcrzen und Abschmecken. Ganz einfach bereiten Sie damit k\u00f6stliche Mahlzeiten zu &#8211; auch ohne Kocherfahrung. Die Zugabe von frischen Zutaten bringt Frische auf den Teller und erm\u00f6glicht eine Vielzahl an Variationen der Gerichte. Damit erhalten Sie viele herzhafte Rezeptideen rund um Fleisch, Fisch, Nudeln, Reis oder Gem\u00fcse &#8211; ohne Farbstoffe, geschmacksverst\u00e4rkende Zusatzstoffe und Konservierungsstoffe. Fix gemacht und einfach lecker. Kennen Sie schon die vielen weiteren Produkte von Knorr? Dank unserer Fix-Produkte, Br\u00fchen, Saucen, Fertiggerichten, Suppen und Salatdressings gelingt jedes Gericht garantiert mit wenigen Handgriffen. Schnell und einfach erhalten so authentische Mahlzeiten ihren typischen Geschmack &#8211; egal, ob abwechslungsreiche vegetarische oder vegane K\u00fcche, herzhafte Fleischgerichte oder leckere Gem\u00fcsevariationen. Dabei ist es die Komposition ausgew\u00e4hlter hochwertiger Zutaten, die jedes Knorr Produkt besonders macht. Knorr verarbeitet nur sorgf\u00e4ltig schonend getrocknete Zutaten, denn das Trocknen ist eine der alten Methoden, um Lebensmittel nat\u00fcrlich haltbar zu machen. Da der Geschmack und die N\u00e4hrstoffe der frischen Zutaten weitgehend erhalten bleiben, passen Lebensmittel aus getrockneten Zutaten perfekt in unseren stressigen Alltag. Essen mit Knorr ist unkompliziert und sorgt dar\u00fcber hinaus f\u00fcr ein gutes Gef\u00fchl: \u00dcber 90 Prozent der Zutaten kommen heute schon aus nachhaltigem Anbau. Denn wir bei Knorr glauben, dass die Verwendung nachhaltig angebauter und beschaffter Zutaten einen gro\u00dfen Unterschied f\u00fcr den Geschmack unserer Produkte, das Wohlbefinden der Landwirte und die Zukunft des Planeten macht. Knorr &#8211; Geschmack mit gutem Gef\u00fchl. <\/p>\n<h3>Inhaltsstoffe \/ Zutaten<\/h3>\n<p>Zutaten: Mehl (Reis, WEIZEN), St\u00e4rke, 12% Tomatenpulver\u00b3, Palm\u00f6l, Gem\u00fcsepaprika, jodiertes Meersalz, Zwiebeln\u00b3, 4% Paprika\u00b3, Aromen, Champignons, MILCHZUCKER, MOLKENERZEUGNIS, Kochsalzersatz4, Maltodextrin, Zucker, W\u00fcrze, Hefeextrakt, Petersilie\u00b3, MILCHEIWEISS, Cayennepfeffer, Speisesalz, Muskatnuss. \u00b3 aus nachhaltigem Anbau 4 gewonnen aus nat\u00fcrlichen Kaliummineralien Kann Spuren von Ei, Sellerie und Senf enthalten. <\/p>\n<div data-a-expander-name=\"toggle_description\" class=\"a-row a-expander-container a-expander-extend-container\">\n<div class=\"a-expander-content a-expander-extend-content\">\n<h3>Gebrauchsanweisung<\/h3>\n<p>Sie ben\u00f6tigen: 150 g W\u00fcrstchen (z.B. Wiener, Bratwurst, Fleischwurst) 1) W\u00fcrstchen in Scheiben schneiden und in etwas hei\u00dfem \u00d6l braten. 2) 250 ml kaltes Wasser zugie\u00dfen und Beutelinhalt einr\u00fchren. Unter R\u00fchren aufkochen. 3) Zugedeckt bei schwacher Hitze ca. 5 Minuten garen. Ab und zu umr\u00fchren. Wir empfehlen dazu Kartoffeln und buntes Gem\u00fcse. <\/p>\n<\/p><\/div>\n<p> <a href=\"void(0)\" data-action=\"a-expander-toggle\" class=\"a-expander-header a-declarative a-expander-extend-header\" data-a-expander-toggle=\"{\"><i class=\"a-icon a-icon-extender-expand\"><\/i><span class=\"a-expander-prompt\">Weitere Informationen<\/span><\/a> <\/div>\n<p>Knorr Fix W\u00fcrstchen Gulasch f\u00fcr 2 Portionen<br \/>\nF\u00fcr einen herzhaften Genuss<br \/>\nMit Meersalz<br \/>\nOhne geschmacksverst\u00e4rkende Zusatzstoffe und ohne Farbstoffe<br \/>\nSchnelle und einfache Zubereitung<br \/>\nGelingt garantiert und sorgt f\u00fcr den vollen Genuss<br \/>\n<div class=\"main-cross-sell\" data-asin=\"B00M54078E\">\n\n\t<div class=\"WooZone-cross-sell-loader\">\n\t\t<div>\n\t\t\t<div id=\"floatingBarsG\">\n\t\t\t\t<div class=\"blockG\" id=\"rotateG_01\"><\/div>\n\t\t\t\t<div class=\"blockG\" id=\"rotateG_02\"><\/div>\n\t\t\t\t<div class=\"blockG\" id=\"rotateG_03\"><\/div>\n\t\t\t\t<div class=\"blockG\" id=\"rotateG_04\"><\/div>\n\t\t\t\t<div class=\"blockG\" id=\"rotateG_05\"><\/div>\n\t\t\t\t<div class=\"blockG\" id=\"rotateG_06\"><\/div>\n\t\t\t\t<div class=\"blockG\" id=\"rotateG_07\"><\/div>\n\t\t\t\t<div class=\"blockG\" id=\"rotateG_08\"><\/div>\n\t\t\t<\/div>\n\t\t\t<div class=\"WooZone-cross-sell-loader-text\"><\/div>\n\t\t<\/div>\n\t<\/div>\n\n\t\t\n<\/div>\n<div style=\"clear:both;\"><\/div>\n","protected":false},"excerpt":{"rendered":"Knorr Fix W\u00fcrstchen Gulasch f\u00fcr 2 Portionen\nF\u00fcr einen herzhaften Genuss\nMit Meersalz","protected":false},"featured_media":10241,"comment_status":"open","ping_status":"closed","template":"","meta":[],"product_cat":[60,57],"product_tag":[],"_links":{"self":[{"href":"https:\/\/food-shop.org\/index.php?rest_route=\/wp\/v2\/product\/10240"}],"collection":[{"href":"https:\/\/food-shop.org\/index.php?rest_route=\/wp\/v2\/product"}],"about":[{"href":"https:\/\/food-shop.org\/index.php?rest_route=\/wp\/v2\/types\/product"}],"replies":[{"embeddable":true,"href":"https:\/\/food-shop.org\/index.php?rest_route=%2Fwp%2Fv2%2Fcomments&post=10240"}],"wp:featuredmedia":[{"embeddable":true,"href":"https:\/\/food-shop.org\/index.php?rest_route=\/wp\/v2\/media\/10241"}],"wp:attachment":[{"href":"https:\/\/food-shop.org\/index.php?rest_route=%2Fwp%2Fv2%2Fmedia&parent=10240"}],"wp:term":[{"taxonomy":"product_cat","embeddable":true,"href":"https:\/\/food-shop.org\/index.php?rest_route=%2Fwp%2Fv2%2Fproduct_cat&post=10240"},{"taxonomy":"product_tag","embeddable":true,"href":"https:\/\/food-shop.org\/index.php?rest_route=%2Fwp%2Fv2%2Fproduct_tag&post=10240"}],"curies":[{"name":"wp","href":"https:\/\/api.w.org\/{rel}","templated":true}]}}