{"id":10204,"date":"2020-09-01T11:43:53","date_gmt":"2020-09-01T11:43:53","guid":{"rendered":"https:\/\/food-shop.org\/?product=knorr-fix-wuerzbasis-hackbaellchen-toskana-3-portionen-39g"},"modified":"2023-04-08T17:09:24","modified_gmt":"2023-04-08T17:09:24","slug":"knorr-fix-wuerzbasis-hackbaellchen-toskana-3-portionen-39g","status":"publish","type":"product","link":"https:\/\/food-shop.org\/?product=knorr-fix-wuerzbasis-hackbaellchen-toskana-3-portionen-39g","title":{"rendered":"Knorr Fix, Hackb\u00e4llchen Toscana , 43 g"},"content":{"rendered":"<p><!-- show up to 2 reviews by default --> <\/p>\n<h3>Produktbeschreibung<\/h3>\n<p>Herzhafte Hackb\u00e4llchen mit cremiger Tomatensauce, w\u00fcrzigem Basilikum und mildem Mozzarella. Zubereitung f\u00fcr: 350 g Hackfleisch, 100 ml Schlagsahne oder Rama Cremefine zum Kochen (15% Fett) und 125 g Mozzarella1. Hackfleisch mit Salz und Pfeffer W\u00fcrzen. Ca. 12 kleine B\u00e4llchen Formen und in eine Auflaufform legen.2. Beutelinhalt in 100 ml kaltes Wasser und 100 ml Sahne einr\u00fchren und gleichm\u00e4\u00dfig \u00fcber die Hackb\u00e4llchen gie\u00dfen.3. Mozzarella in Scheiben schneiden und auf den Hackb\u00e4llchen verteilen. Im vorgeheizten Backofen bei 200\u00b0C (Umluft: 175\u00b0C) ca. 25 Minuten backen.Tipp: Die Knorr Chefk\u00f6che empfehlen hierzu Nudeln.Mit den Knorr Fix Produkten kann man mit Leichtigkeit Die ganze Familie begeistern: Die beliebte W\u00fcrzbasis sorgt f\u00fcr einen authentischen Geschmack der Gerichte und spart wertvolle Zeit beim W\u00fcrzen und Abschmecken. Ganz einfach bereitet man damit k\u00f6stliche Mahlzeiten zu \u2013 auch ohne Kocherfahrung. Die Zugabe von frischen Zutaten bringt Frische auf den Teller und erm\u00f6glicht eine Vielzahl an Variationen der Gerichte. Damit erh\u00e4lt man viele herzhafte Rezeptideen rund um Fleisch, Fisch, Nudeln, Reis oder Gem\u00fcse \u2013 ohne Farbstoffe, geschmacksverst\u00e4rkende Zusatzstoffe und Konservierungsstoffe. Fix gemacht und einfach lecker!dank unserer Fix-Produkte, Br\u00fchen, Saucen, Fertiggerichten, Suppen und Salatdressings gelingt jedes Gericht garantiert mit wenigen Handgriffen. Schnell und einfach erhalten so authentische Mahlzeiten ihren typischen Geschmack \u2013 egal, ob abwechslungsreiche vegetarische oder vegane K\u00fcche, herzhafte Fleischgerichte oder leckere Gem\u00fcsevariationen. Dabei ist es die Komposition ausgew\u00e4hlter hochwertiger Zutaten, die jedes Knorr Produkt besonders macht. Knorr verarbeitet nur sorgf\u00e4ltig schonend getrocknete Zutaten, denn das Trocknen ist eine der \u00e4ltesten Methoden, um Lebensmittel nat\u00fcrlich haltbar zu machen. Da der Geschmack und die N\u00e4hrstoffe der frischen Zutaten weitgehend erhalten bleiben, passen Lebensmittel aus getrockneten Zutaten perfekt in unseren stressigen Alltag. Essen mit Knorr ist unkompliziert und sorgt dar\u00fcber hinaus f\u00fcr ein gutes Gef\u00fchl: \u00dcber 90 Prozent der Zutaten kommen heute schon aus nachhaltigem Anbau. Denn wir bei Knorr glauben, dass die Verwendung nachhaltig angebauter und beschaffter Zutaten einen gro\u00dfen Unterschied f\u00fcr den Geschmack unserer Produkte, das Wohlbefinden der Landwirte und die Zukunft des Planeten macht. Knorr \u2013 Geschmack mit gutem Gef\u00fchl. <\/p>\n<h3>Inhaltsstoffe \/ Zutaten<\/h3>\n<p>Zutaten: 45% Tomatenpulver\u00b3, St\u00e4rke, MAGERMILCHPULVER, Zucker, jodiertes Speisesalz, R\u00f6stzwiebeln\u00b3, W\u00fcrze, Basilikum\u00b3, SAHNEPULVER, Kochsalzersatz****, Maiskeim\u00f6l, Knoblauch\u00b3. \u00b3 aus nachhaltigem Anbau **** gewonnen aus nat\u00fcrlichen Kaliummineralien Kann Spuren von Gluten, Ei, Soja, Sellerie und Senf enthalten. <\/p>\n<div data-a-expander-name=\"toggle_description\" class=\"a-row a-expander-container a-expander-extend-container\">\n<div class=\"a-expander-content a-expander-extend-content\">\n<h3>Gebrauchsanweisung<\/h3>\n<p>Frisch dazu geben: 350 g mageres gemischtes Hackfleisch, 100 ml Kochcreme mit pflanzlichen Fetten (7% Fett) und 125 g Mozzarella light (9% Fett) Zubereitung: 1) Hackfleisch mit ca. \u00bd TL Salz (2 g) und Pfeffer w\u00fcrzen. 12 kleine B\u00e4llchen formen und in eine Auflaufform legen. 2) Beutelinhalt in 100 ml kaltes Wasser und Kochcreme einr\u00fchren und gleichm\u00e4\u00dfig \u00fcber die Hackb\u00e4llchen gie\u00dfen. 3) Mozzarella in Scheiben schneiden und auf den Hackb\u00e4llchen verteilen. Im vorgeheizten Backofen bei 200\u00b0C (Umluft: 175\u00b0C) ca. 25 Minuten backen. Wir empfehlen dazu Nudeln und einen Tomaten-Gurken-Salat. <\/p>\n<h3>Warnhinweise<\/h3>\n<p>Nein <\/p>\n<h3>Anschrift Hersteller\/Importeur<\/h3>\n<p>Unilever Deutschland, Postfach 570 237, 22771 Hamburg <\/p>\n<\/p><\/div>\n<p> <a href=\"void(0)\" data-action=\"a-expander-toggle\" class=\"a-expander-header a-declarative a-expander-extend-header\" data-a-expander-toggle=\"{\"><i class=\"a-icon a-icon-extender-expand\"><\/i><span class=\"a-expander-prompt\">Weitere Informationen<\/span><\/a> <\/div>\n<p>Knorr Fix Hackb\u00e4llchen Toskana f\u00fcr 3 Portionen<br \/>\nHackb\u00e4llchen mit einer cremigen Tomatensauce<br \/>\nKnorr Hackb\u00e4llchen mit nachhaltig angebauten Tomaten<br \/>\nDieses Knorr Fix ist ohne geschmacksverst\u00e4rkende Zusatzstoffe und ohne Farbstoffe<br \/>\nSchnelle und einfache Zubereitung<br \/>\nGelingt garantiert und sorgt f\u00fcr den vollen Genuss<br \/>\n<div class=\"main-cross-sell\" data-asin=\"B07Z8G6HQ9\">\n\n\t<div class=\"WooZone-cross-sell-loader\">\n\t\t<div>\n\t\t\t<div id=\"floatingBarsG\">\n\t\t\t\t<div class=\"blockG\" id=\"rotateG_01\"><\/div>\n\t\t\t\t<div class=\"blockG\" id=\"rotateG_02\"><\/div>\n\t\t\t\t<div class=\"blockG\" id=\"rotateG_03\"><\/div>\n\t\t\t\t<div class=\"blockG\" id=\"rotateG_04\"><\/div>\n\t\t\t\t<div class=\"blockG\" id=\"rotateG_05\"><\/div>\n\t\t\t\t<div class=\"blockG\" id=\"rotateG_06\"><\/div>\n\t\t\t\t<div class=\"blockG\" id=\"rotateG_07\"><\/div>\n\t\t\t\t<div class=\"blockG\" id=\"rotateG_08\"><\/div>\n\t\t\t<\/div>\n\t\t\t<div class=\"WooZone-cross-sell-loader-text\"><\/div>\n\t\t<\/div>\n\t<\/div>\n\n\t\t\n<\/div>\n<div style=\"clear:both;\"><\/div>\n","protected":false},"excerpt":{"rendered":"Knorr Fix Hackb\u00e4llchen Toskana f\u00fcr 3 Portionen\nHackb\u00e4llchen mit einer cremigen Tomatensauce\nKnorr Hackb\u00e4llchen mit nachhaltig angebauten Tomaten","protected":false},"featured_media":10205,"comment_status":"open","ping_status":"closed","template":"","meta":[],"product_cat":[60,57],"product_tag":[],"_links":{"self":[{"href":"https:\/\/food-shop.org\/index.php?rest_route=\/wp\/v2\/product\/10204"}],"collection":[{"href":"https:\/\/food-shop.org\/index.php?rest_route=\/wp\/v2\/product"}],"about":[{"href":"https:\/\/food-shop.org\/index.php?rest_route=\/wp\/v2\/types\/product"}],"replies":[{"embeddable":true,"href":"https:\/\/food-shop.org\/index.php?rest_route=%2Fwp%2Fv2%2Fcomments&post=10204"}],"wp:featuredmedia":[{"embeddable":true,"href":"https:\/\/food-shop.org\/index.php?rest_route=\/wp\/v2\/media\/10205"}],"wp:attachment":[{"href":"https:\/\/food-shop.org\/index.php?rest_route=%2Fwp%2Fv2%2Fmedia&parent=10204"}],"wp:term":[{"taxonomy":"product_cat","embeddable":true,"href":"https:\/\/food-shop.org\/index.php?rest_route=%2Fwp%2Fv2%2Fproduct_cat&post=10204"},{"taxonomy":"product_tag","embeddable":true,"href":"https:\/\/food-shop.org\/index.php?rest_route=%2Fwp%2Fv2%2Fproduct_tag&post=10204"}],"curies":[{"name":"wp","href":"https:\/\/api.w.org\/{rel}","templated":true}]}}