{"id":10137,"date":"2020-09-01T11:43:22","date_gmt":"2020-09-01T11:43:22","guid":{"rendered":"https:\/\/food-shop.org\/?product=maggi-fix-frisch-paprika-rahm-schnitzel-20er-pack-20x35-g"},"modified":"2023-04-08T17:09:23","modified_gmt":"2023-04-08T17:09:23","slug":"maggi-fix-frisch-paprika-rahm-schnitzel-20er-pack-20x35-g","status":"publish","type":"product","link":"https:\/\/food-shop.org\/?product=maggi-fix-frisch-paprika-rahm-schnitzel-20er-pack-20x35-g","title":{"rendered":"Maggi fix &amp; frisch, Paprika-Rahm Schnitzel, 20er Pack, (20&#215;35 g)"},"content":{"rendered":"<p><!-- show up to 2 reviews by default --> <\/p>\n<h3>Produktbeschreibung<\/h3>\n<\/p>\n<p>Lust auf Schnitzel in Rahmsauce? W\u00fcrzig und cremig soll es schmecken? Bereite mit Maggi fix und frisch Paprika-Rahm Schnitzel und frischen Zutaten ohne viel Aufwand einfach ein leckeres Rahmschnitzel im Backofen zu. Los geht\u2019s.<\/p>\n<\/p>\n<p>Schnitzel mit Sauce im Ofen unkompliziert und schnell zubereitet<\/p>\n<\/p>\n<p>Schnitzel-Fans aufgepasst. Maggi fix und frisch Paprika-Rahm Schnitzel l\u00e4sst sich ideal in den Kochalltag integrieren und mit frischen Zutaten zu einem herzhaften Rahmschnitzel verfeinern. Eine cremig-w\u00fcrzige Paprika-Rahm-Sauce, die mit Maggi fix und frisch im Handumdrehen zubereitet ist, sorgt f\u00fcr eine ganz besondere Gaumenfreude. <\/p>\n<\/p>\n<p>Lege zun\u00e4chst die Schweineschnitzel nebeneinander in die Auflaufform. Nun die Paprika in gleichm\u00e4\u00dfige Streifen schneiden und auf die Schnitzel verteilen. Anschlie\u00dfend den Beutelinhalt in einem Messbecher in 250 ml Sahne einr\u00fchren. Gie\u00dfe jetzt die Sauce \u00fcber die Schnitzel und backe alles im vorgeheizten Backofen bei 200 \u00b0C (Umluft 170\u00b0C) f\u00fcr ca. 30 Minuten. Am besten mit Reis servieren. Guten Appetit.<\/p>\n<\/p>\n<p>Maggi fix und frisch Paprika-Rahm-Schnitzel<\/p>\n<p>\u2022 Daf\u00fcr wird ben\u00f6tigt: 3 Schweineschnitzel (\u00e0 150 g), 250 ml Sahne zum Kochen (15% Fett), 1 Paprika<br \/>\u2022 Ergibt drei Portionen leckeres Rahmschnitzel<br \/>\u2022 Pikantes Paprika-Rahm-Schnitzel in w\u00fcrziger Sauce, fein abgeschmeckt mit Kr\u00e4utern und Gew\u00fcrzen<br \/>\u2022 Einfach und schnell zubereitet <br \/>\u2022 Kreative und leckere Rezeptideen f\u00fcr mehr Inspiration und Abwechslung beim Kochen gibt\u2019s auf Maggi<\/p>\n<\/p>\n<\/p>\n<\/p>\n<\/p>\n<\/p>\n<\/p>\n<\/p>\n<h3>Inhaltsstoffe \/ Zutaten<\/h3>\n<p>Zutaten: 20,3 % Tomaten, Gew\u00fcrze (6,9 % Paprika, Zwiebeln, Knoblauch, SENFK\u00d6RNER, Pfeffer, Chili), Maisst\u00e4rke, Hefeextrakt, Jodsalz, WEIZENMEHL, Reismehl, MILCHZUCKER, Zucker, Aromen, ger\u00e4ucherter Speck (Speck, Rauch), Kr\u00e4uter (Petersilie, Kerbel, Oregano, Thymian, Lorbeer), Verdickungsmittel Guakernmehl, S\u00e4uerungsmittel Citronens\u00e4ure.#Kann SELLERIE, EIER, MILCH und SOJA enthalten. <\/p>\n<div data-a-expander-name=\"toggle_description\" class=\"a-row a-expander-container a-expander-extend-container\">\n<div class=\"a-expander-content a-expander-extend-content\">\n<h3>Gebrauchsanweisung<\/h3>\n<p>Zubereitung: 3 (\u00e0 150 g) Schweineschnitzel (alternativ Pute oder Kalb), 250 ml Sahne, 15 % Fett (alternativ Schlagsahne), 1 Paprika#Schnitzel nebeneinander in eine Auflaufform legen. Paprika in Streifen schneiden und auf den Schnitzeln verteilen.#Beutelinhalt in 250 ml Sahne einr\u00fchren.#Sauce \u00fcber die Schnitzel gie\u00dfen und im vorgeheizten Backofen bei 200\u00b0C (Umluft 170\u00b0C) ca. 30 Min. backen. Dazu schmeckt Reis. <\/p>\n<h3>Anschrift Hersteller\/Importeur<\/h3>\n<p>78221 Singen (Hohentwiel) <\/p>\n<\/p><\/div>\n<p> <a href=\"void(0)\" data-action=\"a-expander-toggle\" class=\"a-expander-header a-declarative a-expander-extend-header\" data-a-expander-toggle=\"{\"><i class=\"a-icon a-icon-extender-expand\"><\/i><span class=\"a-expander-prompt\">Weitere Informationen<\/span><\/a> <\/div>\n<p>Daf\u00fcr wird ben\u00f6tigt: 3 Schweineschnitzel (\u00e0 150 g), 250 ml Sahne zum Kochen (15% Fett), 1 Paprika<br \/>\nErgibt drei Portionen leckeres Rahmschnitzel<br \/>\nPikantes Paprika-Rahm-Schnitzel in w\u00fcrziger Sauce, fein abgeschmeckt mit Kr\u00e4utern und Gew\u00fcrzen<br \/>\nEinfach und schnell zubereitet<br \/>\n<div class=\"main-cross-sell\" data-asin=\"B00V87LI64\">\n\n\t<div class=\"WooZone-cross-sell-loader\">\n\t\t<div>\n\t\t\t<div id=\"floatingBarsG\">\n\t\t\t\t<div class=\"blockG\" id=\"rotateG_01\"><\/div>\n\t\t\t\t<div class=\"blockG\" id=\"rotateG_02\"><\/div>\n\t\t\t\t<div class=\"blockG\" id=\"rotateG_03\"><\/div>\n\t\t\t\t<div class=\"blockG\" id=\"rotateG_04\"><\/div>\n\t\t\t\t<div class=\"blockG\" id=\"rotateG_05\"><\/div>\n\t\t\t\t<div class=\"blockG\" id=\"rotateG_06\"><\/div>\n\t\t\t\t<div class=\"blockG\" id=\"rotateG_07\"><\/div>\n\t\t\t\t<div class=\"blockG\" id=\"rotateG_08\"><\/div>\n\t\t\t<\/div>\n\t\t\t<div class=\"WooZone-cross-sell-loader-text\"><\/div>\n\t\t<\/div>\n\t<\/div>\n\n\t\t\n<\/div>\n<div style=\"clear:both;\"><\/div>\n","protected":false},"excerpt":{"rendered":"Daf\u00fcr wird ben\u00f6tigt: 3 Schweineschnitzel (\u00e0 150 g), 250 ml Sahne zum Kochen (15% Fett), 1 Paprika\nErgibt drei Portionen leckeres Rahmschnitzel\nPikantes Paprika-Rahm-Schnitzel in w\u00fcrziger Sauce, fein abgeschmeckt mit Kr\u00e4utern und Gew\u00fcrzen","protected":false},"featured_media":10138,"comment_status":"open","ping_status":"closed","template":"","meta":[],"product_cat":[60,57],"product_tag":[],"_links":{"self":[{"href":"https:\/\/food-shop.org\/index.php?rest_route=\/wp\/v2\/product\/10137"}],"collection":[{"href":"https:\/\/food-shop.org\/index.php?rest_route=\/wp\/v2\/product"}],"about":[{"href":"https:\/\/food-shop.org\/index.php?rest_route=\/wp\/v2\/types\/product"}],"replies":[{"embeddable":true,"href":"https:\/\/food-shop.org\/index.php?rest_route=%2Fwp%2Fv2%2Fcomments&post=10137"}],"wp:featuredmedia":[{"embeddable":true,"href":"https:\/\/food-shop.org\/index.php?rest_route=\/wp\/v2\/media\/10138"}],"wp:attachment":[{"href":"https:\/\/food-shop.org\/index.php?rest_route=%2Fwp%2Fv2%2Fmedia&parent=10137"}],"wp:term":[{"taxonomy":"product_cat","embeddable":true,"href":"https:\/\/food-shop.org\/index.php?rest_route=%2Fwp%2Fv2%2Fproduct_cat&post=10137"},{"taxonomy":"product_tag","embeddable":true,"href":"https:\/\/food-shop.org\/index.php?rest_route=%2Fwp%2Fv2%2Fproduct_tag&post=10137"}],"curies":[{"name":"wp","href":"https:\/\/api.w.org\/{rel}","templated":true}]}}