{"id":10133,"date":"2020-09-01T11:43:22","date_gmt":"2020-09-01T11:43:22","guid":{"rendered":"https:\/\/food-shop.org\/?product=lebensbaum-1728-thai-curry"},"modified":"2023-04-08T17:09:23","modified_gmt":"2023-04-08T17:09:23","slug":"lebensbaum-1728-thai-curry","status":"publish","type":"product","link":"https:\/\/food-shop.org\/?product=lebensbaum-1728-thai-curry","title":{"rendered":"Lebensbaum 1728 Thai-Curry ,"},"content":{"rendered":"<p><!-- show up to 2 reviews by default --> <\/p>\n<h3>Produktbeschreibung<\/h3>\n<p>F\u00fcr eine exotische Curry-Pfanne die thail\u00e4ndische K\u00fcche verlangt nach vielen Zutaten. Um Ihnen etwas Arbeit abzunehmen, ist der Gro\u00dfteil davon in dieser W\u00fcrzmischung vereint. Kurkuma, Ingwer und Limette verbreiten einen Hauch Exotik, Galgant verleiht feine Sch\u00e4rfe. Und das Essen ist so gut wie fertig. <\/p>\n<h3>Inhaltsstoffe \/ Zutaten<\/h3>\n<p>Zwiebel*, Kartoffelst\u00e4rke*, Meersalz, Knoblauch*, Koriander*, Paprika*, Kurkuma*, Ingwer*, Rohrohrzucker*, Korianderblatt*(2 %), Limette*, Galgant*, Zitronenverbene*, Chili* <\/p>\n<div data-a-expander-name=\"toggle_description\" class=\"a-row a-expander-container a-expander-extend-container\">\n<div class=\"a-expander-content a-expander-extend-content\">\n<h3>Gebrauchsanweisung<\/h3>\n<p>n\/a <\/p>\n<h3>Warnhinweise<\/h3>\n<p>nicht dem direkten Sonnenlicht aussetzen und nach dem \u00d6ffnen z\u00fcgig aufbrauchen <\/p>\n<h3>Anschrift Hersteller\/Importeur<\/h3>\n<p>Ulrich Walter GmbH, Dr.-J\u00fcrgen-Ulderup-Stra\u00dfe 12, 49356 Diepholz <\/p>\n<\/p><\/div>\n<p> <a href=\"void(0)\" data-action=\"a-expander-toggle\" class=\"a-expander-header a-declarative a-expander-extend-header\" data-a-expander-toggle=\"{\"><i class=\"a-icon a-icon-extender-expand\"><\/i><span class=\"a-expander-prompt\">Weitere Informationen<\/span><\/a> <\/div>\n<p>Das Produkt ist f\u00fcr Veganer geeignet<br \/>\nVegetarisch<br \/>\n\u00d6ko-kontrollstelle: DE-\u00d6KO-001<br \/>\n<div class=\"main-cross-sell\" data-asin=\"B07Z5PX9BQ\">\n\n\t<div class=\"WooZone-cross-sell-loader\">\n\t\t<div>\n\t\t\t<div id=\"floatingBarsG\">\n\t\t\t\t<div class=\"blockG\" id=\"rotateG_01\"><\/div>\n\t\t\t\t<div class=\"blockG\" id=\"rotateG_02\"><\/div>\n\t\t\t\t<div class=\"blockG\" id=\"rotateG_03\"><\/div>\n\t\t\t\t<div class=\"blockG\" id=\"rotateG_04\"><\/div>\n\t\t\t\t<div class=\"blockG\" id=\"rotateG_05\"><\/div>\n\t\t\t\t<div class=\"blockG\" id=\"rotateG_06\"><\/div>\n\t\t\t\t<div class=\"blockG\" id=\"rotateG_07\"><\/div>\n\t\t\t\t<div class=\"blockG\" id=\"rotateG_08\"><\/div>\n\t\t\t<\/div>\n\t\t\t<div class=\"WooZone-cross-sell-loader-text\"><\/div>\n\t\t<\/div>\n\t<\/div>\n\n\t\t\n<\/div>\n<div style=\"clear:both;\"><\/div>\n","protected":false},"excerpt":{"rendered":"Das Produkt ist f\u00fcr Veganer geeignet\nVegetarisch\n\u00d6ko-kontrollstelle: DE-\u00d6KO-001","protected":false},"featured_media":10134,"comment_status":"open","ping_status":"closed","template":"","meta":[],"product_cat":[60,57],"product_tag":[],"_links":{"self":[{"href":"https:\/\/food-shop.org\/index.php?rest_route=\/wp\/v2\/product\/10133"}],"collection":[{"href":"https:\/\/food-shop.org\/index.php?rest_route=\/wp\/v2\/product"}],"about":[{"href":"https:\/\/food-shop.org\/index.php?rest_route=\/wp\/v2\/types\/product"}],"replies":[{"embeddable":true,"href":"https:\/\/food-shop.org\/index.php?rest_route=%2Fwp%2Fv2%2Fcomments&post=10133"}],"wp:featuredmedia":[{"embeddable":true,"href":"https:\/\/food-shop.org\/index.php?rest_route=\/wp\/v2\/media\/10134"}],"wp:attachment":[{"href":"https:\/\/food-shop.org\/index.php?rest_route=%2Fwp%2Fv2%2Fmedia&parent=10133"}],"wp:term":[{"taxonomy":"product_cat","embeddable":true,"href":"https:\/\/food-shop.org\/index.php?rest_route=%2Fwp%2Fv2%2Fproduct_cat&post=10133"},{"taxonomy":"product_tag","embeddable":true,"href":"https:\/\/food-shop.org\/index.php?rest_route=%2Fwp%2Fv2%2Fproduct_tag&post=10133"}],"curies":[{"name":"wp","href":"https:\/\/api.w.org\/{rel}","templated":true}]}}