{"id":10075,"date":"2020-09-01T11:42:55","date_gmt":"2020-09-01T11:42:55","guid":{"rendered":"https:\/\/food-shop.org\/?product=maggi-fix-fuer-ungarisches-gulasch-gulaschfleisch-mit-paprika-56g"},"modified":"2023-04-08T17:09:22","modified_gmt":"2023-04-08T17:09:22","slug":"maggi-fix-fuer-ungarisches-gulasch-gulaschfleisch-mit-paprika-56g","status":"publish","type":"product","link":"https:\/\/food-shop.org\/?product=maggi-fix-fuer-ungarisches-gulasch-gulaschfleisch-mit-paprika-56g","title":{"rendered":"MAGGI Fix f\u00fcr Ungarisches Gulasch, W\u00fcrzmischung, mit nat\u00fcrlichen Zutaten*, f\u00fcr 4 Portionen, 1er Pack (1 x 56g)"},"content":{"rendered":"<p><!-- show up to 2 reviews by default --> <\/p>\n<h3>Produktbeschreibung<\/h3>\n<p>Der w\u00fcrzig-deftige Geheimtipp f\u00fcr Gulasch-Fans: Maggi Fix f\u00fcr Ungarisches Gulasch. Mit der leckeren W\u00fcrzmischung l\u00e4sst sich einfach und schnell zartes Gulasch kochen, das auch Kochanf\u00e4ngern gelingt. Die frische Paprika verleiht der Sauce einen intensiven Geschmack, mit dem der Fleischklassiker nicht nur Gulasch-Begeisterte verzaubert. Mit einem Beutel Maggi Fix f\u00fcr Ungarisches Gulasch lassen sich schnell und einfach 4 Portionen der pikanten Gulaschvariante kochen. Zun\u00e4chst Paprika in W\u00fcrfel schneiden und das gemischte Gulaschfleisch in einem Topf mit hei\u00dfen \u00d6l anbraten. Kochtopf von der Herdplatte nehmen, und Paprika beimischen. Dann 375 ml Wasser hinzuzugeben und den Beutelinhalt von Maggi Fix &amp; Frisch Ungarisches Gulasch unterr\u00fchren. Nach kurzem Aufkochen kann das Gericht unter einem Deckel und geringer W\u00e4rmezufuhr auf dem Herd schmoren. Nach rund 60 bis 90 Minuten ist das Ungarische Gulasch fertig und kann serviert werden. Mit ein paar Scheiben Brot oder Kartoffeln servieren. Guten Appetit! Weitere kreative und leckere Rezeptideen gibt\u00b4s auf maggi.de. <\/p>\n<h3>Inhaltsstoffe \/ Zutaten<\/h3>\n<p>Zutaten: WEIZENMEHL, Gew\u00fcrze (16,4 % Paprikapulver, Knoblauch, Chili, K\u00fcmmel, Pfeffer), 15,8 % Gem\u00fcse (6,9 % Zwiebeln, 5,4 % Paprika, Tomaten), Jodsalz, Zucker, Kartoffelst\u00e4rke, ger\u00e4ucherter Speck (Speck, Rauch), W\u00fcrze (aus WEIZEN), Sonnenblumen\u00f6l, Salz, Aroma (mit WEIZEN), S\u00e4uerungsmittel Citronens\u00e4ure.#Kann SELLERIE, EIER, MILCH, SENF und SOJA enthalten. <\/p>\n<div data-a-expander-name=\"toggle_description\" class=\"a-row a-expander-container a-expander-extend-container\">\n<div class=\"a-expander-content a-expander-extend-content\">\n<h3>Gebrauchsanweisung<\/h3>\n<p>Zubereitung: 500 g gemischtes Gulasch (alternativ nur Rind oder Schwein), 1 rote Paprika, 1 EL \u00d6l#Paprika in W\u00fcrfel schneiden. Gulasch in hei\u00dfem \u00d6l portionsweise anbraten.#Topf von der Kochstelle nehmen und Paprika zugeben. 375 ml Wasser zugie\u00dfen, Beutelinhalt einr\u00fchren und aufkochen.#Zugedeckt bei geringer W\u00e4rmezufuhr 60-90 Min. schmoren. Gelegentlich umr\u00fchren. Dazu schmecken Kartoffeln und ein Salat. <\/p>\n<h3>Anschrift Hersteller\/Importeur<\/h3>\n<p>78221 Singen (Hohentwiel) <\/p>\n<\/p><\/div>\n<p> <a href=\"void(0)\" data-action=\"a-expander-toggle\" class=\"a-expander-header a-declarative a-expander-extend-header\" data-a-expander-toggle=\"{\"><i class=\"a-icon a-icon-extender-expand\"><\/i><span class=\"a-expander-prompt\">Weitere Informationen<\/span><\/a> <\/div>\n<p>LECKERES SCHMORGERICHT: Ungarisches Gulasch in w\u00fcrzig-deftiger So\u00dfe mit pikanter Paprika, Zwiebeln und saftigem Fleisch \u2013 Genuss f\u00fcr Gro\u00df und Klein<br \/>\nSCHNELL UND EINFACH: Dank verst\u00e4ndlicher Zubereitungsanleitung gelingt das traditionelle Gericht auch unerfahrenen Koch-Anf\u00e4ngern<br \/>\nZUTATEN: Neben der W\u00fcrzmischung werden nur noch frisches Gulasch, etwas \u00d6l und eine rote frische Paprika ben\u00f6tigt, um das traditionelle Gericht zu zaubern<br \/>\nMENGE: Eine Packung Fix f\u00fcr Ungarisches Gulasch reicht f\u00fcr vier leckere Portionen des schmackhaften Klassikers<br \/>\nINSPIRATION: Kreative und leckere Rezeptideen f\u00fcr mehr Abwechslung beim Kochen gibt\u00b4s auf maggi.de<br \/>\n<div class=\"main-cross-sell\" data-asin=\"B07DVW1G9L\">\n\n\t<div class=\"WooZone-cross-sell-loader\">\n\t\t<div>\n\t\t\t<div id=\"floatingBarsG\">\n\t\t\t\t<div class=\"blockG\" id=\"rotateG_01\"><\/div>\n\t\t\t\t<div class=\"blockG\" id=\"rotateG_02\"><\/div>\n\t\t\t\t<div class=\"blockG\" id=\"rotateG_03\"><\/div>\n\t\t\t\t<div class=\"blockG\" id=\"rotateG_04\"><\/div>\n\t\t\t\t<div class=\"blockG\" id=\"rotateG_05\"><\/div>\n\t\t\t\t<div class=\"blockG\" id=\"rotateG_06\"><\/div>\n\t\t\t\t<div class=\"blockG\" id=\"rotateG_07\"><\/div>\n\t\t\t\t<div class=\"blockG\" id=\"rotateG_08\"><\/div>\n\t\t\t<\/div>\n\t\t\t<div class=\"WooZone-cross-sell-loader-text\"><\/div>\n\t\t<\/div>\n\t<\/div>\n\n\t\t\n<\/div>\n<div style=\"clear:both;\"><\/div>\n","protected":false},"excerpt":{"rendered":"LECKERES SCHMORGERICHT: Ungarisches Gulasch in w\u00fcrzig-deftiger So\u00dfe mit pikanter Paprika, Zwiebeln und saftigem Fleisch \u2013 Genuss f\u00fcr Gro\u00df und Klein\nSCHNELL UND EINFACH: Dank verst\u00e4ndlicher Zubereitungsanleitung gelingt das traditionelle Gericht auch unerfahrenen Koch-Anf\u00e4ngern\nZUTATEN: Neben der W\u00fcrzmischung werden nur noch frisches Gulasch, etwas \u00d6l und eine rote frische Paprika ben\u00f6tigt, um das traditionelle Gericht zu zaubern","protected":false},"featured_media":10076,"comment_status":"open","ping_status":"closed","template":"","meta":[],"product_cat":[60,57],"product_tag":[],"_links":{"self":[{"href":"https:\/\/food-shop.org\/index.php?rest_route=\/wp\/v2\/product\/10075"}],"collection":[{"href":"https:\/\/food-shop.org\/index.php?rest_route=\/wp\/v2\/product"}],"about":[{"href":"https:\/\/food-shop.org\/index.php?rest_route=\/wp\/v2\/types\/product"}],"replies":[{"embeddable":true,"href":"https:\/\/food-shop.org\/index.php?rest_route=%2Fwp%2Fv2%2Fcomments&post=10075"}],"wp:featuredmedia":[{"embeddable":true,"href":"https:\/\/food-shop.org\/index.php?rest_route=\/wp\/v2\/media\/10076"}],"wp:attachment":[{"href":"https:\/\/food-shop.org\/index.php?rest_route=%2Fwp%2Fv2%2Fmedia&parent=10075"}],"wp:term":[{"taxonomy":"product_cat","embeddable":true,"href":"https:\/\/food-shop.org\/index.php?rest_route=%2Fwp%2Fv2%2Fproduct_cat&post=10075"},{"taxonomy":"product_tag","embeddable":true,"href":"https:\/\/food-shop.org\/index.php?rest_route=%2Fwp%2Fv2%2Fproduct_tag&post=10075"}],"curies":[{"name":"wp","href":"https:\/\/api.w.org\/{rel}","templated":true}]}}