{"id":10049,"date":"2020-09-01T11:42:44","date_gmt":"2020-09-01T11:42:44","guid":{"rendered":"https:\/\/food-shop.org\/?product=vitam-dunkle-grundsauce-3er-pack-3-x-125-g"},"modified":"2023-04-08T17:09:21","modified_gmt":"2023-04-08T17:09:21","slug":"vitam-dunkle-grundsauce-3er-pack-3-x-125-g","status":"publish","type":"product","link":"https:\/\/food-shop.org\/?product=vitam-dunkle-grundsauce-3er-pack-3-x-125-g","title":{"rendered":"VITAM Dunkle Grundsauce, 3er Pack (3 x 125 g) 2819"},"content":{"rendered":"<p><!-- show up to 2 reviews by default --> <\/p>\n<h3>Produktbeschreibung<\/h3>\n<p>VITAM Bio Dunkle Grundsauce l\u00e4sst sich als milde Sauce zu Gem\u00fcse, Reis und Nudeln verwenden. Besonders schmackhaft werden Ihre Saucenkreationen durch Verwendung von veganer Sahne, Rotwein, Gem\u00fcsebr\u00fche, etwas Zitronensaft und frischen Kr\u00e4utern. <\/p>\n<h3>Inhaltsstoffe \/ Zutaten<\/h3>\n<p>Maisst\u00e4rke*, Rohrohrzucker*, Meersalz, Hefeextrakt, Zwiebelpulver*, Tomatenpulver*, Karamell*, SELLERIEKNOLLENPULVER*, Verdickungsmittel: Guarkernmehl*, Pfeffer*. *aus kontrolliert biologischem Anbau. Enth\u00e4lt folgende Allergene: Sellerie. <\/p>\n<div data-a-expander-name=\"toggle_description\" class=\"a-row a-expander-container a-expander-extend-container\">\n<div class=\"a-expander-content a-expander-extend-content\">\n<h3>Gebrauchsanweisung<\/h3>\n<p>Kein Hinweis. <\/p>\n<h3>Warnhinweise<\/h3>\n<p>Keine Warnhinweise. <\/p>\n<h3>Anschrift Hersteller\/Importeur<\/h3>\n<p>VITAM Hefe-Produkt GmbH, Walter-von-Selve-Str. 2, 31789 Hameln <\/p>\n<\/p><\/div>\n<p> <a href=\"void(0)\" data-action=\"a-expander-toggle\" class=\"a-expander-header a-declarative a-expander-extend-header\" data-a-expander-toggle=\"{\"><i class=\"a-icon a-icon-extender-expand\"><\/i><span class=\"a-expander-prompt\">Weitere Informationen<\/span><\/a> <\/div>\n<p>milde Sauce zu Gem\u00fcse, Reis und Nudeln<br \/>\nvegan und Bio<br \/>\nzu verfeinern durch vegane Sahne, Rotwein, Gem\u00fcsebr\u00fche, etwas Zitronensaft oder frische Kr\u00e4uter<br \/>\n<div class=\"main-cross-sell\" data-asin=\"B07L4QM8Y5\">\n\n\t<div class=\"WooZone-cross-sell-loader\">\n\t\t<div>\n\t\t\t<div id=\"floatingBarsG\">\n\t\t\t\t<div class=\"blockG\" id=\"rotateG_01\"><\/div>\n\t\t\t\t<div class=\"blockG\" id=\"rotateG_02\"><\/div>\n\t\t\t\t<div class=\"blockG\" id=\"rotateG_03\"><\/div>\n\t\t\t\t<div class=\"blockG\" id=\"rotateG_04\"><\/div>\n\t\t\t\t<div class=\"blockG\" id=\"rotateG_05\"><\/div>\n\t\t\t\t<div class=\"blockG\" id=\"rotateG_06\"><\/div>\n\t\t\t\t<div class=\"blockG\" id=\"rotateG_07\"><\/div>\n\t\t\t\t<div class=\"blockG\" id=\"rotateG_08\"><\/div>\n\t\t\t<\/div>\n\t\t\t<div class=\"WooZone-cross-sell-loader-text\"><\/div>\n\t\t<\/div>\n\t<\/div>\n\n\t\t\n<\/div>\n<div style=\"clear:both;\"><\/div>\n","protected":false},"excerpt":{"rendered":"milde Sauce zu Gem\u00fcse, Reis und Nudeln\nvegan und Bio\nzu verfeinern durch vegane Sahne, Rotwein, Gem\u00fcsebr\u00fche, etwas Zitronensaft oder frische Kr\u00e4uter","protected":false},"featured_media":10050,"comment_status":"open","ping_status":"closed","template":"","meta":[],"product_cat":[60,57],"product_tag":[],"_links":{"self":[{"href":"https:\/\/food-shop.org\/index.php?rest_route=\/wp\/v2\/product\/10049"}],"collection":[{"href":"https:\/\/food-shop.org\/index.php?rest_route=\/wp\/v2\/product"}],"about":[{"href":"https:\/\/food-shop.org\/index.php?rest_route=\/wp\/v2\/types\/product"}],"replies":[{"embeddable":true,"href":"https:\/\/food-shop.org\/index.php?rest_route=%2Fwp%2Fv2%2Fcomments&post=10049"}],"wp:featuredmedia":[{"embeddable":true,"href":"https:\/\/food-shop.org\/index.php?rest_route=\/wp\/v2\/media\/10050"}],"wp:attachment":[{"href":"https:\/\/food-shop.org\/index.php?rest_route=%2Fwp%2Fv2%2Fmedia&parent=10049"}],"wp:term":[{"taxonomy":"product_cat","embeddable":true,"href":"https:\/\/food-shop.org\/index.php?rest_route=%2Fwp%2Fv2%2Fproduct_cat&post=10049"},{"taxonomy":"product_tag","embeddable":true,"href":"https:\/\/food-shop.org\/index.php?rest_route=%2Fwp%2Fv2%2Fproduct_tag&post=10049"}],"curies":[{"name":"wp","href":"https:\/\/api.w.org\/{rel}","templated":true}]}}