{"id":10046,"date":"2020-09-01T11:42:42","date_gmt":"2020-09-01T11:42:42","guid":{"rendered":"https:\/\/food-shop.org\/?product=maggi-wuerze-125ml-flasche"},"modified":"2023-04-08T17:09:21","modified_gmt":"2023-04-08T17:09:21","slug":"maggi-wuerze-125ml-flasche","status":"publish","type":"product","link":"https:\/\/food-shop.org\/?product=maggi-wuerze-125ml-flasche","title":{"rendered":"Maggi W\u00fcrze, 125 g"},"content":{"rendered":"<p><!-- show up to 2 reviews by default --> <\/p>\n<h3>Produktbeschreibung<\/h3>\n<\/p>\n<p>Das Original \u2013 die MAGGI W\u00fcrze \u2013 hilft schnell und unkompliziert bei der Zubereitung, beim Abschmecken, Nachw\u00fcrzen und Verfeinern vieler Fleisch- und Gem\u00fcsegerichte. <br \/> Das fl\u00fcssige W\u00fcrzmittel erkennt man nicht nur am gelbroten Etikett, sondern vor allem an seinem unverwechselbaren, w\u00fcrzigen Geschmack. Mit MAGGI W\u00fcrze wird jede Suppe, jeder Eintopf ideal abgerundet. Auch leckere Salatsaucen und Dips lassen sich mit dem Original zubereiten. Ob zum Asia-Pfanne Abschmecken oder zum Wrap und Spinat W\u00fcrzen \u2013 MAGGI W\u00fcrze ist vielseitig einsetzbar.<\/p>\n<\/p>\n<h3>Inhaltsstoffe \/ Zutaten<\/h3>\n<p>pflanzliches Eiwei\u00df, biologisch aufgeschlossen (Wasser, WEIZENPROTEIN, Salz), Wasser, Aromen (mit WEIZEN), Geschmacksverst\u00e4rker (Mononatriumglutamat, Dinatriuminosinat), Salz, Zucker. <\/p>\n<div data-a-expander-name=\"toggle_description\" class=\"a-row a-expander-container a-expander-extend-container\">\n<div class=\"a-expander-content a-expander-extend-content\">\n<h3>Rechtliche Hinweise<\/h3>\n<p>MAGGI GmbH, Lyoner Stra\u00dfe 23, D-60528 Frankfurt \/ Main <\/p>\n<h3>Anschrift Hersteller\/Importeur<\/h3>\n<p>78221 Singen (Hohentwiel) <\/p>\n<\/p><\/div>\n<p> <a href=\"void(0)\" data-action=\"a-expander-toggle\" class=\"a-expander-header a-declarative a-expander-extend-header\" data-a-expander-toggle=\"{\"><i class=\"a-icon a-icon-extender-expand\"><\/i><span class=\"a-expander-prompt\">Weitere Informationen<\/span><\/a> <\/div>\n<p>Das Original f\u00fcr Burger, Suppen, Dressings, Dips, Eier, Wraps, Wokgerichte u.v.m.<br \/>\nSorgt f\u00fcr einen w\u00fcrzigen Geschmack<br \/>\nNat\u00fcrlich hergestellt und 100% vegan<br \/>\nIdeal zum Nachw\u00fcrzen, Abschmecken und Verfeinern<br \/>\nIdeal dosierbar<br \/>\n<div class=\"main-cross-sell\" data-asin=\"B003TRIWX8\">\n\n\t<div class=\"WooZone-cross-sell-loader\">\n\t\t<div>\n\t\t\t<div id=\"floatingBarsG\">\n\t\t\t\t<div class=\"blockG\" id=\"rotateG_01\"><\/div>\n\t\t\t\t<div class=\"blockG\" id=\"rotateG_02\"><\/div>\n\t\t\t\t<div class=\"blockG\" id=\"rotateG_03\"><\/div>\n\t\t\t\t<div class=\"blockG\" id=\"rotateG_04\"><\/div>\n\t\t\t\t<div class=\"blockG\" id=\"rotateG_05\"><\/div>\n\t\t\t\t<div class=\"blockG\" id=\"rotateG_06\"><\/div>\n\t\t\t\t<div class=\"blockG\" id=\"rotateG_07\"><\/div>\n\t\t\t\t<div class=\"blockG\" id=\"rotateG_08\"><\/div>\n\t\t\t<\/div>\n\t\t\t<div class=\"WooZone-cross-sell-loader-text\"><\/div>\n\t\t<\/div>\n\t<\/div>\n\n\t\t\n<\/div>\n<div style=\"clear:both;\"><\/div>\n","protected":false},"excerpt":{"rendered":"Das Original f\u00fcr Burger, Suppen, Dressings, Dips, Eier, Wraps, Wokgerichte u.v.m.\nSorgt f\u00fcr einen w\u00fcrzigen Geschmack\nNat\u00fcrlich hergestellt und 100% vegan","protected":false},"featured_media":10047,"comment_status":"open","ping_status":"closed","template":"","meta":[],"product_cat":[60,57],"product_tag":[],"_links":{"self":[{"href":"https:\/\/food-shop.org\/index.php?rest_route=\/wp\/v2\/product\/10046"}],"collection":[{"href":"https:\/\/food-shop.org\/index.php?rest_route=\/wp\/v2\/product"}],"about":[{"href":"https:\/\/food-shop.org\/index.php?rest_route=\/wp\/v2\/types\/product"}],"replies":[{"embeddable":true,"href":"https:\/\/food-shop.org\/index.php?rest_route=%2Fwp%2Fv2%2Fcomments&post=10046"}],"wp:featuredmedia":[{"embeddable":true,"href":"https:\/\/food-shop.org\/index.php?rest_route=\/wp\/v2\/media\/10047"}],"wp:attachment":[{"href":"https:\/\/food-shop.org\/index.php?rest_route=%2Fwp%2Fv2%2Fmedia&parent=10046"}],"wp:term":[{"taxonomy":"product_cat","embeddable":true,"href":"https:\/\/food-shop.org\/index.php?rest_route=%2Fwp%2Fv2%2Fproduct_cat&post=10046"},{"taxonomy":"product_tag","embeddable":true,"href":"https:\/\/food-shop.org\/index.php?rest_route=%2Fwp%2Fv2%2Fproduct_tag&post=10046"}],"curies":[{"name":"wp","href":"https:\/\/api.w.org\/{rel}","templated":true}]}}