{"id":10039,"date":"2020-09-01T11:42:38","date_gmt":"2020-09-01T11:42:38","guid":{"rendered":"https:\/\/food-shop.org\/?product=bamboo-garden-ingwerpaste-1er-pack-1-x-40-g"},"modified":"2023-04-08T17:09:21","modified_gmt":"2023-04-08T17:09:21","slug":"bamboo-garden-ingwerpaste-1er-pack-1-x-40-g","status":"publish","type":"product","link":"https:\/\/food-shop.org\/?product=bamboo-garden-ingwerpaste-1er-pack-1-x-40-g","title":{"rendered":"Bamboo Garden Ingwerpaste, 40 g"},"content":{"rendered":"<p><!-- show up to 2 reviews by default --> <\/p>\n<h3>Produktbeschreibung<\/h3>\n<p>Bamboo Garden Ingwerpaste in der 40 g Tube. Praktisch zum Kochen und verfeinern Ihrer Lieblingsspeisen. Zutaten: Ingwer 75 %, Raps\u00f6l, Zucker, Speisesalz, S\u00e4uerungsmittel: Citronens\u00e4ure, Ascorbins\u00e4ure; Verdickungsmittel Guarkernmehl, Konservierungsstoffe: Natriumbenzoat, Kaliumsorbat. <\/p>\n<h3>Gebrauchsanweisung<\/h3>\n<p>Produkt bitte trocken und dunkel lagern <\/p>\n<div data-a-expander-name=\"toggle_description\" class=\"a-row a-expander-container a-expander-extend-container\">\n<div class=\"a-expander-content a-expander-extend-content\">\n<h3>Warnhinweise<\/h3>\n<p>Kann Spuren von Weizen, Ei, Soja, Milch, Sellerie, Senf und Sesam enthalten. <\/p>\n<\/p><\/div>\n<p> <a href=\"void(0)\" data-action=\"a-expander-toggle\" class=\"a-expander-header a-declarative a-expander-extend-header\" data-a-expander-toggle=\"{\"><i class=\"a-icon a-icon-extender-expand\"><\/i><span class=\"a-expander-prompt\">Weitere Informationen<\/span><\/a> <\/div>\n<p>Die Ingwerpaste wird zum W\u00fcrzen und Verfeinern von asiatischen Gerichten<br \/>\nIm Handumdrehen erhalten Ihre Speisen ein unverwechselbares, aromatisch-scharfes Aroma<br \/>\nMit Bamboo Garden \u00f6ffnen Sie die Speisekammer Asiens und l\u00fcften die Geheimnisse authentischer, fern\u00f6stlicher Kochkunst. Kommen Sie mit uns nach Japan, Thailand und Indien<br \/>\n<div class=\"main-cross-sell\" data-asin=\"B085NY3MYQ\">\n\n\t<div class=\"WooZone-cross-sell-loader\">\n\t\t<div>\n\t\t\t<div id=\"floatingBarsG\">\n\t\t\t\t<div class=\"blockG\" id=\"rotateG_01\"><\/div>\n\t\t\t\t<div class=\"blockG\" id=\"rotateG_02\"><\/div>\n\t\t\t\t<div class=\"blockG\" id=\"rotateG_03\"><\/div>\n\t\t\t\t<div class=\"blockG\" id=\"rotateG_04\"><\/div>\n\t\t\t\t<div class=\"blockG\" id=\"rotateG_05\"><\/div>\n\t\t\t\t<div class=\"blockG\" id=\"rotateG_06\"><\/div>\n\t\t\t\t<div class=\"blockG\" id=\"rotateG_07\"><\/div>\n\t\t\t\t<div class=\"blockG\" id=\"rotateG_08\"><\/div>\n\t\t\t<\/div>\n\t\t\t<div class=\"WooZone-cross-sell-loader-text\"><\/div>\n\t\t<\/div>\n\t<\/div>\n\n\t\t\n<\/div>\n<div style=\"clear:both;\"><\/div>\n","protected":false},"excerpt":{"rendered":"Die Ingwerpaste wird zum W\u00fcrzen und Verfeinern von asiatischen Gerichten\nIm Handumdrehen erhalten Ihre Speisen ein unverwechselbares, aromatisch-scharfes Aroma\nMit Bamboo Garden \u00f6ffnen Sie die Speisekammer Asiens und l\u00fcften die Geheimnisse authentischer, fern\u00f6stlicher Kochkunst. Kommen Sie mit uns nach Japan, Thailand und Indien","protected":false},"featured_media":10040,"comment_status":"open","ping_status":"closed","template":"","meta":[],"product_cat":[60,57],"product_tag":[],"_links":{"self":[{"href":"https:\/\/food-shop.org\/index.php?rest_route=\/wp\/v2\/product\/10039"}],"collection":[{"href":"https:\/\/food-shop.org\/index.php?rest_route=\/wp\/v2\/product"}],"about":[{"href":"https:\/\/food-shop.org\/index.php?rest_route=\/wp\/v2\/types\/product"}],"replies":[{"embeddable":true,"href":"https:\/\/food-shop.org\/index.php?rest_route=%2Fwp%2Fv2%2Fcomments&post=10039"}],"wp:featuredmedia":[{"embeddable":true,"href":"https:\/\/food-shop.org\/index.php?rest_route=\/wp\/v2\/media\/10040"}],"wp:attachment":[{"href":"https:\/\/food-shop.org\/index.php?rest_route=%2Fwp%2Fv2%2Fmedia&parent=10039"}],"wp:term":[{"taxonomy":"product_cat","embeddable":true,"href":"https:\/\/food-shop.org\/index.php?rest_route=%2Fwp%2Fv2%2Fproduct_cat&post=10039"},{"taxonomy":"product_tag","embeddable":true,"href":"https:\/\/food-shop.org\/index.php?rest_route=%2Fwp%2Fv2%2Fproduct_tag&post=10039"}],"curies":[{"name":"wp","href":"https:\/\/api.w.org\/{rel}","templated":true}]}}