{"id":10037,"date":"2020-09-01T11:42:38","date_gmt":"2020-09-01T11:42:38","guid":{"rendered":"https:\/\/food-shop.org\/?product=knorr-fix-rahm-champignons-2-portionen-1-x-33-g"},"modified":"2023-04-08T17:09:21","modified_gmt":"2023-04-08T17:09:21","slug":"knorr-fix-rahm-champignons-2-portionen-1-x-33-g","status":"publish","type":"product","link":"https:\/\/food-shop.org\/?product=knorr-fix-rahm-champignons-2-portionen-1-x-33-g","title":{"rendered":"Knorr Fix W\u00fcrzmischung Rahm-Champignons f\u00fcr leckere Rahmchampignons ohne geschmacksverst\u00e4rkende Zusatzstoffe | 33 g (1er\u2026"},"content":{"rendered":"<p><!-- show up to 2 reviews by default --> <\/p>\n<h3>Produktbeschreibung<\/h3>\n<p>Produktbeschreibung Die cremig-feine Sauce, mit Petersilie abgeschmeckt, entfaltet den vollen Geschmack der Pilze. Zubereitung f\u00fcr: 300 g frische Champignons 1. Champignons putzen und in Scheiben schneiden. 2. Champignons in etwas hei\u00dfem \u00d6l d\u00fcnsten. 250 ml kaltes Wasser zugie\u00dfen und Beutelinhalt einr\u00fchren. 3. Unter R\u00fchren aufkochen und 1 Minute kochen. Tipp: Die Knorr Chefk\u00f6che empfehlen hierzu Semmelkn\u00f6del Mit den Knorr Fix Produkten kann sich die ganze Familie mit Leichtigkeit begeistern: die beliebte W\u00fcrzbasis sorgt f\u00fcr einen authentischen Geschmack der Gerichte und spart wertvolle Zeit beim W\u00fcrzen und Abschmecken. Ganz einfach werden damit k\u00f6stliche Mahlzeiten zubereitet \u2013 auch ohne Kocherfahrung. Die Zugabe von frischen Zutaten bringt Frische auf den Teller und erm\u00f6glicht eine Vielzahl an Variationen der Gerichte. Damit erh\u00e4lt man viele herzhafte Rezeptideen rund um Fleisch, Fisch, Nudeln, Reis oder Gem\u00fcse \u2013 ohne Farbstoffe, geschmacksverst\u00e4rkende Zusatzstoffe und Konservierungsstoffe. Fix gemacht und einfach lecker. Knorr bietet die vielen weiteren Produkte. Dank unserer Fix-Produkte, Br\u00fchen, Saucen, Fertiggerichten, Suppen und Salatdressings gelingt jedes Gericht garantiert mit wenigen Handgriffen. Schnell und einfach erhalten so authentische Mahlzeiten ihren typischen Geschmack \u2013 egal, ob abwechslungsreiche vegetarische oder vegane K\u00fcche, herzhafte Fleischgerichte oder leckere Gem\u00fcsevariationen. Dabei ist es die Komposition ausgew\u00e4hlter hochwertiger Zutaten, die jedes Knorr Produkt besonders macht. Knorr verarbeitet nur sorgf\u00e4ltig schonend getrocknete Zutaten, denn das Trocknen ist eine der \u00e4ltesten Methoden, um Lebensmittel nat\u00fcrlich haltbar zu machen. Da der Geschmack und die N\u00e4hrstoffe der frischen Zutaten weitgehend erhalten bleiben, passen Lebensmittel aus getrockneten Zutaten ideal in unseren stressigen Alltag. Essen mit Knorr ist unkompliziert und sorgt dar\u00fcber hinaus f\u00fcr ein gutes Gef\u00fchl: \u00fcber 90 Prozent der Zutaten kommen heute schon aus nachhaltigem Anbau. Denn wir bei Knorr glauben, dass die Verwendung nachhaltig angebauter und beschaffter Zutaten einen gro\u00dfen Unterschied f\u00fcr den Geschmack unserer Produkte, das Wohlbefinden der Landwirte und die Zukunft des Planeten macht. Knorr \u2013 Geschmack mit gutem Gef\u00fchl. Inhaltsstoffe \/ Zutaten Zutaten: St\u00e4rke, 25% SAHNEPULVER, Reismehl, jodiertes Meersalz, Palm\u00f6l, Maltodextrin, W\u00fcrze, Aromen, Champignonsaftkonzentrat, Tomatenpulver, Speisesalz, MILCHZUCKER, Hefeextrakt, Petersilie, MILCHEIWEISS, Karamellzuckersirup, Zwiebelsaftkonzentrat, Curcuma, Sonnenblumen\u00f6l. Kann Spuren von Gluten, Ei, Sellerie und Senf enthalten. Gebrauchsanweisung Sie ben\u00f6tigen: 300 g frische Champignons 1) Champignons putzen und in Scheiben schneiden. 2) Champignons in etwas hei\u00dfem \u00d6l d\u00fcnsten. 250 ml kaltes Wasser zugie\u00dfen und Beutelinhalt einr\u00fchren. 3) Unter R\u00fchren aufkochen und 1 Minute kochen. Wir empfehlen dazu Semmelkn\u00f6del und Broccoli. <\/p>\n<h3>Inhaltsstoffe \/ Zutaten<\/h3>\n<p>Zutaten: St\u00e4rke, 25% SAHNEPULVER, Reismehl, jodiertes Meersalz, Palm\u00f6l, Maltodextrin, W\u00fcrze, Aromen, Champignonsaftkonzentrat, Tomatenpulver, Speisesalz, MILCHZUCKER, Hefeextrakt, Petersilie, MILCHEIWEISS, Karamellzuckersirup, Zwiebelsaftkonzentrat, Curcuma, Sonnenblumen\u00f6l. Kann Spuren von Gluten, Ei, Sellerie und Senf enthalten. <\/p>\n<div data-a-expander-name=\"toggle_description\" class=\"a-row a-expander-container a-expander-extend-container\">\n<div class=\"a-expander-content a-expander-extend-content\">\n<h3>Gebrauchsanweisung<\/h3>\n<p>Sie ben\u00f6tigen: 300 g frische Champignons 1) Champignons putzen und in Scheiben schneiden. 2) Champignons in etwas hei\u00dfem \u00d6l d\u00fcnsten. 250 ml kaltes Wasser zugie\u00dfen und Beutelinhalt einr\u00fchren. 3) Unter R\u00fchren aufkochen und 1 Minute kochen. Wir empfehlen dazu Semmelkn\u00f6del und Broccoli. <\/p>\n<h3>Anschrift Hersteller\/Importeur<\/h3>\n<p>Postfach 570 237, 22771 Hamburg <\/p>\n<\/p><\/div>\n<p> <a href=\"void(0)\" data-action=\"a-expander-toggle\" class=\"a-expander-header a-declarative a-expander-extend-header\" data-a-expander-toggle=\"{\"><i class=\"a-icon a-icon-extender-expand\"><\/i><span class=\"a-expander-prompt\">Weitere Informationen<\/span><\/a> <\/div>\n<p>ohne geschmacksverst\u00e4rkende Zusatzstoffe<br \/>\nohne Konservierungsstoffe<br \/>\nohne Farbstoffe<br \/>\nGuter Geschmack ist unsere Natur<br \/>\n<div class=\"main-cross-sell\" data-asin=\"B004EIMSQS\">\n\n\t<div class=\"WooZone-cross-sell-loader\">\n\t\t<div>\n\t\t\t<div id=\"floatingBarsG\">\n\t\t\t\t<div class=\"blockG\" id=\"rotateG_01\"><\/div>\n\t\t\t\t<div class=\"blockG\" id=\"rotateG_02\"><\/div>\n\t\t\t\t<div class=\"blockG\" id=\"rotateG_03\"><\/div>\n\t\t\t\t<div class=\"blockG\" id=\"rotateG_04\"><\/div>\n\t\t\t\t<div class=\"blockG\" id=\"rotateG_05\"><\/div>\n\t\t\t\t<div class=\"blockG\" id=\"rotateG_06\"><\/div>\n\t\t\t\t<div class=\"blockG\" id=\"rotateG_07\"><\/div>\n\t\t\t\t<div class=\"blockG\" id=\"rotateG_08\"><\/div>\n\t\t\t<\/div>\n\t\t\t<div class=\"WooZone-cross-sell-loader-text\"><\/div>\n\t\t<\/div>\n\t<\/div>\n\n\t\t\n<\/div>\n<div style=\"clear:both;\"><\/div>\n","protected":false},"excerpt":{"rendered":"ohne geschmacksverst\u00e4rkende Zusatzstoffe\nohne Konservierungsstoffe\nohne Farbstoffe","protected":false},"featured_media":10038,"comment_status":"open","ping_status":"closed","template":"","meta":[],"product_cat":[60,57],"product_tag":[],"_links":{"self":[{"href":"https:\/\/food-shop.org\/index.php?rest_route=\/wp\/v2\/product\/10037"}],"collection":[{"href":"https:\/\/food-shop.org\/index.php?rest_route=\/wp\/v2\/product"}],"about":[{"href":"https:\/\/food-shop.org\/index.php?rest_route=\/wp\/v2\/types\/product"}],"replies":[{"embeddable":true,"href":"https:\/\/food-shop.org\/index.php?rest_route=%2Fwp%2Fv2%2Fcomments&post=10037"}],"wp:featuredmedia":[{"embeddable":true,"href":"https:\/\/food-shop.org\/index.php?rest_route=\/wp\/v2\/media\/10038"}],"wp:attachment":[{"href":"https:\/\/food-shop.org\/index.php?rest_route=%2Fwp%2Fv2%2Fmedia&parent=10037"}],"wp:term":[{"taxonomy":"product_cat","embeddable":true,"href":"https:\/\/food-shop.org\/index.php?rest_route=%2Fwp%2Fv2%2Fproduct_cat&post=10037"},{"taxonomy":"product_tag","embeddable":true,"href":"https:\/\/food-shop.org\/index.php?rest_route=%2Fwp%2Fv2%2Fproduct_tag&post=10037"}],"curies":[{"name":"wp","href":"https:\/\/api.w.org\/{rel}","templated":true}]}}