{"id":10030,"date":"2020-09-01T11:42:34","date_gmt":"2020-09-01T11:42:34","guid":{"rendered":"https:\/\/food-shop.org\/?product=knorr-natuerlich-lecker-puten-paprika-geschnetzeltes-3-portionen-12er-pack"},"modified":"2023-04-08T17:09:21","modified_gmt":"2023-04-08T17:09:21","slug":"knorr-natuerlich-lecker-puten-paprika-geschnetzeltes-3-portionen-12er-pack","status":"publish","type":"product","link":"https:\/\/food-shop.org\/?product=knorr-natuerlich-lecker-puten-paprika-geschnetzeltes-3-portionen-12er-pack","title":{"rendered":"Knorr Nat\u00fcrlich Lecker Puten Paprika Geschnetzeltes, 3 Portionen, 12er Pack"},"content":{"rendered":"<p><!-- show up to 2 reviews by default --> <\/p>\n<h3>Produktbeschreibung<\/h3>\n<p>Knorr Puten-Paprika Geschnetzeltes bringt die ganze Familie an den Tisch! Das pikante Geschnetzelte schmeckt dank 100% nat\u00fcrlicher Zutaten so richtig gut! Knorr Nat\u00fcrlich lecker! ist die erste W\u00fcrzbasis aus hundert Prozent nat\u00fcrlichen Zutaten, wie Sie sie aus Ihrem W\u00fcrzschr\u00e4nkchen kennen und selbst beim Kochen verwenden. F\u00fcr Knorr Nat\u00fcrlich Lecker! Produkte werden die Zutaten schonend getrocknet. Konservierungsstoffe sind nicht notwendig. Auch verzichtet Knorr auf k\u00fcnstliche Zusatzstoffe wie Aromen, Maltodextrin oder Hefeextrakt. Schnell und sicher gelingen mit Nat\u00fcrlich lecker! Ihre Lieblingsgerichte! Kennen Sie schon die vielen weiteren Produkte von Knorr? Dank unserer Fix-Produkte, Br\u00fchen, Saucen, Fertiggerichten, Suppen und Salatdressings gelingt jedes Gericht garantiert mit wenigen Handgriffen. Schnell und einfach erhalten so authentische Mahlzeiten ihren typischen Geschmack \u2013 egal, ob herzhafte Fleischgerichte oder leckere Gem\u00fcsevariationen. Dabei ist es die Komposition ausgew\u00e4hlter hochwertiger Zutaten, die jedes Knorr Produkt besonders macht. Knorr verarbeitet nur sorgf\u00e4ltig schonend getrocknete Zutaten, denn das Trocknen ist eine der \u00e4ltesten Methoden, um Lebensmittel nat\u00fcrlich haltbar zu machen. Da der Geschmack und die N\u00e4hrstoffe der frischen Zutaten weitgehend erhalten bleiben, passen Lebensmittel aus getrockneten Zutaten perfekt in unseren stressigen Alltag. Essen mit Knorr ist unkompliziert und sorgt dar\u00fcber hinaus f\u00fcr ein gutes Gef\u00fchl: \u00dcber 90 Prozent der Zutaten kommen heute schon aus nachhaltigem Anbau. Denn wir bei Knorr glauben, dass die Verwendung nachhaltig angebauter und beschaffter Zutaten einen gro\u00dfen Unterschied f\u00fcr den Geschmack unserer Produkte, das Wohlbefinden der Landwirte und die Zukunft des Planeten macht. Knorr \u2013 Geschmack mit gutem Gef\u00fchl. <\/p>\n<h3>Inhaltsstoffe \/ Zutaten<\/h3>\n<p>Zutaten: 20% Zwiebeln\u00b2, WEIZENMEHL, 15% Tomaten\u00b2 (Pulver, St\u00fccke), 12% Paprika\u00b2, Meersalz, Kartoffelst\u00e4rke, Zucker, pflanzliche \u00d6le (Mais, Sonnenblumen), roter Gem\u00fcsepaprika\u00b2, Knoblauch\u00b2, Kr\u00e4uter (Thymian\u00b2, Rosmarin\u00b2, Lorbeerbl\u00e4tter), K\u00fcmmel, Zitronensaftpulver, Pfeffer, Cayennepfeffer, Muskatnuss, Piment. \u00b2 aus nachhaltigem Anbau. Kann Spuren von Milch, Ei, Soja, Sellerie und Senf enthalten. <\/p>\n<div data-a-expander-name=\"toggle_description\" class=\"a-row a-expander-container a-expander-extend-container\">\n<div class=\"a-expander-content a-expander-extend-content\">\n<h3>Gebrauchsanweisung<\/h3>\n<p>Zubereitung f\u00fcr: 450 g Putenbrust, 2 rote Paprika (350 g), 100 g Lauchzwiebeln und 150 ml Kochcreme mit pflanzlichen Fetten (15% Fett). 1) Gem\u00fcse putzen, Lauchzwiebeln in Ringe, Paprika und Putenbrust in Streifen schneiden. 2) Putenbrust in einer Pfanne in 2 EL hei\u00dfem \u00d6l goldbraun anbraten. Herausnehmen und warm stellen. Paprikastreifen in die Pfanne geben und 5 Minuten and\u00fcnsten. 3) Lauchzwiebeln, 250 ml Wasser und Kochcreme zugeben, Beutelinhalt einr\u00fchren, aufkochen und 5 Minuten k\u00f6cheln lassen. Fleisch zugeben und 2 Minuten hei\u00df werden lassen. Wir empfehlen dazu eine Ofenkartoffel oder Wildreis. <\/p>\n<h3>Warnhinweise<\/h3>\n<p>Nein <\/p>\n<h3>Anschrift Hersteller\/Importeur<\/h3>\n<p>Postfach 570 237, 22771 Hamburg <\/p>\n<\/p><\/div>\n<p> <a href=\"void(0)\" data-action=\"a-expander-toggle\" class=\"a-expander-header a-declarative a-expander-extend-header\" data-a-expander-toggle=\"{\"><i class=\"a-icon a-icon-extender-expand\"><\/i><span class=\"a-expander-prompt\">Weitere Informationen<\/span><\/a> <\/div>\n<p>mit 100% nat\u00fcrlichen Zutaten<br \/>\nEinfach und schnell Nat\u00fcrlich Lecker! kochen<br \/>\neine raffiniert abgeschmeckte W\u00fcrzmischung f\u00fcr Puten-Paprika Geschnetzeltes<br \/>\nauch f\u00fcr vegetarische und vegane Gerichte geeignet<br \/>\nohne Aromen, Hefeextrakt und Geschmacksverst\u00e4rker wie Glutamat<br \/>\n<div class=\"main-cross-sell\" data-asin=\"B07KD68X2Z\">\n\n\t<div class=\"WooZone-cross-sell-loader\">\n\t\t<div>\n\t\t\t<div id=\"floatingBarsG\">\n\t\t\t\t<div class=\"blockG\" id=\"rotateG_01\"><\/div>\n\t\t\t\t<div class=\"blockG\" id=\"rotateG_02\"><\/div>\n\t\t\t\t<div class=\"blockG\" id=\"rotateG_03\"><\/div>\n\t\t\t\t<div class=\"blockG\" id=\"rotateG_04\"><\/div>\n\t\t\t\t<div class=\"blockG\" id=\"rotateG_05\"><\/div>\n\t\t\t\t<div class=\"blockG\" id=\"rotateG_06\"><\/div>\n\t\t\t\t<div class=\"blockG\" id=\"rotateG_07\"><\/div>\n\t\t\t\t<div class=\"blockG\" id=\"rotateG_08\"><\/div>\n\t\t\t<\/div>\n\t\t\t<div class=\"WooZone-cross-sell-loader-text\"><\/div>\n\t\t<\/div>\n\t<\/div>\n\n\t\t\n<\/div>\n<div style=\"clear:both;\"><\/div>\n","protected":false},"excerpt":{"rendered":"mit 100% nat\u00fcrlichen Zutaten\nEinfach und schnell Nat\u00fcrlich Lecker! kochen\neine raffiniert abgeschmeckte W\u00fcrzmischung f\u00fcr Puten-Paprika Geschnetzeltes","protected":false},"featured_media":10031,"comment_status":"open","ping_status":"closed","template":"","meta":[],"product_cat":[60,57],"product_tag":[],"_links":{"self":[{"href":"https:\/\/food-shop.org\/index.php?rest_route=\/wp\/v2\/product\/10030"}],"collection":[{"href":"https:\/\/food-shop.org\/index.php?rest_route=\/wp\/v2\/product"}],"about":[{"href":"https:\/\/food-shop.org\/index.php?rest_route=\/wp\/v2\/types\/product"}],"replies":[{"embeddable":true,"href":"https:\/\/food-shop.org\/index.php?rest_route=%2Fwp%2Fv2%2Fcomments&post=10030"}],"wp:featuredmedia":[{"embeddable":true,"href":"https:\/\/food-shop.org\/index.php?rest_route=\/wp\/v2\/media\/10031"}],"wp:attachment":[{"href":"https:\/\/food-shop.org\/index.php?rest_route=%2Fwp%2Fv2%2Fmedia&parent=10030"}],"wp:term":[{"taxonomy":"product_cat","embeddable":true,"href":"https:\/\/food-shop.org\/index.php?rest_route=%2Fwp%2Fv2%2Fproduct_cat&post=10030"},{"taxonomy":"product_tag","embeddable":true,"href":"https:\/\/food-shop.org\/index.php?rest_route=%2Fwp%2Fv2%2Fproduct_tag&post=10030"}],"curies":[{"name":"wp","href":"https:\/\/api.w.org\/{rel}","templated":true}]}}