{"id":10021,"date":"2020-09-01T11:17:03","date_gmt":"2020-09-01T11:17:03","guid":{"rendered":"https:\/\/food-shop.org\/?product=schuhbeck-schuhbecks-favoriten-salze-1er-pack-1-x-105-g"},"modified":"2023-04-08T17:09:20","modified_gmt":"2023-04-08T17:09:20","slug":"schuhbeck-schuhbecks-favoriten-salze-1er-pack-1-x-105-g","status":"publish","type":"product","link":"https:\/\/food-shop.org\/?product=schuhbeck-schuhbecks-favoriten-salze-1er-pack-1-x-105-g","title":{"rendered":"Schuhbeck Schuhbecks Favoriten Salze, 1er Pack (1 x 105 g)"},"content":{"rendered":"<p><!-- show up to 2 reviews by default --> <\/p>\n<h3>Produktbeschreibungen<\/h3>\n<p>Zum Ausprobieren oder Verschenken gibt es die beliebtesten Schuhbecks Salze nun auch in attraktiven 3er-Mini-Sets! <\/p>\n<h3>Inhaltsstoffe \/ Zutaten<\/h3>\n<\/p>\n<ul>\n<li>Gr\u00fcnes Olivensalz: Zutaten: Meersalz, Olivenzubereitung 15 % (Oliven, Salz, S\u00e4uerungsmittel Milchs\u00e4ure).<\/li>\n<li>Scampi-Gew\u00fcrzsalz: Zutaten: Meersalz, Curcuma, Paprika edels\u00fc\u00df, SENFK\u00d6RNER GEMAHLEN, Knoblauch, Kreuzk\u00fcmmel, Chili, Cardamom, Ingwer, Zwiebeln.<\/li>\n<li>Chilisalz: Zutaten: Meersalz, Chili.<\/li>\n<\/ul>\n<div data-a-expander-name=\"toggle_description\" class=\"a-row a-expander-container a-expander-extend-container\">\n<div class=\"a-expander-content a-expander-extend-content\">\n<h3>Anschrift Hersteller\/Importeur<\/h3>\n<\/p>\n<ul>\n<li>Gr\u00fcnes Olivensalz: Am Platzl 4a, 80331 M\u00fcnchen<\/li>\n<li>Scampi-Gew\u00fcrzsalz: Am Platzl 4a, 80331 M\u00fcnchen<\/li>\n<li>Chilisalz: Am Platzl 4a, 80331 M\u00fcnchen<\/li>\n<\/ul>\n<\/p><\/div>\n<p> <a href=\"void(0)\" data-action=\"a-expander-toggle\" class=\"a-expander-header a-declarative a-expander-extend-header\" data-a-expander-toggle=\"{\"><i class=\"a-icon a-icon-extender-expand\"><\/i><span class=\"a-expander-prompt\">Weitere Informationen<\/span><\/a> <\/div>\n<p>Die beliebtesten Schuhbecks Salze nun im 3er-Mini-Set erh\u00e4ltlich<br \/>\nInhalt des Sets: 1. Chilisalz mild (Glas \/ 35g) 2. Karibisches Scampi- und Fischsalz (Glas \/ 30g) 3. Gr\u00fcnes Olivensalz (Glas \/ 40g)<br \/>\nTolles Set zum Probieren und Verschenken<br \/>\nAbf\u00fcllgewicht: 100 g<br \/>\n<div class=\"main-cross-sell\" data-asin=\"B008L036RA\">\n\n\t<div class=\"WooZone-cross-sell-loader\">\n\t\t<div>\n\t\t\t<div id=\"floatingBarsG\">\n\t\t\t\t<div class=\"blockG\" id=\"rotateG_01\"><\/div>\n\t\t\t\t<div class=\"blockG\" id=\"rotateG_02\"><\/div>\n\t\t\t\t<div class=\"blockG\" id=\"rotateG_03\"><\/div>\n\t\t\t\t<div class=\"blockG\" id=\"rotateG_04\"><\/div>\n\t\t\t\t<div class=\"blockG\" id=\"rotateG_05\"><\/div>\n\t\t\t\t<div class=\"blockG\" id=\"rotateG_06\"><\/div>\n\t\t\t\t<div class=\"blockG\" id=\"rotateG_07\"><\/div>\n\t\t\t\t<div class=\"blockG\" id=\"rotateG_08\"><\/div>\n\t\t\t<\/div>\n\t\t\t<div class=\"WooZone-cross-sell-loader-text\"><\/div>\n\t\t<\/div>\n\t<\/div>\n\n\t\t\n<\/div>\n<div style=\"clear:both;\"><\/div>\n","protected":false},"excerpt":{"rendered":"Die beliebtesten Schuhbecks Salze nun im 3er-Mini-Set erh\u00e4ltlich\nInhalt des Sets: 1. Chilisalz mild (Glas \/ 35g) 2. Karibisches Scampi- und Fischsalz (Glas \/ 30g) 3. Gr\u00fcnes Olivensalz (Glas \/ 40g)\nTolles Set zum Probieren und Verschenken","protected":false},"featured_media":10022,"comment_status":"open","ping_status":"closed","template":"","meta":[],"product_cat":[57,66],"product_tag":[],"_links":{"self":[{"href":"https:\/\/food-shop.org\/index.php?rest_route=\/wp\/v2\/product\/10021"}],"collection":[{"href":"https:\/\/food-shop.org\/index.php?rest_route=\/wp\/v2\/product"}],"about":[{"href":"https:\/\/food-shop.org\/index.php?rest_route=\/wp\/v2\/types\/product"}],"replies":[{"embeddable":true,"href":"https:\/\/food-shop.org\/index.php?rest_route=%2Fwp%2Fv2%2Fcomments&post=10021"}],"wp:featuredmedia":[{"embeddable":true,"href":"https:\/\/food-shop.org\/index.php?rest_route=\/wp\/v2\/media\/10022"}],"wp:attachment":[{"href":"https:\/\/food-shop.org\/index.php?rest_route=%2Fwp%2Fv2%2Fmedia&parent=10021"}],"wp:term":[{"taxonomy":"product_cat","embeddable":true,"href":"https:\/\/food-shop.org\/index.php?rest_route=%2Fwp%2Fv2%2Fproduct_cat&post=10021"},{"taxonomy":"product_tag","embeddable":true,"href":"https:\/\/food-shop.org\/index.php?rest_route=%2Fwp%2Fv2%2Fproduct_tag&post=10021"}],"curies":[{"name":"wp","href":"https:\/\/api.w.org\/{rel}","templated":true}]}}