{"id":10017,"date":"2020-09-01T11:17:00","date_gmt":"2020-09-01T11:17:00","guid":{"rendered":"https:\/\/food-shop.org\/?product=ankerkraut-gewuerze-set-mit-12-gewuerzen-best-of-ankerkraut-1"},"modified":"2023-04-08T17:09:20","modified_gmt":"2023-04-08T17:09:20","slug":"ankerkraut-gewuerze-set-mit-12-gewuerzen-best-of-ankerkraut-1","status":"publish","type":"product","link":"https:\/\/food-shop.org\/?product=ankerkraut-gewuerze-set-mit-12-gewuerzen-best-of-ankerkraut-1","title":{"rendered":"Ankerkraut Gew\u00fcrze Set mit 12 Gew\u00fcrzen: Best of Ankerkraut 1, leckere Zutaten f\u00fcr vielf\u00e4ltigen Geschmack in der K\u00fcche\u2026"},"content":{"rendered":"<p>&#8222;Best of&#8220; Gew\u00fcrzset mit unseren meist verkauften Gew\u00fcrzen<br \/>\nEnthalten sind 12 Korkengl\u00e4ser: &#8222;Curry englisch&#8220;, &#8222;Pfeffer Symphonie&#8220;, &#8222;Kr\u00e4utersalz&#8220;, &#8222;Italienische Kr\u00e4uter&#8220;, &#8222;Meersalz fein&#8220;, &#8222;Brath\u00e4hnchen Gew\u00fcrz&#8220;, &#8222;Aglio e Olio&#8220;, &#8222;Patatas Bravas&#8220;, &#8222;Paprika ger\u00e4uchert&#8220;, &#8222;Bulettengew\u00fcrz&#8220;, &#8222;Kr\u00e4uterbutter Gew\u00fcrz&#8220;, &#8222;Pommes Frites Salz&#8220;<br \/>\nGew\u00fcrzset kommt in 2 wei\u00dfen Kartons mit Logo, die man auch gut verschenken kann<br \/>\nDer Einzelpreis dieser 12 Gew\u00fcrze aus unserem Set betr\u00e4gt \u00fcber 60 Euro!<br \/>\nGew\u00fcrze ohne Geschmacksverst\u00e4rker, Farbstoffe oder Rieselhilfen<br \/>\n<div class=\"main-cross-sell\" data-asin=\"B00ENGEWEC\">\n\n\t<div class=\"WooZone-cross-sell-loader\">\n\t\t<div>\n\t\t\t<div id=\"floatingBarsG\">\n\t\t\t\t<div class=\"blockG\" id=\"rotateG_01\"><\/div>\n\t\t\t\t<div class=\"blockG\" id=\"rotateG_02\"><\/div>\n\t\t\t\t<div class=\"blockG\" id=\"rotateG_03\"><\/div>\n\t\t\t\t<div class=\"blockG\" id=\"rotateG_04\"><\/div>\n\t\t\t\t<div class=\"blockG\" id=\"rotateG_05\"><\/div>\n\t\t\t\t<div class=\"blockG\" id=\"rotateG_06\"><\/div>\n\t\t\t\t<div class=\"blockG\" id=\"rotateG_07\"><\/div>\n\t\t\t\t<div class=\"blockG\" id=\"rotateG_08\"><\/div>\n\t\t\t<\/div>\n\t\t\t<div class=\"WooZone-cross-sell-loader-text\"><\/div>\n\t\t<\/div>\n\t<\/div>\n\n\t\t\n<\/div>\n<div style=\"clear:both;\"><\/div>\n","protected":false},"excerpt":{"rendered":"\"Best of\" Gew\u00fcrzset mit unseren meist verkauften Gew\u00fcrzen\nEnthalten sind 12 Korkengl\u00e4ser: \"Curry englisch\", \"Pfeffer Symphonie\", \"Kr\u00e4utersalz\", \"Italienische Kr\u00e4uter\", \"Meersalz fein\", \"Brath\u00e4hnchen Gew\u00fcrz\", \"Aglio e Olio\", \"Patatas Bravas\", \"Paprika ger\u00e4uchert\", \"Bulettengew\u00fcrz\", \"Kr\u00e4uterbutter Gew\u00fcrz\", \"Pommes Frites Salz\"\nGew\u00fcrzset kommt in 2 wei\u00dfen Kartons mit Logo, die man auch gut verschenken kann","protected":false},"featured_media":10018,"comment_status":"open","ping_status":"closed","template":"","meta":[],"product_cat":[57,66],"product_tag":[],"_links":{"self":[{"href":"https:\/\/food-shop.org\/index.php?rest_route=\/wp\/v2\/product\/10017"}],"collection":[{"href":"https:\/\/food-shop.org\/index.php?rest_route=\/wp\/v2\/product"}],"about":[{"href":"https:\/\/food-shop.org\/index.php?rest_route=\/wp\/v2\/types\/product"}],"replies":[{"embeddable":true,"href":"https:\/\/food-shop.org\/index.php?rest_route=%2Fwp%2Fv2%2Fcomments&post=10017"}],"wp:featuredmedia":[{"embeddable":true,"href":"https:\/\/food-shop.org\/index.php?rest_route=\/wp\/v2\/media\/10018"}],"wp:attachment":[{"href":"https:\/\/food-shop.org\/index.php?rest_route=%2Fwp%2Fv2%2Fmedia&parent=10017"}],"wp:term":[{"taxonomy":"product_cat","embeddable":true,"href":"https:\/\/food-shop.org\/index.php?rest_route=%2Fwp%2Fv2%2Fproduct_cat&post=10017"},{"taxonomy":"product_tag","embeddable":true,"href":"https:\/\/food-shop.org\/index.php?rest_route=%2Fwp%2Fv2%2Fproduct_tag&post=10017"}],"curies":[{"name":"wp","href":"https:\/\/api.w.org\/{rel}","templated":true}]}}